{"id":25524,"date":"2025-12-09T09:50:13","date_gmt":"2025-12-09T08:50:13","guid":{"rendered":"https:\/\/itwgse.com.bluebird.pw\/geschichte-der-marke-trilectron\/"},"modified":"2025-12-09T09:52:17","modified_gmt":"2025-12-09T08:52:17","slug":"geschichte-der-marke-trilectron","status":"publish","type":"page","link":"https:\/\/itwgse.com.bluebird.pw\/de\/geschichte-der-marke-trilectron\/","title":{"rendered":"Geschichte der Marke Trilectron"},"content":{"rendered":"<div id=\"pl-25524\"  class=\"panel-layout\" ><div id=\"pg-25524-0\"  class=\"panel-grid panel-no-style\" ><div id=\"pgc-25524-0-0\"  class=\"panel-grid-cell\" ><div id=\"panel-25524-0-0-0\" class=\"so-panel widget widget_mtt-cover-section panel-first-child\" data-index=\"0\" ><div\n\t\t\t\n\t\t\tclass=\"so-widget-mtt-cover-section so-widget-mtt-cover-section-base\"\n\t\t\t\n\t\t>\n<div class=\"mtt-cover-section-wrap compact\">\n\t<div class=\"mtt-cover-curve\">\n\t\t<img decoding=\"async\"  src=\"https:\/\/itwgse.com.bluebird.pw\/wp-content\/themes\/itwgse\/assets\/img\/cover\/itwgse_cut.svg\">\t<\/div>\n    <div class=\"mtt-cover-compact-background object-fit overlay\">\n                            <div class=\"mtt-cover-compact-image object-fit contain\">\n                <img decoding=\"async\"\n                    src=\"https:\/\/itwgse.com.bluebird.pw\/wp-content\/uploads\/2023\/07\/tri_DAC_320.png\"\n                    data-skip-lazy\n                    alt=\"\"\n                >\n            <\/div>\n                    <\/div>\n    <div class=\"mtt-cover-compact-container\">\n        <div class=\"mtt-cover-section-text\">\n            <h1>Trilectron PCAs<\/h1>\n                                <div class=\"text\"><p>de - Trilectron stellt seit 1972 GSE her.<\/p>\n<p>de - Heute ist Trilectron eine Legacy-Marke von ITW GSE.<\/p>\n<\/div>\n                            <\/div>\n    <\/div>\n<\/div>\n<\/div><\/div><div id=\"panel-25524-0-0-1\" class=\"so-panel widget widget_mtt-text-image\" data-index=\"1\" ><div\n\t\t\t\n\t\t\tclass=\"so-widget-mtt-text-image so-widget-mtt-text-image-base\"\n\t\t\t\n\t\t>\n<div class=\"mtt-text-image-wrap\">\n        <!-- Content -->\n    <div class=\"mtt-text-image-container\">\n        <div class=\"mtt-text-image-col\">\n            <div class=\"mtt-text-image-content formatted_content\">\n                <div class=\"tagline\">Marke Legacy<\/div>                <h2>Geschichte \u00fcber Trilectron<\/h2>\n                <p>Trilectron stellte eine breite Palette von hochwertigen Bodenger\u00e4ten f\u00fcr Gesch\u00e4ftsflugzeuge und Turboprop-Flugzeuge f\u00fcr regionale und kommerzielle Fluggesellschaften her.<\/p>\n<p>Trilectron stellt seit 1972 Bodenunterst\u00fctzungsger\u00e4te her. Die AIR-A-PLANE Corporation wurde am 8. Februar 2000 von Trilectron \u00fcbernommen. AIR-A-PLANE stellt seit 1946 Klimager\u00e4te her.<\/p>\n<p>Die Trilectron-Ger\u00e4te wurden unter strengen Qualit\u00e4tskontrollstandards f\u00fcr maximale Zuverl\u00e4ssigkeit und Leistung hergestellt. Es w\u00fcrde den anspruchsvollsten Anforderungen von Flugzeugen unter verschiedenen atmosph\u00e4rischen Bedingungen standhalten und eine zuverl\u00e4ssige Leistung liefern.<\/p>\n<p>Sehen Sie sich eine alte Trilectron-Brosch\u00fcre an:<\/p>\n\n                                    <div class=\"button-wrap\">\n                                                    <a href=\"https:\/\/itwgse.com.bluebird.pw\/wp-content\/uploads\/2023\/07\/Trilectron_DAC120_web.pdf\" class=\"button\">\n                                Legacy Trilectron Brosch\u00fcre                            <\/a>\n                                            <\/div>\n                            <\/div>\n        <\/div>\n                    <div class=\"mtt-text-image-col img\">\n                <div class=\"mtt-text-image-content\">\n                    <img decoding=\"async\" width=\"600\" height=\"449\" src=\"https:\/\/itwgse.com.bluebird.pw\/wp-content\/uploads\/2023\/07\/Trilectron-Thailand-Bangkok-Airways.jpg\" class=\"attachment-full size-full\" alt=\"trilectron\" srcset=\"https:\/\/itwgse.com.bluebird.pw\/wp-content\/uploads\/2023\/07\/Trilectron-Thailand-Bangkok-Airways.jpg 600w, https:\/\/itwgse.com.bluebird.pw\/wp-content\/uploads\/2023\/07\/Trilectron-Thailand-Bangkok-Airways-300x225.jpg 300w\" sizes=\"(max-width: 600px) 100vw, 600px\" \/>                \n                    \n                    \n                <\/div>\n            <\/div>\n            <\/div>\n<\/div>\n\n<script>\nfunction sendEvent(action, element) {\n    var videoTitle = jQuery(element).data('title');  \n\n    if (dataLayer && videoTitle) {\n        dataLayer.push({\n            'event': 'video',\n            'eventCategory': 'Video',\n            'eventAction': action,\n            'eventLabel': videoTitle\n        });\n    }\n    else if (ga && videoTitle) {\n        ga('send', 'event', 'Video', action, videoTitle);\n    }  \n}\n<\/script>\n<\/div><\/div><div id=\"panel-25524-0-0-2\" class=\"so-panel widget widget_mtt-two-col-text\" data-index=\"2\" ><div\n\t\t\t\n\t\t\tclass=\"so-widget-mtt-two-col-text so-widget-mtt-two-col-text-base\"\n\t\t\t\n\t\t>\n<div class=\"mtt-two-col-wrapper no-top-padding\">\n    <div class=\"mtt-two-col-container\">\n        <div class=\"mtt-two-col-content\">\n                        <div class=\"text-section\">\n                <div class=\"col formatted_content\"><p><img decoding=\"async\" class=\"alignnone wp-image-16521 size-full\" src=\"https:\/\/itwgse.com.bluebird.pw\/wp-content\/uploads\/2021\/02\/Airstart-unit.jpg\" alt=\"Trilektron-Luftstartger\u00e4t\" width=\"715\" height=\"498\" srcset=\"https:\/\/itwgse.com.bluebird.pw\/wp-content\/uploads\/2021\/02\/Airstart-unit.jpg 715w, https:\/\/itwgse.com.bluebird.pw\/wp-content\/uploads\/2021\/02\/Airstart-unit-300x209.jpg 300w\" sizes=\"(max-width: 715px) 100vw, 715px\" \/><\/p>\n<\/div>\n                <div class=\"col formatted_content\"><p><img decoding=\"async\" class=\"aligncenter wp-image-23883 size-large\" src=\"https:\/\/itwgse.com.bluebird.pw\/wp-content\/uploads\/2023\/07\/Trilectron-Virgin-Australia-RJ150-1024x768.jpg\" alt=\"Trilektron\" width=\"1024\" height=\"768\" srcset=\"https:\/\/itwgse.com.bluebird.pw\/wp-content\/uploads\/2023\/07\/Trilectron-Virgin-Australia-RJ150-1024x768.jpg 1024w, https:\/\/itwgse.com.bluebird.pw\/wp-content\/uploads\/2023\/07\/Trilectron-Virgin-Australia-RJ150-300x225.jpg 300w, https:\/\/itwgse.com.bluebird.pw\/wp-content\/uploads\/2023\/07\/Trilectron-Virgin-Australia-RJ150.jpg 2048w\" sizes=\"(max-width: 1024px) 100vw, 1024px\" \/><\/p>\n                                    <\/div>\n            <\/div>\n                    <\/div>\n    <\/div>\n<\/div><\/div><\/div><div id=\"panel-25524-0-0-3\" class=\"so-panel widget widget_mtt-customer-support panel-last-child\" data-index=\"3\" ><div\n\t\t\t\n\t\t\tclass=\"so-widget-mtt-customer-support so-widget-mtt-customer-support-base\"\n\t\t\t\n\t\t><\/div><\/div><\/div><\/div><\/div>","protected":false},"excerpt":{"rendered":"<p>Trilectron PCAs de &#8211; Trilectron stellt seit 1972 GSE her. de &#8211; Heute ist Trilectron eine Legacy-Marke von ITW GSE. Marke Legacy Geschichte \u00fcber&#8230;<\/p>\n","protected":false},"author":11,"featured_media":0,"parent":0,"menu_order":7,"comment_status":"closed","ping_status":"closed","template":"","meta":{"_acf_changed":false,"_relevanssi_hide_post":"","_relevanssi_hide_content":"","_relevanssi_pin_for_all":"","_relevanssi_pin_keywords":"","_relevanssi_unpin_keywords":"","_relevanssi_related_keywords":"","_relevanssi_related_include_ids":"","_relevanssi_related_exclude_ids":"","_relevanssi_related_no_append":"","_relevanssi_related_not_related":"","_relevanssi_related_posts":"","_relevanssi_noindex_reason":"","footnotes":""},"class_list":["post-25524","page","type-page","status-publish","hentry"],"acf":[],"yoast_head":"<!-- This site is optimized with the Yoast SEO plugin v27.0 - https:\/\/yoast.com\/product\/yoast-seo-wordpress\/ -->\n<title>Geschichte der Marke Trilectron - ITW GSE<\/title>\n<meta name=\"description\" content=\"Trilectron ist eine alte Marke von ITW GSE.\" \/>\n<meta name=\"robots\" content=\"noindex, follow, max-snippet:-1, max-image-preview:large, max-video-preview:-1\" \/>\n<meta property=\"og:locale\" content=\"de_DE\" \/>\n<meta property=\"og:type\" content=\"article\" \/>\n<meta property=\"og:title\" content=\"Geschichte der Marke Trilectron - ITW GSE\" \/>\n<meta property=\"og:description\" content=\"Trilectron ist eine alte Marke von ITW GSE.\" \/>\n<meta property=\"og:url\" content=\"https:\/\/itwgse.com.bluebird.pw\/de\/geschichte-der-marke-trilectron\/\" \/>\n<meta property=\"og:site_name\" content=\"ITW GSE\" \/>\n<meta property=\"article:publisher\" content=\"https:\/\/www.facebook.com\/ITWGSE\/\" \/>\n<meta property=\"article:modified_time\" content=\"2025-12-09T08:52:17+00:00\" \/>\n<meta name=\"twitter:card\" content=\"summary_large_image\" \/>\n<script type=\"application\/ld+json\" class=\"yoast-schema-graph\">{\"@context\":\"https:\/\/schema.org\",\"@graph\":[{\"@type\":\"WebPage\",\"@id\":\"https:\/\/itwgse.com.bluebird.pw\/de\/geschichte-der-marke-trilectron\/\",\"url\":\"https:\/\/itwgse.com.bluebird.pw\/de\/geschichte-der-marke-trilectron\/\",\"name\":\"Geschichte der Marke Trilectron - ITW GSE\",\"isPartOf\":{\"@id\":\"https:\/\/itwgse.com.bluebird.pw\/#website\"},\"datePublished\":\"2025-12-09T08:50:13+00:00\",\"dateModified\":\"2025-12-09T08:52:17+00:00\",\"description\":\"Trilectron ist eine alte Marke von ITW GSE.\",\"breadcrumb\":{\"@id\":\"https:\/\/itwgse.com.bluebird.pw\/de\/geschichte-der-marke-trilectron\/#breadcrumb\"},\"inLanguage\":\"de\",\"potentialAction\":[{\"@type\":\"ReadAction\",\"target\":[\"https:\/\/itwgse.com.bluebird.pw\/de\/geschichte-der-marke-trilectron\/\"]}]},{\"@type\":\"BreadcrumbList\",\"@id\":\"https:\/\/itwgse.com.bluebird.pw\/de\/geschichte-der-marke-trilectron\/#breadcrumb\",\"itemListElement\":[{\"@type\":\"ListItem\",\"position\":1,\"name\":\"Home\",\"item\":\"https:\/\/itwgse.com.bluebird.pw\/de\/\"},{\"@type\":\"ListItem\",\"position\":2,\"name\":\"Geschichte der Marke Trilectron\"}]},{\"@type\":\"WebSite\",\"@id\":\"https:\/\/itwgse.com.bluebird.pw\/#website\",\"url\":\"https:\/\/itwgse.com.bluebird.pw\/\",\"name\":\"ITW GSE\",\"description\":\"It&#039;s all about connections\",\"publisher\":{\"@id\":\"https:\/\/itwgse.com.bluebird.pw\/#organization\"},\"potentialAction\":[{\"@type\":\"SearchAction\",\"target\":{\"@type\":\"EntryPoint\",\"urlTemplate\":\"https:\/\/itwgse.com.bluebird.pw\/?s={search_term_string}\"},\"query-input\":{\"@type\":\"PropertyValueSpecification\",\"valueRequired\":true,\"valueName\":\"search_term_string\"}}],\"inLanguage\":\"de\"},{\"@type\":\"Organization\",\"@id\":\"https:\/\/itwgse.com.bluebird.pw\/#organization\",\"name\":\"ITW GSE\",\"url\":\"https:\/\/itwgse.com.bluebird.pw\/\",\"logo\":{\"@type\":\"ImageObject\",\"inLanguage\":\"de\",\"@id\":\"https:\/\/itwgse.com.bluebird.pw\/#\/schema\/logo\/image\/\",\"url\":\"https:\/\/itwgse.com.bluebird.pw\/wp-content\/uploads\/2018\/11\/logo.png\",\"contentUrl\":\"https:\/\/itwgse.com.bluebird.pw\/wp-content\/uploads\/2018\/11\/logo.png\",\"width\":302,\"height\":237,\"caption\":\"ITW GSE\"},\"image\":{\"@id\":\"https:\/\/itwgse.com.bluebird.pw\/#\/schema\/logo\/image\/\"},\"sameAs\":[\"https:\/\/www.facebook.com\/ITWGSE\/\",\"https:\/\/www.linkedin.com\/company\/itw-gse\/\",\"https:\/\/www.youtube.com\/channel\/UCTUIMvyaOPfYIqzP8enZ8yw\"]}]}<\/script>\n<!-- \/ Yoast SEO plugin. -->","yoast_head_json":{"title":"Geschichte der Marke Trilectron - ITW GSE","description":"Trilectron ist eine alte Marke von ITW GSE.","robots":{"index":"noindex","follow":"follow","max-snippet":"max-snippet:-1","max-image-preview":"max-image-preview:large","max-video-preview":"max-video-preview:-1"},"og_locale":"de_DE","og_type":"article","og_title":"Geschichte der Marke Trilectron - ITW GSE","og_description":"Trilectron ist eine alte Marke von ITW GSE.","og_url":"https:\/\/itwgse.com.bluebird.pw\/de\/geschichte-der-marke-trilectron\/","og_site_name":"ITW GSE","article_publisher":"https:\/\/www.facebook.com\/ITWGSE\/","article_modified_time":"2025-12-09T08:52:17+00:00","twitter_card":"summary_large_image","schema":{"@context":"https:\/\/schema.org","@graph":[{"@type":"WebPage","@id":"https:\/\/itwgse.com.bluebird.pw\/de\/geschichte-der-marke-trilectron\/","url":"https:\/\/itwgse.com.bluebird.pw\/de\/geschichte-der-marke-trilectron\/","name":"Geschichte der Marke Trilectron - ITW GSE","isPartOf":{"@id":"https:\/\/itwgse.com.bluebird.pw\/#website"},"datePublished":"2025-12-09T08:50:13+00:00","dateModified":"2025-12-09T08:52:17+00:00","description":"Trilectron ist eine alte Marke von ITW GSE.","breadcrumb":{"@id":"https:\/\/itwgse.com.bluebird.pw\/de\/geschichte-der-marke-trilectron\/#breadcrumb"},"inLanguage":"de","potentialAction":[{"@type":"ReadAction","target":["https:\/\/itwgse.com.bluebird.pw\/de\/geschichte-der-marke-trilectron\/"]}]},{"@type":"BreadcrumbList","@id":"https:\/\/itwgse.com.bluebird.pw\/de\/geschichte-der-marke-trilectron\/#breadcrumb","itemListElement":[{"@type":"ListItem","position":1,"name":"Home","item":"https:\/\/itwgse.com.bluebird.pw\/de\/"},{"@type":"ListItem","position":2,"name":"Geschichte der Marke Trilectron"}]},{"@type":"WebSite","@id":"https:\/\/itwgse.com.bluebird.pw\/#website","url":"https:\/\/itwgse.com.bluebird.pw\/","name":"ITW GSE","description":"It&#039;s all about connections","publisher":{"@id":"https:\/\/itwgse.com.bluebird.pw\/#organization"},"potentialAction":[{"@type":"SearchAction","target":{"@type":"EntryPoint","urlTemplate":"https:\/\/itwgse.com.bluebird.pw\/?s={search_term_string}"},"query-input":{"@type":"PropertyValueSpecification","valueRequired":true,"valueName":"search_term_string"}}],"inLanguage":"de"},{"@type":"Organization","@id":"https:\/\/itwgse.com.bluebird.pw\/#organization","name":"ITW GSE","url":"https:\/\/itwgse.com.bluebird.pw\/","logo":{"@type":"ImageObject","inLanguage":"de","@id":"https:\/\/itwgse.com.bluebird.pw\/#\/schema\/logo\/image\/","url":"https:\/\/itwgse.com.bluebird.pw\/wp-content\/uploads\/2018\/11\/logo.png","contentUrl":"https:\/\/itwgse.com.bluebird.pw\/wp-content\/uploads\/2018\/11\/logo.png","width":302,"height":237,"caption":"ITW GSE"},"image":{"@id":"https:\/\/itwgse.com.bluebird.pw\/#\/schema\/logo\/image\/"},"sameAs":["https:\/\/www.facebook.com\/ITWGSE\/","https:\/\/www.linkedin.com\/company\/itw-gse\/","https:\/\/www.youtube.com\/channel\/UCTUIMvyaOPfYIqzP8enZ8yw"]}]}},"_links":{"self":[{"href":"https:\/\/itwgse.com.bluebird.pw\/de\/wp-json\/wp\/v2\/pages\/25524","targetHints":{"allow":["GET"]}}],"collection":[{"href":"https:\/\/itwgse.com.bluebird.pw\/de\/wp-json\/wp\/v2\/pages"}],"about":[{"href":"https:\/\/itwgse.com.bluebird.pw\/de\/wp-json\/wp\/v2\/types\/page"}],"author":[{"embeddable":true,"href":"https:\/\/itwgse.com.bluebird.pw\/de\/wp-json\/wp\/v2\/users\/11"}],"replies":[{"embeddable":true,"href":"https:\/\/itwgse.com.bluebird.pw\/de\/wp-json\/wp\/v2\/comments?post=25524"}],"version-history":[{"count":1,"href":"https:\/\/itwgse.com.bluebird.pw\/de\/wp-json\/wp\/v2\/pages\/25524\/revisions"}],"predecessor-version":[{"id":25525,"href":"https:\/\/itwgse.com.bluebird.pw\/de\/wp-json\/wp\/v2\/pages\/25524\/revisions\/25525"}],"wp:attachment":[{"href":"https:\/\/itwgse.com.bluebird.pw\/de\/wp-json\/wp\/v2\/media?parent=25524"}],"curies":[{"name":"wp","href":"https:\/\/api.w.org\/{rel}","templated":true}]}}