{"id":5508,"date":"2018-03-22T09:35:16","date_gmt":"2018-03-21T23:00:00","guid":{"rendered":"https:\/\/itwgse.com.bluebird.pw\/products\/unkategorisiert\/itw-gse-2400-cable-retriever\/"},"modified":"2023-05-26T09:48:19","modified_gmt":"2023-05-26T07:48:19","slug":"itw-gse-2400-kabelrolle","status":"publish","type":"product","link":"https:\/\/itwgse.com.bluebird.pw\/de\/produkte\/bodenstrom\/itw-gse-2400-kabelrolle\/","title":{"rendered":"ITW GSE 2400 Kabelrolle"},"content":{"rendered":"<div id=\"pl-5508\"  class=\"panel-layout\" ><div id=\"pg-5508-0\"  class=\"panel-grid panel-no-style\" ><div id=\"pgc-5508-0-0\"  class=\"panel-grid-cell\" ><div id=\"panel-5508-0-0-0\" class=\"so-panel widget widget_mtt-cover-section panel-first-child panel-last-child\" data-index=\"0\" ><div\n\t\t\t\n\t\t\tclass=\"so-widget-mtt-cover-section so-widget-mtt-cover-section-base\"\n\t\t\t\n\t\t>\n<div class=\"mtt-cover-section-wrap product\">\n    <div class=\"mtt-cover-product-container\">\n        <div class=\"mtt-cover-section-text-wrap\">\n            <img decoding=\"async\" width=\"1853\" height=\"2007\" src=\"https:\/\/itwgse.com.bluebird.pw\/wp-content\/uploads\/2018\/03\/2400-ACR.png\" class=\"cover-product\" alt=\"2400 ACR cable retriever\" srcset=\"https:\/\/itwgse.com.bluebird.pw\/wp-content\/uploads\/2018\/03\/2400-ACR.png 1853w, https:\/\/itwgse.com.bluebird.pw\/wp-content\/uploads\/2018\/03\/2400-ACR-277x300.png 277w, https:\/\/itwgse.com.bluebird.pw\/wp-content\/uploads\/2018\/03\/2400-ACR-945x1024.png 945w, https:\/\/itwgse.com.bluebird.pw\/wp-content\/uploads\/2018\/03\/2400-ACR-231x250.png 231w, https:\/\/itwgse.com.bluebird.pw\/wp-content\/uploads\/2018\/03\/2400-ACR-485x525.png 485w, https:\/\/itwgse.com.bluebird.pw\/wp-content\/uploads\/2018\/03\/2400-ACR-768x832.png 768w, https:\/\/itwgse.com.bluebird.pw\/wp-content\/uploads\/2018\/03\/2400-ACR-600x650.png 600w\" sizes=\"(max-width: 1853px) 100vw, 1853px\" \/>            <div class=\"mtt-cover-section-text\">\n                                  <div class=\"badge\">\n                      <img decoding=\"async\" src=\"https:\/\/itwgse.com.bluebird.pw\/wp-content\/uploads\/2022\/10\/EcoGate-product-symbol.png\" alt=\"ecogate enables sticker\"\/>\n                  <\/div>\n                                <span class=\"tagline\"><\/span>\n                <h1>ITW GSE 2400 Kabelrolle<\/h1>\n                <div class=\"text\"><p>Wenn Sie ein tolles Vorfeld, einen gepflegten Hangar oder einen gepflegten Flugraum haben, einschlie\u00dflich eines Schutzes des teuren 400-Hz-Flugzeugkabels, ist die ITW GSE 2400 Kabelrolle\u00a0 die optimale L\u00f6sung. Der Empf\u00e4nger wird standardm\u00e4\u00dfig mit einem 24 m (79 Fu\u00df) langen symmetrischen Kabel in einem St\u00fcck geliefert. Der Flugzeugstecker ist mit LEDs und Drucktasten f\u00fcr die Bedienung der Kabelrolle und des angeschlossenen 400-Hz-Umformers ausgestattet.<\/p>\n<p>Wenn die Kabelrolle an ein ITW GSE 400 Hz 90 kVA Umformer angeschlossen ist, erhalten Sie neben einem soliden und zuverl\u00e4ssigen Stromversorgungssystem auch die ITW GSEBedienerschnittstelle, die einfach und intuitiv zu bedienen ist. Flughafenpersonal, das bereits mit einem ITW GSE System vertraut ist, kann m\u00fchelos auf ein anderes umsteigen, da f\u00fcr alle Produkte dieselben Symbole und Anzeigen verwendet werden.<\/p>\n<\/div>\n                <input type=\"hidden\" name=\"product\" value=\"5508\">\n\n                    <div class=\"button-wrap\">\n                        <a class=\"button mtt-support-box modal\" data-flow=\"request-quotation\" data-template=\"request-form\"\n                           data-product_id=\"5508\" data-previous_no_pagination=\"true\">Request Product<\/a>\n\n                                            <\/div>\n\n            <\/div>\n        <\/div>\n    <\/div>\n    <div class=\"mtt-cover-product-background\" style=\"background-image: url(https:\/\/itwgse.com.bluebird.pw\/wp-content\/uploads\/2023\/02\/2400_cableretriever_2023ecogatepage.jpg)\">\n                    <div class=\"mtt-cover-product-badge\">\n                <img decoding=\"async\" src=\"https:\/\/itwgse.com.bluebird.pw\/wp-content\/uploads\/2022\/10\/EcoGate-product-symbol.png\" alt=\"ecogate enables sticker\"\/>\n            <\/div>\n                <div class=\"mtt-cover-product-background-image\">\n                            <img decoding=\"async\" src=\"https:\/\/itwgse.com.bluebird.pw\/wp-content\/uploads\/2023\/02\/2400_cableretriever_2023ecogatepage.jpg\" alt=\"2400 cable retriever to eco gate\" class=\"product-background\">\n                        <img decoding=\"async\"  src=\"https:\/\/itwgse.com.bluebird.pw\/wp-content\/themes\/itwgse\/assets\/img\/cover\/itwgse_cut_wide.svg\" class=\"itwgse-cut\">        <\/div>\n\n        <div class=\"mtt-cover-product\">\n                    <\/div>\n    <\/div>\n<\/div><\/div><\/div><\/div><\/div><div id=\"pg-5508-1\"  class=\"panel-grid panel-no-style\" ><div id=\"pgc-5508-1-0\"  class=\"panel-grid-cell\" ><div id=\"panel-5508-1-0-0\" class=\"so-panel widget widget_mtt-two-col-text panel-first-child\" data-index=\"1\" ><div\n\t\t\t\n\t\t\tclass=\"so-widget-mtt-two-col-text so-widget-mtt-two-col-text-base\"\n\t\t\t\n\t\t>\n<div class=\"mtt-two-col-wrapper\">\n    <div class=\"mtt-two-col-container\">\n        <div class=\"mtt-two-col-content\">\n                        <div class=\"text-section\">\n                <div class=\"col formatted_content\"><p>The aircraft plug is provided with leds and push buttons for operation of the retriever and the connected 400 Hz power unit.<\/p>\n<p>The cable retriever can be connected to any 400 Hz source . When connected to an ITW GSE 400 Hz 90 kVA Ground Power Unit you no only get a solid and reliable Ground Power System. You also get the benefit of the ITW GSE operator interface that is easy and intuitive to use.<br \/>\nAirport staff familiar with one ITW GSE product can easily switch to another as the icons and display are the same.<\/p>\n<\/div>\n                <div class=\"col formatted_content\"><p>The operator only has to press the combined start\/stop button. Also, he can monitor various parameters such as voltage and current at the display screen.<\/p>\n<p>The cable retriever works perfectly well with all sizes of bridges and all types of aircraft.<\/p>\n<p>Mounting options for free standing, boarding bridges and rafter mount in hangars.<\/p>\n<p>&nbsp;<\/p>\n                                    <\/div>\n            <\/div>\n                    <\/div>\n    <\/div>\n<\/div><\/div><\/div><div id=\"panel-5508-1-0-1\" class=\"so-panel widget widget_mtt-text-image panel-last-child\" data-index=\"2\" ><div\n\t\t\t\n\t\t\tclass=\"so-widget-mtt-text-image so-widget-mtt-text-image-base\"\n\t\t\t\n\t\t>\n<div class=\"mtt-text-image-wrap no-top-padding no-bottom-padding\">\n        <!-- Content -->\n    <div class=\"mtt-text-image-container\">\n        <div class=\"mtt-text-image-col\">\n            <div class=\"mtt-text-image-content formatted_content\">\n                                <h2>EcoGate-Komponente ITW GSE 2400 Automatic Cable Retriever<\/h2>\n                <p>Das Kabelr\u00fcckholsystem 2400 Automatic Cable Retriever (ACR) ist eine Komponente von EcoGate, dem ITW-GSE-eigenen hocheffizienten System von Bodenunterst\u00fctzungseinheiten, die clever zusammenarbeiten. Durch Verkn\u00fcpfen Ihrer ITW-GSE-Ger\u00e4te mit EcoGate erschlie\u00dfen Sie neue Effizienzpotenziale und beseitigen Sie kosteng\u00fcnstig energietechnische Hindernisse f\u00fcr die Abl\u00e4ufe am Gate.<\/p>\n<p>EcoGate r\u00e4umt dem Energiebedarf Ihrer GPU und Ihres ACRs h\u00f6chste Priorit\u00e4t gegen\u00fcber allen anderen Ger\u00e4ten ein. Falls es zu einem pl\u00f6tzlichen Verbrauchsanstieg der GPU\/des ACRs kommt, \u201eleiht\u201c EcoGate sich vor\u00fcbergehend Strom von Ihrem ITW GSE 3500 PCA, um den Bedarf der GPU zu decken. Dabei wird die Gesamtleistungskapazit\u00e4t des Gates zu keiner Zeit \u00fcberschritten.<\/p>\n\n                                    <div class=\"button-wrap\">\n                                                    <a href=\"https:\/\/itwgse.com.bluebird.pw\/ecogate\/\" class=\"button\">\n                                EcoGate                            <\/a>\n                                            <\/div>\n                            <\/div>\n        <\/div>\n                    <div class=\"mtt-text-image-col img center\">\n                <div class=\"mtt-text-image-content\">\n                    <img decoding=\"async\" width=\"2040\" height=\"1903\" src=\"https:\/\/itwgse.com.bluebird.pw\/wp-content\/uploads\/2022\/09\/Group-55-lup-TH-m-logo2.png\" class=\"attachment-full size-full\" alt=\"eco gate lup with logo\" srcset=\"https:\/\/itwgse.com.bluebird.pw\/wp-content\/uploads\/2022\/09\/Group-55-lup-TH-m-logo2.png 2040w, https:\/\/itwgse.com.bluebird.pw\/wp-content\/uploads\/2022\/09\/Group-55-lup-TH-m-logo2-300x280.png 300w, https:\/\/itwgse.com.bluebird.pw\/wp-content\/uploads\/2022\/09\/Group-55-lup-TH-m-logo2-1024x955.png 1024w\" sizes=\"(max-width: 2040px) 100vw, 2040px\" \/>                \n                    \n                    \n                <\/div>\n            <\/div>\n            <\/div>\n<\/div>\n\n<script>\nfunction sendEvent(action, element) {\n    var videoTitle = jQuery(element).data('title');  \n\n    if (dataLayer && videoTitle) {\n        dataLayer.push({\n            'event': 'video',\n            'eventCategory': 'Video',\n            'eventAction': action,\n            'eventLabel': videoTitle\n        });\n    }\n    else if (ga && videoTitle) {\n        ga('send', 'event', 'Video', action, videoTitle);\n    }  \n}\n<\/script>\n<\/div><\/div><\/div><\/div><div id=\"pg-5508-2\"  class=\"panel-grid panel-no-style\" ><div id=\"pgc-5508-2-0\"  class=\"panel-grid-cell\" ><div id=\"panel-5508-2-0-0\" class=\"so-panel widget widget_mtt-product-files panel-first-child panel-last-child\" data-index=\"3\" ><div\n\t\t\t\n\t\t\tclass=\"so-widget-mtt-product-files so-widget-mtt-product-files-base\"\n\t\t\t\n\t\t>    <div class=\"product-files-wrapper\">\n        <div class=\"page_container\">\n            <h2>Downloads for ITW GSE 2400 Kabelrolle<\/h2>\n            <div class=\"button-wrap\">\n                                                            <a\n                            class=\"button open-modal\"\n                            href=\"#\"\n                            data-id=\"c41f66ad-846d-4730-8b9a-91f51b0d320a\"\n                        >\n                            Data Sheets                        <\/a>\n                                                                                                        <a\n                            class=\"button mtt-support-box modal\"\n                            href=\"#\"\n                            data-flow=\"product-support\"\n                            data-template=\"product-files\"\n                            data-product_id=\"5508\"\n                            data-file_category=\"spareparts\"\n                            data-previous_no_pagination=\"true\"\n                        >\n                            Spare Parts Lists                        <\/a>\n                                                <\/div>\n        <\/div>\n    <\/div>\n    <\/div><\/div><\/div><\/div><div id=\"pg-5508-3\"  class=\"panel-grid panel-no-style\" ><div id=\"pgc-5508-3-0\"  class=\"panel-grid-cell\" ><div id=\"panel-5508-3-0-0\" class=\"so-panel widget widget_mtt-gallery panel-first-child panel-last-child\" data-index=\"4\" ><div\n\t\t\t\n\t\t\tclass=\"so-widget-mtt-gallery so-widget-mtt-gallery-base\"\n\t\t\t\n\t\t><div class=\"mtt-gallery-modal-wrap\">\n    <div class=\"mtt-gallery-modal\">\n        <div id=\"close-gallery-modal\"><\/div>\n        <div class=\"content\">\n            <img decoding=\"async\" src=\"\" alt=\"\" id=\"gallery-modal-img\">\n            <div class=\"mtt-gallery-modal-description\">\n                <div class=\"title\" id=\"gallery-modal-title\"><\/div>\n            <\/div>\n        <\/div>\n    <\/div>\n<\/div>\n<div class=\"mtt-gallery-wrap\">\n\t<div class=\"mtt-middle-wrap\">\n\t\t\t<div class=\"mtt-gallery-text-wrapper\">\n\t\t\t\t<div class=\"mtt-gallery-text\">\n\t\t\t\t\t<h2>Gehe zur Fotogalerie<\/h2>\n\n\t\t\t\t\t<p><\/p>\n\n                                            <a href=\"https:\/\/itwgse.com.bluebird.pw\/gallery\/itw-gse-2400-kabelrolle\/\" class=\"button\">\n                            Fotogalerie                        <\/a>\n                    \t\t\t\t<\/div>\n\t\t\t<\/div>\n\t\t<div class=\"mtt-gallery-container\" data-modlg=\"5\" data-modmed=\"4\" data-rowslg=\"1\" data-rowsmd=\"1\">\n\t\t\t<img decoding=\"async\"  src=\"https:\/\/itwgse.com.bluebird.pw\/wp-content\/themes\/itwgse\/assets\/img\/cover\/itwgse_cut.svg\">\t\t<\/div>\n\t<\/div>\n<\/div><\/div><\/div><\/div><\/div><\/div>","protected":false},"excerpt":{"rendered":"<p>Wenn Sie ein tolles Vorfeld, einen gepflegten Hangar oder einen gepflegten Flugraum haben, einschlie\u00dflich eines Schutzes des teuren 400-Hz-Flugzeugkabels, ist das Kabelr\u00fcckholsystem ITW GSE 2400 die optimale L\u00f6sung. Der Empf\u00e4nger wird standardm\u00e4\u00dfig mit einem 24 m (79 Fu\u00df) langen symmetrischen Kabel in einem Teil geliefert. Der Flugzeugstecker verf\u00fcgt f\u00fcr den Betrieb des Empf\u00e4ngers und der angeschlossenen 400-Hz-Stromversorgung \u00fcber LEDs und Drucktasten.<\/p>\n","protected":false},"featured_media":22602,"comment_status":"open","ping_status":"closed","template":"","meta":{"_acf_changed":false,"_relevanssi_hide_post":"","_relevanssi_hide_content":"","_relevanssi_pin_for_all":"","_relevanssi_pin_keywords":"","_relevanssi_unpin_keywords":"","_relevanssi_related_keywords":"","_relevanssi_related_include_ids":"","_relevanssi_related_exclude_ids":"","_relevanssi_related_no_append":"","_relevanssi_related_not_related":"","_relevanssi_related_posts":"","_relevanssi_noindex_reason":""},"product_brand":[],"product_cat":[2967,4464,4518,2968,4465],"product_tag":[],"class_list":{"0":"post-5508","1":"product","2":"type-product","3":"status-publish","4":"has-post-thumbnail","6":"product_cat-bodenstrom","7":"product_cat-brochure-catalog-de","8":"product_cat-ecogate","9":"product_cat-kabel","10":"product_cat-military-products-de","12":"first","13":"instock","14":"shipping-taxable","15":"purchasable","16":"product-type-simple"},"acf":[],"yoast_head":"<!-- This site is optimized with the Yoast SEO plugin v27.0 - https:\/\/yoast.com\/product\/yoast-seo-wordpress\/ -->\n<title>ITW GSE 2400 Kabelrolle - 24 m symmetrisches Kabel | ITW GSE<\/title>\n<meta name=\"description\" content=\"Der ITW GSE 2400 Kabelrolle kann an jede 400-Hz-Quelle angeschlossen werden und funktioniert perfekt mit Br\u00fccken aller Gr\u00f6\u00dfen und Flugzeugtypen.\" \/>\n<meta name=\"robots\" content=\"noindex, follow, max-snippet:-1, max-image-preview:large, max-video-preview:-1\" \/>\n<meta property=\"og:locale\" content=\"de_DE\" \/>\n<meta property=\"og:type\" content=\"article\" \/>\n<meta property=\"og:title\" content=\"ITW GSE 2400 Kabelrolle - 24 m symmetrisches Kabel | ITW GSE\" \/>\n<meta property=\"og:description\" content=\"Der ITW GSE 2400 Kabelrolle kann an jede 400-Hz-Quelle angeschlossen werden und funktioniert perfekt mit Br\u00fccken aller Gr\u00f6\u00dfen und Flugzeugtypen.\" \/>\n<meta property=\"og:url\" content=\"https:\/\/itwgse.com.bluebird.pw\/de\/produkte\/bodenstrom\/itw-gse-2400-kabelrolle\/\" \/>\n<meta property=\"og:site_name\" content=\"ITW GSE\" \/>\n<meta property=\"article:publisher\" content=\"https:\/\/www.facebook.com\/ITWGSE\/\" \/>\n<meta property=\"article:modified_time\" content=\"2023-05-26T07:48:19+00:00\" \/>\n<meta property=\"og:image\" content=\"https:\/\/itwgse.com.bluebird.pw\/wp-content\/uploads\/2018\/03\/2400-ACR.png\" \/>\n\t<meta property=\"og:image:width\" content=\"1853\" \/>\n\t<meta property=\"og:image:height\" content=\"2007\" \/>\n\t<meta property=\"og:image:type\" content=\"image\/png\" \/>\n<meta name=\"twitter:card\" content=\"summary_large_image\" \/>\n<script type=\"application\/ld+json\" class=\"yoast-schema-graph\">{\"@context\":\"https:\/\/schema.org\",\"@graph\":[{\"@type\":\"WebPage\",\"@id\":\"https:\/\/itwgse.com.bluebird.pw\/de\/produkte\/bodenstrom\/itw-gse-2400-kabelrolle\/\",\"url\":\"https:\/\/itwgse.com.bluebird.pw\/de\/produkte\/bodenstrom\/itw-gse-2400-kabelrolle\/\",\"name\":\"ITW GSE 2400 Kabelrolle - 24 m symmetrisches Kabel | ITW GSE\",\"isPartOf\":{\"@id\":\"https:\/\/itwgse.com.bluebird.pw\/#website\"},\"primaryImageOfPage\":{\"@id\":\"https:\/\/itwgse.com.bluebird.pw\/de\/produkte\/bodenstrom\/itw-gse-2400-kabelrolle\/#primaryimage\"},\"image\":{\"@id\":\"https:\/\/itwgse.com.bluebird.pw\/de\/produkte\/bodenstrom\/itw-gse-2400-kabelrolle\/#primaryimage\"},\"thumbnailUrl\":\"https:\/\/itwgse.com.bluebird.pw\/wp-content\/uploads\/2018\/03\/2400-ACR.png\",\"datePublished\":\"2018-03-21T23:00:00+00:00\",\"dateModified\":\"2023-05-26T07:48:19+00:00\",\"description\":\"Der ITW GSE 2400 Kabelrolle kann an jede 400-Hz-Quelle angeschlossen werden und funktioniert perfekt mit Br\u00fccken aller Gr\u00f6\u00dfen und Flugzeugtypen.\",\"breadcrumb\":{\"@id\":\"https:\/\/itwgse.com.bluebird.pw\/de\/produkte\/bodenstrom\/itw-gse-2400-kabelrolle\/#breadcrumb\"},\"inLanguage\":\"de\",\"potentialAction\":[{\"@type\":\"ReadAction\",\"target\":[\"https:\/\/itwgse.com.bluebird.pw\/de\/produkte\/bodenstrom\/itw-gse-2400-kabelrolle\/\"]}]},{\"@type\":\"ImageObject\",\"inLanguage\":\"de\",\"@id\":\"https:\/\/itwgse.com.bluebird.pw\/de\/produkte\/bodenstrom\/itw-gse-2400-kabelrolle\/#primaryimage\",\"url\":\"https:\/\/itwgse.com.bluebird.pw\/wp-content\/uploads\/2018\/03\/2400-ACR.png\",\"contentUrl\":\"https:\/\/itwgse.com.bluebird.pw\/wp-content\/uploads\/2018\/03\/2400-ACR.png\",\"width\":1853,\"height\":2007,\"caption\":\"2400 ACR cable retriever\"},{\"@type\":\"BreadcrumbList\",\"@id\":\"https:\/\/itwgse.com.bluebird.pw\/de\/produkte\/bodenstrom\/itw-gse-2400-kabelrolle\/#breadcrumb\",\"itemListElement\":[{\"@type\":\"ListItem\",\"position\":1,\"name\":\"Home\",\"item\":\"https:\/\/itwgse.com.bluebird.pw\/de\/\"},{\"@type\":\"ListItem\",\"position\":2,\"name\":\"ITW GSE 2400 Kabelrolle\"}]},{\"@type\":\"WebSite\",\"@id\":\"https:\/\/itwgse.com.bluebird.pw\/#website\",\"url\":\"https:\/\/itwgse.com.bluebird.pw\/\",\"name\":\"ITW GSE\",\"description\":\"It&#039;s all about connections\",\"publisher\":{\"@id\":\"https:\/\/itwgse.com.bluebird.pw\/#organization\"},\"potentialAction\":[{\"@type\":\"SearchAction\",\"target\":{\"@type\":\"EntryPoint\",\"urlTemplate\":\"https:\/\/itwgse.com.bluebird.pw\/?s={search_term_string}\"},\"query-input\":{\"@type\":\"PropertyValueSpecification\",\"valueRequired\":true,\"valueName\":\"search_term_string\"}}],\"inLanguage\":\"de\"},{\"@type\":\"Organization\",\"@id\":\"https:\/\/itwgse.com.bluebird.pw\/#organization\",\"name\":\"ITW GSE\",\"url\":\"https:\/\/itwgse.com.bluebird.pw\/\",\"logo\":{\"@type\":\"ImageObject\",\"inLanguage\":\"de\",\"@id\":\"https:\/\/itwgse.com.bluebird.pw\/#\/schema\/logo\/image\/\",\"url\":\"https:\/\/itwgse.com.bluebird.pw\/wp-content\/uploads\/2018\/11\/logo.png\",\"contentUrl\":\"https:\/\/itwgse.com.bluebird.pw\/wp-content\/uploads\/2018\/11\/logo.png\",\"width\":302,\"height\":237,\"caption\":\"ITW GSE\"},\"image\":{\"@id\":\"https:\/\/itwgse.com.bluebird.pw\/#\/schema\/logo\/image\/\"},\"sameAs\":[\"https:\/\/www.facebook.com\/ITWGSE\/\",\"https:\/\/www.linkedin.com\/company\/itw-gse\/\",\"https:\/\/www.youtube.com\/channel\/UCTUIMvyaOPfYIqzP8enZ8yw\"]}]}<\/script>\n<!-- \/ Yoast SEO plugin. -->","yoast_head_json":{"title":"ITW GSE 2400 Kabelrolle - 24 m symmetrisches Kabel | ITW GSE","description":"Der ITW GSE 2400 Kabelrolle kann an jede 400-Hz-Quelle angeschlossen werden und funktioniert perfekt mit Br\u00fccken aller Gr\u00f6\u00dfen und Flugzeugtypen.","robots":{"index":"noindex","follow":"follow","max-snippet":"max-snippet:-1","max-image-preview":"max-image-preview:large","max-video-preview":"max-video-preview:-1"},"og_locale":"de_DE","og_type":"article","og_title":"ITW GSE 2400 Kabelrolle - 24 m symmetrisches Kabel | ITW GSE","og_description":"Der ITW GSE 2400 Kabelrolle kann an jede 400-Hz-Quelle angeschlossen werden und funktioniert perfekt mit Br\u00fccken aller Gr\u00f6\u00dfen und Flugzeugtypen.","og_url":"https:\/\/itwgse.com.bluebird.pw\/de\/produkte\/bodenstrom\/itw-gse-2400-kabelrolle\/","og_site_name":"ITW GSE","article_publisher":"https:\/\/www.facebook.com\/ITWGSE\/","article_modified_time":"2023-05-26T07:48:19+00:00","og_image":[{"width":1853,"height":2007,"url":"https:\/\/itwgse.com.bluebird.pw\/wp-content\/uploads\/2018\/03\/2400-ACR.png","type":"image\/png"}],"twitter_card":"summary_large_image","schema":{"@context":"https:\/\/schema.org","@graph":[{"@type":"WebPage","@id":"https:\/\/itwgse.com.bluebird.pw\/de\/produkte\/bodenstrom\/itw-gse-2400-kabelrolle\/","url":"https:\/\/itwgse.com.bluebird.pw\/de\/produkte\/bodenstrom\/itw-gse-2400-kabelrolle\/","name":"ITW GSE 2400 Kabelrolle - 24 m symmetrisches Kabel | ITW GSE","isPartOf":{"@id":"https:\/\/itwgse.com.bluebird.pw\/#website"},"primaryImageOfPage":{"@id":"https:\/\/itwgse.com.bluebird.pw\/de\/produkte\/bodenstrom\/itw-gse-2400-kabelrolle\/#primaryimage"},"image":{"@id":"https:\/\/itwgse.com.bluebird.pw\/de\/produkte\/bodenstrom\/itw-gse-2400-kabelrolle\/#primaryimage"},"thumbnailUrl":"https:\/\/itwgse.com.bluebird.pw\/wp-content\/uploads\/2018\/03\/2400-ACR.png","datePublished":"2018-03-21T23:00:00+00:00","dateModified":"2023-05-26T07:48:19+00:00","description":"Der ITW GSE 2400 Kabelrolle kann an jede 400-Hz-Quelle angeschlossen werden und funktioniert perfekt mit Br\u00fccken aller Gr\u00f6\u00dfen und Flugzeugtypen.","breadcrumb":{"@id":"https:\/\/itwgse.com.bluebird.pw\/de\/produkte\/bodenstrom\/itw-gse-2400-kabelrolle\/#breadcrumb"},"inLanguage":"de","potentialAction":[{"@type":"ReadAction","target":["https:\/\/itwgse.com.bluebird.pw\/de\/produkte\/bodenstrom\/itw-gse-2400-kabelrolle\/"]}]},{"@type":"ImageObject","inLanguage":"de","@id":"https:\/\/itwgse.com.bluebird.pw\/de\/produkte\/bodenstrom\/itw-gse-2400-kabelrolle\/#primaryimage","url":"https:\/\/itwgse.com.bluebird.pw\/wp-content\/uploads\/2018\/03\/2400-ACR.png","contentUrl":"https:\/\/itwgse.com.bluebird.pw\/wp-content\/uploads\/2018\/03\/2400-ACR.png","width":1853,"height":2007,"caption":"2400 ACR cable retriever"},{"@type":"BreadcrumbList","@id":"https:\/\/itwgse.com.bluebird.pw\/de\/produkte\/bodenstrom\/itw-gse-2400-kabelrolle\/#breadcrumb","itemListElement":[{"@type":"ListItem","position":1,"name":"Home","item":"https:\/\/itwgse.com.bluebird.pw\/de\/"},{"@type":"ListItem","position":2,"name":"ITW GSE 2400 Kabelrolle"}]},{"@type":"WebSite","@id":"https:\/\/itwgse.com.bluebird.pw\/#website","url":"https:\/\/itwgse.com.bluebird.pw\/","name":"ITW GSE","description":"It&#039;s all about connections","publisher":{"@id":"https:\/\/itwgse.com.bluebird.pw\/#organization"},"potentialAction":[{"@type":"SearchAction","target":{"@type":"EntryPoint","urlTemplate":"https:\/\/itwgse.com.bluebird.pw\/?s={search_term_string}"},"query-input":{"@type":"PropertyValueSpecification","valueRequired":true,"valueName":"search_term_string"}}],"inLanguage":"de"},{"@type":"Organization","@id":"https:\/\/itwgse.com.bluebird.pw\/#organization","name":"ITW GSE","url":"https:\/\/itwgse.com.bluebird.pw\/","logo":{"@type":"ImageObject","inLanguage":"de","@id":"https:\/\/itwgse.com.bluebird.pw\/#\/schema\/logo\/image\/","url":"https:\/\/itwgse.com.bluebird.pw\/wp-content\/uploads\/2018\/11\/logo.png","contentUrl":"https:\/\/itwgse.com.bluebird.pw\/wp-content\/uploads\/2018\/11\/logo.png","width":302,"height":237,"caption":"ITW GSE"},"image":{"@id":"https:\/\/itwgse.com.bluebird.pw\/#\/schema\/logo\/image\/"},"sameAs":["https:\/\/www.facebook.com\/ITWGSE\/","https:\/\/www.linkedin.com\/company\/itw-gse\/","https:\/\/www.youtube.com\/channel\/UCTUIMvyaOPfYIqzP8enZ8yw"]}]}},"_links":{"self":[{"href":"https:\/\/itwgse.com.bluebird.pw\/de\/wp-json\/wp\/v2\/product\/5508","targetHints":{"allow":["GET"]}}],"collection":[{"href":"https:\/\/itwgse.com.bluebird.pw\/de\/wp-json\/wp\/v2\/product"}],"about":[{"href":"https:\/\/itwgse.com.bluebird.pw\/de\/wp-json\/wp\/v2\/types\/product"}],"replies":[{"embeddable":true,"href":"https:\/\/itwgse.com.bluebird.pw\/de\/wp-json\/wp\/v2\/comments?post=5508"}],"wp:featuredmedia":[{"embeddable":true,"href":"https:\/\/itwgse.com.bluebird.pw\/de\/wp-json\/wp\/v2\/media\/22602"}],"wp:attachment":[{"href":"https:\/\/itwgse.com.bluebird.pw\/de\/wp-json\/wp\/v2\/media?parent=5508"}],"wp:term":[{"taxonomy":"product_brand","embeddable":true,"href":"https:\/\/itwgse.com.bluebird.pw\/de\/wp-json\/wp\/v2\/product_brand?post=5508"},{"taxonomy":"product_cat","embeddable":true,"href":"https:\/\/itwgse.com.bluebird.pw\/de\/wp-json\/wp\/v2\/product_cat?post=5508"},{"taxonomy":"product_tag","embeddable":true,"href":"https:\/\/itwgse.com.bluebird.pw\/de\/wp-json\/wp\/v2\/product_tag?post=5508"}],"curies":[{"name":"wp","href":"https:\/\/api.w.org\/{rel}","templated":true}]}}