{"id":20658,"date":"2022-05-09T10:33:26","date_gmt":"2022-05-09T08:33:26","guid":{"rendered":"https:\/\/itwgse.com.bluebird.pw\/?page_id=20658"},"modified":"2024-05-30T14:38:58","modified_gmt":"2024-05-30T12:38:58","slug":"support-and-service","status":"publish","type":"page","link":"https:\/\/itwgse.com.bluebird.pw\/es\/support-and-service\/","title":{"rendered":"Support and Service"},"content":{"rendered":"<div id=\"pl-20658\"  class=\"panel-layout\" ><div id=\"pg-20658-0\"  class=\"panel-grid panel-no-style\" ><div id=\"pgc-20658-0-0\"  class=\"panel-grid-cell\" ><div id=\"panel-20658-0-0-0\" class=\"so-panel widget widget_mtt-cover-section panel-first-child\" data-index=\"0\" ><div\n\t\t\t\n\t\t\tclass=\"so-widget-mtt-cover-section so-widget-mtt-cover-section-base\"\n\t\t\t\n\t\t>\n<div class=\"mtt-cover-section-wrap compact extra-small\">\n\t<div class=\"mtt-cover-curve\">\n\t\t<img decoding=\"async\"  src=\"https:\/\/itwgse.com.bluebird.pw\/wp-content\/themes\/itwgse\/assets\/img\/cover\/itwgse_cut.svg\">\t<\/div>\n    <div class=\"mtt-cover-compact-background object-fit\">\n                            <\/div>\n    <div class=\"mtt-cover-compact-container\">\n        <div class=\"mtt-cover-section-text\">\n            <h1>Atenci\u00f3n al cliente<\/h1>\n                                <div class=\"text\"><p>Consulte esta p\u00e1gina para encontrar documentos correspondientes a todos los productos ITW GSE.<\/p>\n<\/div>\n                            <\/div>\n    <\/div>\n<\/div>\n<\/div><\/div><div id=\"panel-20658-0-0-1\" class=\"so-panel widget widget_mtt-one-col-text panel-last-child\" data-index=\"1\" ><div\n\t\t\t\n\t\t\tclass=\"so-widget-mtt-one-col-text so-widget-mtt-one-col-text-base\"\n\t\t\t\n\t\t>\n<div class=\"mtt-two-col-wrapper no-bottom-padding centered\">\n    <div class=\"mtt-two-col-container\">\n        <div class=\"mtt-two-col-content formatted_content\">\n\t\t\t                <h2>Todo el apoyo que necesita<\/h2>\n                        <div class=\"text-section one-col\">\n                <p>Conozca al\u00a0<a href=\"https:\/\/itwgse.com.bluebird.pw\/our-team\/?employee_department%5B0%5D=customer-support\">equipo de atenci\u00f3n al cliente<\/a> de ITW GSE.<\/p>\n<p>La ITW GSE\u00a0<a href=\"https:\/\/itwgse.com.bluebird.pw\/training-academy\/\">Training Academy<\/a>\u00a0es su camino para obtener m\u00e1s y nueva informaci\u00f3n sobre todos los productos.<\/p>\n<p>\u00bfNecesita devolver una pieza?\u00a0<a href=\"https:\/\/itwgse.com.bluebird.pw\/return-information\/\">Haga clic aqu\u00ed<\/a>\u00a0para ver el formulario de devoluci\u00f3n y las direcciones.<\/p>\n<p><a href=\"https:\/\/itwgse.com.bluebird.pw\/?flow=need-help&amp;template=need-help&amp;previous_brand\">Contacte con nosotros<\/a> si tiene m\u00e1s preguntas.<\/p>\n            <\/div>\n\n            \n                        <\/div>\n    <\/div>\n<\/div>\n<\/div><\/div><\/div><\/div><div id=\"pg-20658-1\"  class=\"panel-grid panel-no-style\" ><div id=\"pgc-20658-1-0\"  class=\"panel-grid-cell\" ><div id=\"panel-20658-1-0-0\" class=\"so-panel widget widget_mtt-product-boxes panel-first-child panel-last-child\" data-index=\"2\" ><div\n\t\t\t\n\t\t\tclass=\"so-widget-mtt-product-boxes so-widget-mtt-product-boxes-base\"\n\t\t\t\n\t\t>\n<div class=\"mtt-product-boxes-wrap\">\n\t<div class=\"mtt-product-boxes-container mtt-product-boxes-container--per-row-4\">\n\t\t<div class=\"mtt-product-boxes-text\">\n\t\t\t<h2>Ground Power Units (GPUs)<\/h2>\n\t\t\t\t\t<\/div>\n\t\t<div class=\"mtt-product-boxes-grid mtt-product-boxes-grid--grid mtt-product-boxes-grid--font-default\">\n\t\t\t\t\t\t\t<a href=\"https:\/\/itwgse.com.bluebird.pw\/support-1400-gpu\/\" class=\"mtt-product-box\">\n\t\t\t\t\t<div class=\"mtt-product-box-title\">\n\t\t\t\t\t\t1400 GPU\t\t\t\t\t\t<svg class=\"icon\"><use xlink:href=\"#right-arrow\" \/><\/svg>\n\t\t\t\t\t<\/div>\n                                            <div class=\"mtt-product-box-image\">\n                            <div class=\"image\">\n                                <img src='https:\/\/itwgse.com.bluebird.pw\/wp-content\/uploads\/2018\/03\/itw-gse-1400-prodcut@2x-360x342.png' alt='itw gse 1400 gpu Ground Power Units 28 VDC solid-state Ground Power Unit'>\n                            <\/div>\n                            <div class=\"shadow\"><\/div>\n                            <div class=\"badge\"><\/div>\n                        <\/div>\n                    \t\t\t\t\t<p>28 VDC<\/p>\n\t\t\t\t\t<div class=\"mtt-product-box-arrow\">\n\t\t\t\t\t\tDocuments\t\t\t\t\t\t<svg class=\"icon\"><use xlink:href=\"#right-arrow\" \/><\/svg>\n\t\t\t\t\t<\/div>\n\t\t\t\t<\/a>\n\t\t\t\t\t\t\t<a href=\"https:\/\/itwgse.com.bluebird.pw\/support-2400-compact\/\" class=\"mtt-product-box\">\n\t\t\t\t\t<div class=\"mtt-product-box-title\">\n\t\t\t\t\t\t2400 GPU\t\t\t\t\t\t<svg class=\"icon\"><use xlink:href=\"#right-arrow\" \/><\/svg>\n\t\t\t\t\t<\/div>\n                                            <div class=\"mtt-product-box-image\">\n                            <div class=\"image\">\n                                <img src='https:\/\/itwgse.com.bluebird.pw\/wp-content\/uploads\/2018\/03\/itw-gse-2400-compact-power@2x-360x335.png' alt=''>\n                            <\/div>\n                            <div class=\"shadow\"><\/div>\n                            <div class=\"badge\"><\/div>\n                        <\/div>\n                    \t\t\t\t\t<p>400 Hz<\/p>\n\t\t\t\t\t<div class=\"mtt-product-box-arrow\">\n\t\t\t\t\t\tDocuments\t\t\t\t\t\t<svg class=\"icon\"><use xlink:href=\"#right-arrow\" \/><\/svg>\n\t\t\t\t\t<\/div>\n\t\t\t\t<\/a>\n\t\t\t\t\t\t\t<a href=\"https:\/\/itwgse.com.bluebird.pw\/support-2400-power-coil\/\" class=\"mtt-product-box\">\n\t\t\t\t\t<div class=\"mtt-product-box-title\">\n\t\t\t\t\t\t2400 Power Coil\t\t\t\t\t\t<svg class=\"icon\"><use xlink:href=\"#right-arrow\" \/><\/svg>\n\t\t\t\t\t<\/div>\n                                            <div class=\"mtt-product-box-image\">\n                            <div class=\"image\">\n                                <img src='https:\/\/itwgse.com.bluebird.pw\/wp-content\/uploads\/2018\/01\/2400-power-coil-product-1-300x221.png' alt='ITW GSE 2400 Power Coil'>\n                            <\/div>\n                            <div class=\"shadow\"><\/div>\n                            <div class=\"badge\"><\/div>\n                        <\/div>\n                    \t\t\t\t\t<p>400 Hz<\/p>\n\t\t\t\t\t<div class=\"mtt-product-box-arrow\">\n\t\t\t\t\t\tDocuments\t\t\t\t\t\t<svg class=\"icon\"><use xlink:href=\"#right-arrow\" \/><\/svg>\n\t\t\t\t\t<\/div>\n\t\t\t\t<\/a>\n\t\t\t\t\t\t\t<a href=\"https:\/\/itwgse.com.bluebird.pw\/support-2400-cable-retriever\/\" class=\"mtt-product-box\">\n\t\t\t\t\t<div class=\"mtt-product-box-title\">\n\t\t\t\t\t\t2400 ACR\t\t\t\t\t\t<svg class=\"icon\"><use xlink:href=\"#right-arrow\" \/><\/svg>\n\t\t\t\t\t<\/div>\n                                            <div class=\"mtt-product-box-image\">\n                            <div class=\"image\">\n                                <img src='https:\/\/itwgse.com.bluebird.pw\/wp-content\/uploads\/2020\/12\/ITW-GSE-2400-cable-retriever-360x298.png' alt='ITW GSE 2400 Cable retriever ACR'>\n                            <\/div>\n                            <div class=\"shadow\"><\/div>\n                            <div class=\"badge\"><\/div>\n                        <\/div>\n                    \t\t\t\t\t<p>Cable Retriever<\/p>\n\t\t\t\t\t<div class=\"mtt-product-box-arrow\">\n\t\t\t\t\t\tDocuments\t\t\t\t\t\t<svg class=\"icon\"><use xlink:href=\"#right-arrow\" \/><\/svg>\n\t\t\t\t\t<\/div>\n\t\t\t\t<\/a>\n\t\t\t\t\t\t\t<a href=\"https:\/\/itwgse.com.bluebird.pw\/support-2400-270-vdc\/\" class=\"mtt-product-box\">\n\t\t\t\t\t<div class=\"mtt-product-box-title\">\n\t\t\t\t\t\t2400 GPU\t\t\t\t\t\t<svg class=\"icon\"><use xlink:href=\"#right-arrow\" \/><\/svg>\n\t\t\t\t\t<\/div>\n                                            <div class=\"mtt-product-box-image\">\n                            <div class=\"image\">\n                                <img src='https:\/\/itwgse.com.bluebird.pw\/wp-content\/uploads\/2021\/08\/ITW-GSE-2400-with-28-VDC-cut-360x360.png' alt='itw gse 2400 270 VDC'>\n                            <\/div>\n                            <div class=\"shadow\"><\/div>\n                            <div class=\"badge\"><\/div>\n                        <\/div>\n                    \t\t\t\t\t<p>270 VDC<\/p>\n\t\t\t\t\t<div class=\"mtt-product-box-arrow\">\n\t\t\t\t\t\tDocuments\t\t\t\t\t\t<svg class=\"icon\"><use xlink:href=\"#right-arrow\" \/><\/svg>\n\t\t\t\t\t<\/div>\n\t\t\t\t<\/a>\n\t\t\t\t\t\t\t<a href=\"https:\/\/itwgse.com.bluebird.pw\/support-4400-gpu\/\" class=\"mtt-product-box\">\n\t\t\t\t\t<div class=\"mtt-product-box-title\">\n\t\t\t\t\t\t4400 GPU\t\t\t\t\t\t<svg class=\"icon\"><use xlink:href=\"#right-arrow\" \/><\/svg>\n\t\t\t\t\t<\/div>\n                                            <div class=\"mtt-product-box-image\">\n                            <div class=\"image\">\n                                <img src='https:\/\/itwgse.com.bluebird.pw\/wp-content\/uploads\/2018\/03\/itwgse-4400-t4-product-360x258.png' alt=''>\n                            <\/div>\n                            <div class=\"shadow\"><\/div>\n                            <div class=\"badge\"><\/div>\n                        <\/div>\n                    \t\t\t\t\t<p>400 Hz<\/p>\n\t\t\t\t\t<div class=\"mtt-product-box-arrow\">\n\t\t\t\t\t\tDocuments\t\t\t\t\t\t<svg class=\"icon\"><use xlink:href=\"#right-arrow\" \/><\/svg>\n\t\t\t\t\t<\/div>\n\t\t\t\t<\/a>\n\t\t\t\t\t\t\t<a href=\"https:\/\/itwgse.com.bluebird.pw\/support-6400-jetex-gpu\/\" class=\"mtt-product-box\">\n\t\t\t\t\t<div class=\"mtt-product-box-title\">\n\t\t\t\t\t\t6400 JetEx\t\t\t\t\t\t<svg class=\"icon\"><use xlink:href=\"#right-arrow\" \/><\/svg>\n\t\t\t\t\t<\/div>\n                                            <div class=\"mtt-product-box-image\">\n                            <div class=\"image\">\n                                <img src='https:\/\/itwgse.com.bluebird.pw\/wp-content\/uploads\/2019\/08\/ITW-GSE-6400-360x238.png' alt='itwgse, itw-gse, itw_gse, itw gse, itw.gse, itwgse6400jetex, itw gse 6400 jet ex, itw gse 6400, itw-gse-6400'>\n                            <\/div>\n                            <div class=\"shadow\"><\/div>\n                            <div class=\"badge\"><\/div>\n                        <\/div>\n                    \t\t\t\t\t<p>28 VDC<\/p>\n\t\t\t\t\t<div class=\"mtt-product-box-arrow\">\n\t\t\t\t\t\tDocuments\t\t\t\t\t\t<svg class=\"icon\"><use xlink:href=\"#right-arrow\" \/><\/svg>\n\t\t\t\t\t<\/div>\n\t\t\t\t<\/a>\n\t\t\t\t\t\t\t<a href=\"https:\/\/itwgse.com.bluebird.pw\/support-7400-egpu\/\" class=\"mtt-product-box\">\n\t\t\t\t\t<div class=\"mtt-product-box-title\">\n\t\t\t\t\t\t7400 eGPU\t\t\t\t\t\t<svg class=\"icon\"><use xlink:href=\"#right-arrow\" \/><\/svg>\n\t\t\t\t\t<\/div>\n                                            <div class=\"mtt-product-box-image\">\n                            <div class=\"image\">\n                                <img src='https:\/\/itwgse.com.bluebird.pw\/wp-content\/uploads\/2018\/06\/ITW_GSE_7400_Mark_II_3d_flipped_pointing-right_okt2022-2-360x208.png' alt='7400 400 Hz May2024'>\n                            <\/div>\n                            <div class=\"shadow\"><\/div>\n                            <div class=\"badge\"><\/div>\n                        <\/div>\n                    \t\t\t\t\t<p>400 Hz<\/p>\n\t\t\t\t\t<div class=\"mtt-product-box-arrow\">\n\t\t\t\t\t\tDocuments\t\t\t\t\t\t<svg class=\"icon\"><use xlink:href=\"#right-arrow\" \/><\/svg>\n\t\t\t\t\t<\/div>\n\t\t\t\t<\/a>\n\t\t\t\t\t\t\t<a href=\"https:\/\/itwgse.com.bluebird.pw\/support-7400-jetex-egpu\/\" class=\"mtt-product-box\">\n\t\t\t\t\t<div class=\"mtt-product-box-title\">\n\t\t\t\t\t\t7400 JetEx\t\t\t\t\t\t<svg class=\"icon\"><use xlink:href=\"#right-arrow\" \/><\/svg>\n\t\t\t\t\t<\/div>\n                                            <div class=\"mtt-product-box-image\">\n                            <div class=\"image\">\n                                <img src='https:\/\/itwgse.com.bluebird.pw\/wp-content\/uploads\/2019\/10\/7400_jetex_beacons-360x203.png' alt='itw gse, itwgse, itwgse 7400, itwgse 7400 jetex, battery driven gpu, aircraft gpu, airline gpu, hangar gpu, Ground Power Units'>\n                            <\/div>\n                            <div class=\"shadow\"><\/div>\n                            <div class=\"badge\"><\/div>\n                        <\/div>\n                    \t\t\t\t\t<p>28 VDC<\/p>\n\t\t\t\t\t<div class=\"mtt-product-box-arrow\">\n\t\t\t\t\t\tDocuments\t\t\t\t\t\t<svg class=\"icon\"><use xlink:href=\"#right-arrow\" \/><\/svg>\n\t\t\t\t\t<\/div>\n\t\t\t\t<\/a>\n\t\t\t\t\t\t\t<a href=\"https:\/\/itwgse.com.bluebird.pw\/support-140cu20-180cu20\/\" class=\"mtt-product-box\">\n\t\t\t\t\t<div class=\"mtt-product-box-title\">\n\t\t\t\t\t\t140CU20 180CU20\t\t\t\t\t\t<svg class=\"icon\"><use xlink:href=\"#right-arrow\" \/><\/svg>\n\t\t\t\t\t<\/div>\n                                            <div class=\"mtt-product-box-image\">\n                            <div class=\"image\">\n                                <img src='https:\/\/itwgse.com.bluebird.pw\/wp-content\/uploads\/2018\/03\/ITW-GSE-140CU20-360x342.png' alt='ITW GSE 140CU20 & 180CU20'>\n                            <\/div>\n                            <div class=\"shadow\"><\/div>\n                            <div class=\"badge\"><\/div>\n                        <\/div>\n                    \t\t\t\t\t<p>140 \/ 180 kVA<\/p>\n\t\t\t\t\t<div class=\"mtt-product-box-arrow\">\n\t\t\t\t\t\tDocuments\t\t\t\t\t\t<svg class=\"icon\"><use xlink:href=\"#right-arrow\" \/><\/svg>\n\t\t\t\t\t<\/div>\n\t\t\t\t<\/a>\n\t\t\t\t\t<\/div>\n\t\t\t<\/div>\n<\/div>\n<\/div><\/div><\/div><\/div><div id=\"pg-20658-2\"  class=\"panel-grid panel-no-style\" ><div id=\"pgc-20658-2-0\"  class=\"panel-grid-cell\" ><div id=\"panel-20658-2-0-0\" class=\"so-panel widget widget_mtt-product-boxes panel-first-child panel-last-child\" data-index=\"3\" ><div\n\t\t\t\n\t\t\tclass=\"so-widget-mtt-product-boxes so-widget-mtt-product-boxes-base\"\n\t\t\t\n\t\t>\n<div class=\"mtt-product-boxes-wrap\">\n\t<div class=\"mtt-product-boxes-container mtt-product-boxes-container--per-row-4\">\n\t\t<div class=\"mtt-product-boxes-text\">\n\t\t\t<h2>Pre-Conditioned Air units (PCA)<\/h2>\n\t\t\t\t\t<\/div>\n\t\t<div class=\"mtt-product-boxes-grid mtt-product-boxes-grid--grid mtt-product-boxes-grid--font-default\">\n\t\t\t\t\t\t\t<a href=\"https:\/\/itwgse.com.bluebird.pw\/support-3400-pca\/\" class=\"mtt-product-box\">\n\t\t\t\t\t<div class=\"mtt-product-box-title\">\n\t\t\t\t\t\t3400 PCA\t\t\t\t\t\t<svg class=\"icon\"><use xlink:href=\"#right-arrow\" \/><\/svg>\n\t\t\t\t\t<\/div>\n                                            <div class=\"mtt-product-box-image\">\n                            <div class=\"image\">\n                                <img src='https:\/\/itwgse.com.bluebird.pw\/wp-content\/uploads\/2018\/03\/itwgse-3400-pca@2x-1-360x240.png' alt='itw gse 3400 pca Pre-Conditioned Air'>\n                            <\/div>\n                            <div class=\"shadow\"><img decoding=\"async\" width=\"400\" height=\"200\" src=\"https:\/\/itwgse.com.bluebird.pw\/wp-content\/uploads\/2018\/02\/product-2-shadow_dev.png\" class=\"attachment-full size-full\" alt=\"\" srcset=\"https:\/\/itwgse.com.bluebird.pw\/wp-content\/uploads\/2018\/02\/product-2-shadow_dev.png 400w, https:\/\/itwgse.com.bluebird.pw\/wp-content\/uploads\/2018\/02\/product-2-shadow_dev-350x175.png 350w, https:\/\/itwgse.com.bluebird.pw\/wp-content\/uploads\/2018\/02\/product-2-shadow_dev-300x150.png 300w\" sizes=\"(max-width: 400px) 100vw, 400px\" \/><\/div>\n                            <div class=\"badge\"><\/div>\n                        <\/div>\n                    \t\t\t\t\t\t\t\t\t\t<div class=\"mtt-product-box-arrow\">\n\t\t\t\t\t\tDocuments\t\t\t\t\t\t<svg class=\"icon\"><use xlink:href=\"#right-arrow\" \/><\/svg>\n\t\t\t\t\t<\/div>\n\t\t\t\t<\/a>\n\t\t\t\t\t<\/div>\n\t\t\t<\/div>\n<\/div>\n<\/div><\/div><\/div><\/div><div id=\"pg-20658-3\"  class=\"panel-grid panel-no-style\" ><div id=\"pgc-20658-3-0\"  class=\"panel-grid-cell\" ><div id=\"panel-20658-3-0-0\" class=\"so-panel widget widget_mtt-one-col-text panel-first-child\" data-index=\"4\" ><div\n\t\t\t\n\t\t\tclass=\"so-widget-mtt-one-col-text so-widget-mtt-one-col-text-base\"\n\t\t\t\n\t\t>\n<div class=\"mtt-two-col-wrapper\">\n    <div class=\"mtt-two-col-container\">\n        <div class=\"mtt-two-col-content formatted_content has-title-one\">\n\t\t\t                <h2>Contacto<\/h2>\n                        <div class=\"text-section one-col\">\n                <p>\u00bfNo encuentra lo que busca?<\/p>\n<p>Env\u00edenos un correo electr\u00f3nico detallando su problema.<\/p>\n<p>Si incluye el n\u00famero de serie de\u00a0su producto, nos ayudar\u00e1 a acelerar el proceso de atenci\u00f3n.<\/p>\n<p>Encontrar\u00e1 el n\u00famero de serie en la placa de identificaci\u00f3n.<\/p>\n<p>El n\u00famero de serie puede tener una de las siguientes estructuras:<\/p>\n<ul>\n<li>5 o 6 d\u00edgitos seguidos de la barra diagonal \u201c\/\u201d y luego 2 d\u00edgitos m\u00e1s. Ejemplo: <strong>xxxxxx\/x.x<\/strong><\/li>\n<li>La letra \u201cA\u201d, seguida de 6 d\u00edgitos, barra y luego 2 d\u00edgitos m\u00e1s. Ejemplo: <strong>Axxxxxx\/x.x<\/strong><\/li>\n<li>3 d\u00edgitos, seguidos de las letras \u201cPS\u201d y luego 5 d\u00edgitos m\u00e1s. Ejemplo: <strong>xxxPSxxxxx\u00a0<\/strong><\/li>\n<\/ul>\n<p>Am\u00e9rica (Norte y Sur): <a href=\"mailto:support@itwgse.us\">support@itwgse.us<\/a><\/p>\n<p>Resto del mundo: <a href=\"mailto:support@itwgse.com\">support@itwgse.com\u00a0<\/a><\/p>\n            <\/div>\n\n            \n                        <\/div>\n    <\/div>\n<\/div>\n<\/div><\/div><div id=\"panel-20658-3-0-1\" class=\"so-panel widget widget_mtt-one-col-text panel-last-child\" data-index=\"5\" ><div\n\t\t\t\n\t\t\tclass=\"so-widget-mtt-one-col-text so-widget-mtt-one-col-text-base\"\n\t\t\t\n\t\t>\n<div class=\"mtt-two-col-wrapper no-top-padding\">\n    <div class=\"mtt-two-col-container\">\n        <div class=\"mtt-two-col-content formatted_content has-title-one\">\n\t\t\t                <h2>Our legacy brands<\/h2>\n                        <div class=\"text-section one-col\">\n                <p>ITW GSE has manufactured Ground Support Equipment for the aviation industry since the late 1940'ties.<\/p>\n<p>Our legacy brands cover AXA Power, Hobart, Houchin, Trilectron, ITW GSE Military and J&B Aviation. Although the name is now different, we still supply Power, Air, Cables, and Hoses.<\/p>\n<p>For support related to legacy equipment please contact us.<\/p>\n            <\/div>\n\n            \n                        <\/div>\n    <\/div>\n<\/div>\n<\/div><\/div><\/div><\/div><\/div>","protected":false},"excerpt":{"rendered":"<p>Atenci\u00f3n al cliente Consulte esta p\u00e1gina para encontrar documentos correspondientes a todos los productos ITW GSE. Todo el apoyo que necesita Conozca al\u00a0equipo de&#8230;<\/p>\n","protected":false},"author":11,"featured_media":0,"parent":0,"menu_order":50,"comment_status":"closed","ping_status":"closed","template":"","meta":{"_acf_changed":false,"_relevanssi_hide_post":"","_relevanssi_hide_content":"","_relevanssi_pin_for_all":"","_relevanssi_pin_keywords":"","_relevanssi_unpin_keywords":"","_relevanssi_related_keywords":"","_relevanssi_related_include_ids":"","_relevanssi_related_exclude_ids":"","_relevanssi_related_no_append":"","_relevanssi_related_not_related":"","_relevanssi_related_posts":"","_relevanssi_noindex_reason":"","footnotes":""},"class_list":["post-20658","page","type-page","status-publish","hentry"],"acf":[],"yoast_head":"<!-- This site is optimized with the Yoast SEO plugin v27.0 - https:\/\/yoast.com\/product\/yoast-seo-wordpress\/ -->\n<title>Support and Service - ITW GSE<\/title>\n<meta name=\"robots\" content=\"noindex, follow, max-snippet:-1, max-image-preview:large, max-video-preview:-1\" \/>\n<meta property=\"og:locale\" content=\"es_ES\" \/>\n<meta property=\"og:type\" content=\"article\" \/>\n<meta property=\"og:title\" content=\"Support and Service - ITW GSE\" \/>\n<meta property=\"og:description\" content=\"Atenci\u00f3n al cliente Consulte esta p\u00e1gina para encontrar documentos correspondientes a todos los productos ITW GSE. Todo el apoyo que necesita Conozca al\u00a0equipo de...\" \/>\n<meta property=\"og:url\" content=\"https:\/\/itwgse.com.bluebird.pw\/es\/support-and-service\/\" \/>\n<meta property=\"og:site_name\" content=\"ITW GSE\" \/>\n<meta property=\"article:publisher\" content=\"https:\/\/www.facebook.com\/ITWGSE\/\" \/>\n<meta property=\"article:modified_time\" content=\"2024-05-30T12:38:58+00:00\" \/>\n<meta name=\"twitter:card\" content=\"summary_large_image\" \/>\n<script type=\"application\/ld+json\" class=\"yoast-schema-graph\">{\"@context\":\"https:\/\/schema.org\",\"@graph\":[{\"@type\":\"WebPage\",\"@id\":\"https:\/\/itwgse.com.bluebird.pw\/es\/support-and-service\/\",\"url\":\"https:\/\/itwgse.com.bluebird.pw\/es\/support-and-service\/\",\"name\":\"Support and Service - ITW GSE\",\"isPartOf\":{\"@id\":\"https:\/\/itwgse.com.bluebird.pw\/#website\"},\"datePublished\":\"2022-05-09T08:33:26+00:00\",\"dateModified\":\"2024-05-30T12:38:58+00:00\",\"breadcrumb\":{\"@id\":\"https:\/\/itwgse.com.bluebird.pw\/es\/support-and-service\/#breadcrumb\"},\"inLanguage\":\"es\",\"potentialAction\":[{\"@type\":\"ReadAction\",\"target\":[\"https:\/\/itwgse.com.bluebird.pw\/es\/support-and-service\/\"]}]},{\"@type\":\"BreadcrumbList\",\"@id\":\"https:\/\/itwgse.com.bluebird.pw\/es\/support-and-service\/#breadcrumb\",\"itemListElement\":[{\"@type\":\"ListItem\",\"position\":1,\"name\":\"Home\",\"item\":\"https:\/\/itwgse.com.bluebird.pw\/es\/\"},{\"@type\":\"ListItem\",\"position\":2,\"name\":\"Support and Service\"}]},{\"@type\":\"WebSite\",\"@id\":\"https:\/\/itwgse.com.bluebird.pw\/#website\",\"url\":\"https:\/\/itwgse.com.bluebird.pw\/\",\"name\":\"ITW GSE\",\"description\":\"It&#039;s all about connections\",\"publisher\":{\"@id\":\"https:\/\/itwgse.com.bluebird.pw\/#organization\"},\"potentialAction\":[{\"@type\":\"SearchAction\",\"target\":{\"@type\":\"EntryPoint\",\"urlTemplate\":\"https:\/\/itwgse.com.bluebird.pw\/?s={search_term_string}\"},\"query-input\":{\"@type\":\"PropertyValueSpecification\",\"valueRequired\":true,\"valueName\":\"search_term_string\"}}],\"inLanguage\":\"es\"},{\"@type\":\"Organization\",\"@id\":\"https:\/\/itwgse.com.bluebird.pw\/#organization\",\"name\":\"ITW GSE\",\"url\":\"https:\/\/itwgse.com.bluebird.pw\/\",\"logo\":{\"@type\":\"ImageObject\",\"inLanguage\":\"es\",\"@id\":\"https:\/\/itwgse.com.bluebird.pw\/#\/schema\/logo\/image\/\",\"url\":\"https:\/\/itwgse.com.bluebird.pw\/wp-content\/uploads\/2018\/11\/logo.png\",\"contentUrl\":\"https:\/\/itwgse.com.bluebird.pw\/wp-content\/uploads\/2018\/11\/logo.png\",\"width\":302,\"height\":237,\"caption\":\"ITW GSE\"},\"image\":{\"@id\":\"https:\/\/itwgse.com.bluebird.pw\/#\/schema\/logo\/image\/\"},\"sameAs\":[\"https:\/\/www.facebook.com\/ITWGSE\/\",\"https:\/\/www.linkedin.com\/company\/itw-gse\/\",\"https:\/\/www.youtube.com\/channel\/UCTUIMvyaOPfYIqzP8enZ8yw\"]}]}<\/script>\n<!-- \/ Yoast SEO plugin. -->","yoast_head_json":{"title":"Support and Service - ITW GSE","robots":{"index":"noindex","follow":"follow","max-snippet":"max-snippet:-1","max-image-preview":"max-image-preview:large","max-video-preview":"max-video-preview:-1"},"og_locale":"es_ES","og_type":"article","og_title":"Support and Service - ITW GSE","og_description":"Atenci\u00f3n al cliente Consulte esta p\u00e1gina para encontrar documentos correspondientes a todos los productos ITW GSE. Todo el apoyo que necesita Conozca al\u00a0equipo de...","og_url":"https:\/\/itwgse.com.bluebird.pw\/es\/support-and-service\/","og_site_name":"ITW GSE","article_publisher":"https:\/\/www.facebook.com\/ITWGSE\/","article_modified_time":"2024-05-30T12:38:58+00:00","twitter_card":"summary_large_image","schema":{"@context":"https:\/\/schema.org","@graph":[{"@type":"WebPage","@id":"https:\/\/itwgse.com.bluebird.pw\/es\/support-and-service\/","url":"https:\/\/itwgse.com.bluebird.pw\/es\/support-and-service\/","name":"Support and Service - ITW GSE","isPartOf":{"@id":"https:\/\/itwgse.com.bluebird.pw\/#website"},"datePublished":"2022-05-09T08:33:26+00:00","dateModified":"2024-05-30T12:38:58+00:00","breadcrumb":{"@id":"https:\/\/itwgse.com.bluebird.pw\/es\/support-and-service\/#breadcrumb"},"inLanguage":"es","potentialAction":[{"@type":"ReadAction","target":["https:\/\/itwgse.com.bluebird.pw\/es\/support-and-service\/"]}]},{"@type":"BreadcrumbList","@id":"https:\/\/itwgse.com.bluebird.pw\/es\/support-and-service\/#breadcrumb","itemListElement":[{"@type":"ListItem","position":1,"name":"Home","item":"https:\/\/itwgse.com.bluebird.pw\/es\/"},{"@type":"ListItem","position":2,"name":"Support and Service"}]},{"@type":"WebSite","@id":"https:\/\/itwgse.com.bluebird.pw\/#website","url":"https:\/\/itwgse.com.bluebird.pw\/","name":"ITW GSE","description":"It&#039;s all about connections","publisher":{"@id":"https:\/\/itwgse.com.bluebird.pw\/#organization"},"potentialAction":[{"@type":"SearchAction","target":{"@type":"EntryPoint","urlTemplate":"https:\/\/itwgse.com.bluebird.pw\/?s={search_term_string}"},"query-input":{"@type":"PropertyValueSpecification","valueRequired":true,"valueName":"search_term_string"}}],"inLanguage":"es"},{"@type":"Organization","@id":"https:\/\/itwgse.com.bluebird.pw\/#organization","name":"ITW GSE","url":"https:\/\/itwgse.com.bluebird.pw\/","logo":{"@type":"ImageObject","inLanguage":"es","@id":"https:\/\/itwgse.com.bluebird.pw\/#\/schema\/logo\/image\/","url":"https:\/\/itwgse.com.bluebird.pw\/wp-content\/uploads\/2018\/11\/logo.png","contentUrl":"https:\/\/itwgse.com.bluebird.pw\/wp-content\/uploads\/2018\/11\/logo.png","width":302,"height":237,"caption":"ITW GSE"},"image":{"@id":"https:\/\/itwgse.com.bluebird.pw\/#\/schema\/logo\/image\/"},"sameAs":["https:\/\/www.facebook.com\/ITWGSE\/","https:\/\/www.linkedin.com\/company\/itw-gse\/","https:\/\/www.youtube.com\/channel\/UCTUIMvyaOPfYIqzP8enZ8yw"]}]}},"_links":{"self":[{"href":"https:\/\/itwgse.com.bluebird.pw\/es\/wp-json\/wp\/v2\/pages\/20658","targetHints":{"allow":["GET"]}}],"collection":[{"href":"https:\/\/itwgse.com.bluebird.pw\/es\/wp-json\/wp\/v2\/pages"}],"about":[{"href":"https:\/\/itwgse.com.bluebird.pw\/es\/wp-json\/wp\/v2\/types\/page"}],"author":[{"embeddable":true,"href":"https:\/\/itwgse.com.bluebird.pw\/es\/wp-json\/wp\/v2\/users\/11"}],"replies":[{"embeddable":true,"href":"https:\/\/itwgse.com.bluebird.pw\/es\/wp-json\/wp\/v2\/comments?post=20658"}],"version-history":[{"count":6,"href":"https:\/\/itwgse.com.bluebird.pw\/es\/wp-json\/wp\/v2\/pages\/20658\/revisions"}],"predecessor-version":[{"id":25369,"href":"https:\/\/itwgse.com.bluebird.pw\/es\/wp-json\/wp\/v2\/pages\/20658\/revisions\/25369"}],"wp:attachment":[{"href":"https:\/\/itwgse.com.bluebird.pw\/es\/wp-json\/wp\/v2\/media?parent=20658"}],"curies":[{"name":"wp","href":"https:\/\/api.w.org\/{rel}","templated":true}]}}