{"id":8637,"date":"2018-03-23T14:31:01","date_gmt":"2018-03-23T13:31:01","guid":{"rendered":"https:\/\/itwgse.com.bluebird.pw\/facilities-and-offices\/"},"modified":"2020-03-12T12:15:57","modified_gmt":"2020-03-12T11:15:57","slug":"instalaciones-y-oficinas","status":"publish","type":"page","link":"https:\/\/itwgse.com.bluebird.pw\/es\/instalaciones-y-oficinas\/","title":{"rendered":"Instalaciones y oficinas"},"content":{"rendered":"<div id=\"pl-2890\" class=\"panel-layout\">\n<div id=\"pg-2890-0\" class=\"panel-grid panel-no-style\">\n<div id=\"pgc-2890-0-0\" class=\"panel-grid-cell\" data-weight=\"1\">\n<div id=\"panel-2890-0-0-0\" class=\"so-panel widget widget_mtt-cover-section panel-first-child panel-last-child\" data-index=\"0\" data-style=\"{&quot;class&quot;:&quot;bg_img_no_gradient&quot;,&quot;background_image_attachment&quot;:false,&quot;background_display&quot;:&quot;tile&quot;}\">\n<div class=\"bg_img_no_gradient panel-widget-style panel-widget-style-for-2890-0-0-0\"><div\n\t\t\t\n\t\t\tclass=\"so-widget-mtt-cover-section so-widget-mtt-cover-section-base\"\n\t\t\t\n\t\t>\n<div class=\"mtt-cover-section-wrap compact extra-small\">\n\t<div class=\"mtt-cover-curve\">\n\t\t<img decoding=\"async\"  src=\"https:\/\/itwgse.com.bluebird.pw\/wp-content\/themes\/itwgse\/assets\/img\/cover\/itwgse_cut.svg\">\t<\/div>\n    <div class=\"mtt-cover-compact-background object-fit\">\n                    <img decoding=\"async\"\n                src=\"https:\/\/itwgse.com.bluebird.pw\/wp-content\/uploads\/2018\/04\/map_for_blue_bg.png\"\n                alt=\"\"\n                data-skip-lazy\n            >\n                            <\/div>\n    <div class=\"mtt-cover-compact-container\">\n        <div class=\"mtt-cover-section-text\">\n            <h1>Facilities and offices<\/h1>\n                    <\/div>\n    <\/div>\n<\/div>\n<\/div><\/div>\n<\/div>\n<\/div>\n<\/div>\n<div id=\"pg-2890-1\" class=\"panel-grid panel-no-style\">\n<div id=\"pgc-2890-1-0\" class=\"panel-grid-cell\" data-weight=\"1\">\n<div id=\"panel-2890-1-0-0\" class=\"so-panel widget widget_mtt-contact-info panel-first-child panel-last-child\" data-index=\"1\" data-style=\"{&quot;background_image_attachment&quot;:false,&quot;background_display&quot;:&quot;tile&quot;}\"><div\n\t\t\t\n\t\t\tclass=\"so-widget-mtt-contact-info so-widget-mtt-contact-info-base\"\n\t\t\t\n\t\t>\n<div class=\"mtt-contact-info-wrapper\">\n    <div class=\"mtt-contact-info-container page_container\">\n        \n                            <div class=\"mtt-contact-info-content formatted_content\">\n                <div class=\"mtt-contact-info-title\">\n                    ITW GSE ApS                <\/div>\n                &lt;ul&gt;\n&lt;li&gt;Smedebakken 31-33&lt;\/li&gt;\n&lt;li&gt;DK-5270 Odense N&lt;\/li&gt;\n&lt;li&gt;Denmark&lt;\/li&gt;\n&lt;li&gt;Tel: &lt;a href=&quot;tel:+4563186000&quot;&gt;(+45) 63 18 60 00&lt;\/a&gt;&lt;\/li&gt;\n&lt;li&gt;Mail:\u00a0&lt;a href=&quot;mailto:sales@itwgse.com&quot;&gt;sales@itwgse.com&lt;\/a&gt;&lt;\/li&gt;\n&lt;li&gt;Mail: &lt;a href=&quot;mailto:support@itwgse.com&quot;&gt;support@itwgse.com&lt;\/a&gt;&lt;\/li&gt;\n&lt;li&gt;&lt;strong&gt;Opening hours&lt;\/strong&gt;&lt;\/li&gt;\n&lt;li&gt;Monday \u2013 Thursday: 8.00 \u2013 16.00 CET&lt;\/li&gt;\n&lt;li&gt;Friday: 8.00 - 15.00 CET&lt;\/li&gt;\n&lt;\/ul&gt;\n            <\/div>\n                    <div class=\"mtt-contact-info-content formatted_content\">\n                <div class=\"mtt-contact-info-title\">\n                    ITW GSE US                <\/div>\n                &lt;ul&gt;\n&lt;li&gt;11001 US Highway 41 North&lt;\/li&gt;\n&lt;li&gt;Palmetto, FL 34221&lt;\/li&gt;\n&lt;li&gt;USA&lt;\/li&gt;\n&lt;li&gt;Tel: &lt;a href=&quot;tel:+0019417211000&quot;&gt;(+001) 941 721 1000&lt;\/a&gt;&lt;\/li&gt;\n&lt;li&gt;Mail:\u00a0&lt;a href=&quot;mailto:sales@itwgse.us&quot;&gt;sales@itwgse.us&lt;\/a&gt;&lt;\/li&gt;\n&lt;li&gt;Mail: &lt;a href=&quot;mailto:support@itwgse.us&quot;&gt;support@itwgse.us&lt;\/a&gt;&lt;\/li&gt;\n&lt;li&gt;&lt;\/li&gt;\n&lt;\/ul&gt;\n            <\/div>\n                    <div class=\"mtt-contact-info-content formatted_content\">\n                <div class=\"mtt-contact-info-title\">\n                    ITW GSE (Branch)                <\/div>\n                &lt;ul&gt;\n&lt;li&gt;Office 29V \u2013 Floor 29&lt;\/li&gt;\n&lt;li&gt;Gold Tower&lt;\/li&gt;\n&lt;li&gt;Jumeirah Lakes Tower&lt;\/li&gt;\n&lt;li&gt;Dubai&lt;\/li&gt;\n&lt;li&gt;Mail:\u00a0&lt;a href=&quot;mailto:sales@itwgse.com&quot;&gt;sales@itwgse.com&lt;\/a&gt;&lt;\/li&gt;\n&lt;li&gt;Mail:\u00a0&lt;a href=&quot;mailto:support@itwgse.com&quot;&gt;support@itwgse.com&lt;\/a&gt;&lt;\/li&gt;\n&lt;\/ul&gt;\n            <\/div>\n                    <div class=\"mtt-contact-info-content formatted_content\">\n                <div class=\"mtt-contact-info-title\">\n                    ITW GSE Asia Pacific                <\/div>\n                &lt;ul&gt;\n&lt;li&gt;12 Tannery Road&lt;\/li&gt;\n&lt;li&gt;HB Centre 1&lt;\/li&gt;\n&lt;li&gt;#06-04, Singapore 347722&lt;\/li&gt;\n&lt;li&gt;Mail:\u00a0&lt;a href=&quot;mailto:sales@itwgse.com&quot;&gt;sales@itwgse.com&lt;\/a&gt;&lt;\/li&gt;\n&lt;li&gt;Mail:\u00a0&lt;a href=&quot;mailto:support@itwgse.com&quot;&gt;support@itwgse.com&lt;\/a&gt;&lt;\/li&gt;\n&lt;\/ul&gt;\n            <\/div>\n            <\/div>\n<\/div><\/div><\/div>\n<\/div>\n<\/div>\n<\/div>\n","protected":false},"excerpt":{"rendered":"","protected":false},"author":1,"featured_media":0,"parent":0,"menu_order":86,"comment_status":"closed","ping_status":"closed","template":"","meta":{"_acf_changed":false,"_relevanssi_hide_post":"","_relevanssi_hide_content":"","_relevanssi_pin_for_all":"","_relevanssi_pin_keywords":"","_relevanssi_unpin_keywords":"","_relevanssi_related_keywords":"","_relevanssi_related_include_ids":"","_relevanssi_related_exclude_ids":"","_relevanssi_related_no_append":"","_relevanssi_related_not_related":"","_relevanssi_related_posts":"","_relevanssi_noindex_reason":"","footnotes":""},"class_list":["post-8637","page","type-page","status-publish","hentry"],"acf":[],"yoast_head":"<!-- This site is optimized with the Yoast SEO plugin v27.0 - https:\/\/yoast.com\/product\/yoast-seo-wordpress\/ -->\n<title>Instalaciones y oficinas - La Informaci\u00f3n | ITW GSE<\/title>\n<meta name=\"description\" content=\"Encuentre las instalaciones y oficinas de ITW GSE aqu\u00ed. P\u00f3ngase en contacto por correo electr\u00f3nico o llamada telef\u00f3nica a la instalaci\u00f3n u oficina.\" \/>\n<meta name=\"robots\" content=\"noindex, follow, max-snippet:-1, max-image-preview:large, max-video-preview:-1\" \/>\n<meta property=\"og:locale\" content=\"es_ES\" \/>\n<meta property=\"og:type\" content=\"article\" \/>\n<meta property=\"og:title\" content=\"Instalaciones y oficinas - La Informaci\u00f3n | ITW GSE\" \/>\n<meta property=\"og:description\" content=\"Encuentre las instalaciones y oficinas de ITW GSE aqu\u00ed. P\u00f3ngase en contacto por correo electr\u00f3nico o llamada telef\u00f3nica a la instalaci\u00f3n u oficina.\" \/>\n<meta property=\"og:url\" content=\"https:\/\/itwgse.com.bluebird.pw\/es\/instalaciones-y-oficinas\/\" \/>\n<meta property=\"og:site_name\" content=\"ITW GSE\" \/>\n<meta property=\"article:publisher\" content=\"https:\/\/www.facebook.com\/ITWGSE\/\" \/>\n<meta property=\"article:modified_time\" content=\"2020-03-12T11:15:57+00:00\" \/>\n<meta name=\"twitter:card\" content=\"summary_large_image\" \/>\n<script type=\"application\/ld+json\" class=\"yoast-schema-graph\">{\"@context\":\"https:\/\/schema.org\",\"@graph\":[{\"@type\":\"WebPage\",\"@id\":\"https:\/\/itwgse.com.bluebird.pw\/es\/instalaciones-y-oficinas\/\",\"url\":\"https:\/\/itwgse.com.bluebird.pw\/es\/instalaciones-y-oficinas\/\",\"name\":\"Instalaciones y oficinas - La Informaci\u00f3n | ITW GSE\",\"isPartOf\":{\"@id\":\"https:\/\/itwgse.com.bluebird.pw\/#website\"},\"datePublished\":\"2018-03-23T13:31:01+00:00\",\"dateModified\":\"2020-03-12T11:15:57+00:00\",\"description\":\"Encuentre las instalaciones y oficinas de ITW GSE aqu\u00ed. P\u00f3ngase en contacto por correo electr\u00f3nico o llamada telef\u00f3nica a la instalaci\u00f3n u oficina.\",\"breadcrumb\":{\"@id\":\"https:\/\/itwgse.com.bluebird.pw\/es\/instalaciones-y-oficinas\/#breadcrumb\"},\"inLanguage\":\"es\",\"potentialAction\":[{\"@type\":\"ReadAction\",\"target\":[\"https:\/\/itwgse.com.bluebird.pw\/es\/instalaciones-y-oficinas\/\"]}]},{\"@type\":\"BreadcrumbList\",\"@id\":\"https:\/\/itwgse.com.bluebird.pw\/es\/instalaciones-y-oficinas\/#breadcrumb\",\"itemListElement\":[{\"@type\":\"ListItem\",\"position\":1,\"name\":\"Home\",\"item\":\"https:\/\/itwgse.com.bluebird.pw\/es\/\"},{\"@type\":\"ListItem\",\"position\":2,\"name\":\"Instalaciones y oficinas\"}]},{\"@type\":\"WebSite\",\"@id\":\"https:\/\/itwgse.com.bluebird.pw\/#website\",\"url\":\"https:\/\/itwgse.com.bluebird.pw\/\",\"name\":\"ITW GSE\",\"description\":\"It&#039;s all about connections\",\"publisher\":{\"@id\":\"https:\/\/itwgse.com.bluebird.pw\/#organization\"},\"potentialAction\":[{\"@type\":\"SearchAction\",\"target\":{\"@type\":\"EntryPoint\",\"urlTemplate\":\"https:\/\/itwgse.com.bluebird.pw\/?s={search_term_string}\"},\"query-input\":{\"@type\":\"PropertyValueSpecification\",\"valueRequired\":true,\"valueName\":\"search_term_string\"}}],\"inLanguage\":\"es\"},{\"@type\":\"Organization\",\"@id\":\"https:\/\/itwgse.com.bluebird.pw\/#organization\",\"name\":\"ITW GSE\",\"url\":\"https:\/\/itwgse.com.bluebird.pw\/\",\"logo\":{\"@type\":\"ImageObject\",\"inLanguage\":\"es\",\"@id\":\"https:\/\/itwgse.com.bluebird.pw\/#\/schema\/logo\/image\/\",\"url\":\"https:\/\/itwgse.com.bluebird.pw\/wp-content\/uploads\/2018\/11\/logo.png\",\"contentUrl\":\"https:\/\/itwgse.com.bluebird.pw\/wp-content\/uploads\/2018\/11\/logo.png\",\"width\":302,\"height\":237,\"caption\":\"ITW GSE\"},\"image\":{\"@id\":\"https:\/\/itwgse.com.bluebird.pw\/#\/schema\/logo\/image\/\"},\"sameAs\":[\"https:\/\/www.facebook.com\/ITWGSE\/\",\"https:\/\/www.linkedin.com\/company\/itw-gse\/\",\"https:\/\/www.youtube.com\/channel\/UCTUIMvyaOPfYIqzP8enZ8yw\"]}]}<\/script>\n<!-- \/ Yoast SEO plugin. -->","yoast_head_json":{"title":"Instalaciones y oficinas - La Informaci\u00f3n | ITW GSE","description":"Encuentre las instalaciones y oficinas de ITW GSE aqu\u00ed. P\u00f3ngase en contacto por correo electr\u00f3nico o llamada telef\u00f3nica a la instalaci\u00f3n u oficina.","robots":{"index":"noindex","follow":"follow","max-snippet":"max-snippet:-1","max-image-preview":"max-image-preview:large","max-video-preview":"max-video-preview:-1"},"og_locale":"es_ES","og_type":"article","og_title":"Instalaciones y oficinas - La Informaci\u00f3n | ITW GSE","og_description":"Encuentre las instalaciones y oficinas de ITW GSE aqu\u00ed. P\u00f3ngase en contacto por correo electr\u00f3nico o llamada telef\u00f3nica a la instalaci\u00f3n u oficina.","og_url":"https:\/\/itwgse.com.bluebird.pw\/es\/instalaciones-y-oficinas\/","og_site_name":"ITW GSE","article_publisher":"https:\/\/www.facebook.com\/ITWGSE\/","article_modified_time":"2020-03-12T11:15:57+00:00","twitter_card":"summary_large_image","schema":{"@context":"https:\/\/schema.org","@graph":[{"@type":"WebPage","@id":"https:\/\/itwgse.com.bluebird.pw\/es\/instalaciones-y-oficinas\/","url":"https:\/\/itwgse.com.bluebird.pw\/es\/instalaciones-y-oficinas\/","name":"Instalaciones y oficinas - La Informaci\u00f3n | ITW GSE","isPartOf":{"@id":"https:\/\/itwgse.com.bluebird.pw\/#website"},"datePublished":"2018-03-23T13:31:01+00:00","dateModified":"2020-03-12T11:15:57+00:00","description":"Encuentre las instalaciones y oficinas de ITW GSE aqu\u00ed. P\u00f3ngase en contacto por correo electr\u00f3nico o llamada telef\u00f3nica a la instalaci\u00f3n u oficina.","breadcrumb":{"@id":"https:\/\/itwgse.com.bluebird.pw\/es\/instalaciones-y-oficinas\/#breadcrumb"},"inLanguage":"es","potentialAction":[{"@type":"ReadAction","target":["https:\/\/itwgse.com.bluebird.pw\/es\/instalaciones-y-oficinas\/"]}]},{"@type":"BreadcrumbList","@id":"https:\/\/itwgse.com.bluebird.pw\/es\/instalaciones-y-oficinas\/#breadcrumb","itemListElement":[{"@type":"ListItem","position":1,"name":"Home","item":"https:\/\/itwgse.com.bluebird.pw\/es\/"},{"@type":"ListItem","position":2,"name":"Instalaciones y oficinas"}]},{"@type":"WebSite","@id":"https:\/\/itwgse.com.bluebird.pw\/#website","url":"https:\/\/itwgse.com.bluebird.pw\/","name":"ITW GSE","description":"It&#039;s all about connections","publisher":{"@id":"https:\/\/itwgse.com.bluebird.pw\/#organization"},"potentialAction":[{"@type":"SearchAction","target":{"@type":"EntryPoint","urlTemplate":"https:\/\/itwgse.com.bluebird.pw\/?s={search_term_string}"},"query-input":{"@type":"PropertyValueSpecification","valueRequired":true,"valueName":"search_term_string"}}],"inLanguage":"es"},{"@type":"Organization","@id":"https:\/\/itwgse.com.bluebird.pw\/#organization","name":"ITW GSE","url":"https:\/\/itwgse.com.bluebird.pw\/","logo":{"@type":"ImageObject","inLanguage":"es","@id":"https:\/\/itwgse.com.bluebird.pw\/#\/schema\/logo\/image\/","url":"https:\/\/itwgse.com.bluebird.pw\/wp-content\/uploads\/2018\/11\/logo.png","contentUrl":"https:\/\/itwgse.com.bluebird.pw\/wp-content\/uploads\/2018\/11\/logo.png","width":302,"height":237,"caption":"ITW GSE"},"image":{"@id":"https:\/\/itwgse.com.bluebird.pw\/#\/schema\/logo\/image\/"},"sameAs":["https:\/\/www.facebook.com\/ITWGSE\/","https:\/\/www.linkedin.com\/company\/itw-gse\/","https:\/\/www.youtube.com\/channel\/UCTUIMvyaOPfYIqzP8enZ8yw"]}]}},"_links":{"self":[{"href":"https:\/\/itwgse.com.bluebird.pw\/es\/wp-json\/wp\/v2\/pages\/8637","targetHints":{"allow":["GET"]}}],"collection":[{"href":"https:\/\/itwgse.com.bluebird.pw\/es\/wp-json\/wp\/v2\/pages"}],"about":[{"href":"https:\/\/itwgse.com.bluebird.pw\/es\/wp-json\/wp\/v2\/types\/page"}],"author":[{"embeddable":true,"href":"https:\/\/itwgse.com.bluebird.pw\/es\/wp-json\/wp\/v2\/users\/1"}],"replies":[{"embeddable":true,"href":"https:\/\/itwgse.com.bluebird.pw\/es\/wp-json\/wp\/v2\/comments?post=8637"}],"version-history":[{"count":2,"href":"https:\/\/itwgse.com.bluebird.pw\/es\/wp-json\/wp\/v2\/pages\/8637\/revisions"}],"predecessor-version":[{"id":10593,"href":"https:\/\/itwgse.com.bluebird.pw\/es\/wp-json\/wp\/v2\/pages\/8637\/revisions\/10593"}],"wp:attachment":[{"href":"https:\/\/itwgse.com.bluebird.pw\/es\/wp-json\/wp\/v2\/media?parent=8637"}],"curies":[{"name":"wp","href":"https:\/\/api.w.org\/{rel}","templated":true}]}}