{"id":19149,"date":"2018-03-19T20:02:55","date_gmt":"2022-01-19T08:46:34","guid":{"rendered":"https:\/\/itwgse.com.bluebird.pw\/?post_type=product&#038;p=19149"},"modified":"2022-01-19T09:46:47","modified_gmt":"2022-01-19T08:46:47","slug":"nueva-tapa-resistente-a-la-abrasion","status":"publish","type":"product","link":"https:\/\/itwgse.com.bluebird.pw\/es\/productos\/cables-es\/nueva-tapa-resistente-a-la-abrasion\/","title":{"rendered":"Nueva tapa resistente a la abrasi\u00f3n"},"content":{"rendered":"<div id=\"pl-19149\"  class=\"panel-layout\" ><div id=\"pg-19149-0\"  class=\"panel-grid panel-no-style\" ><div id=\"pgc-19149-0-0\"  class=\"panel-grid-cell\" ><div id=\"panel-19149-0-0-0\" class=\"so-panel widget widget_mtt-cover-section panel-first-child panel-last-child\" data-index=\"0\" ><div\n\t\t\t\n\t\t\tclass=\"so-widget-mtt-cover-section so-widget-mtt-cover-section-base\"\n\t\t\t\n\t\t>\n<div class=\"mtt-cover-section-wrap product\">\n    <div class=\"mtt-cover-product-container\">\n        <div class=\"mtt-cover-section-text-wrap\">\n            <img decoding=\"async\" width=\"756\" height=\"623\" src=\"https:\/\/itwgse.com.bluebird.pw\/wp-content\/uploads\/2018\/03\/new-abrasion-resistant-cap_menu.png\" class=\"cover-product\" alt=\"Abrasion Resistant Cap\" srcset=\"https:\/\/itwgse.com.bluebird.pw\/wp-content\/uploads\/2018\/03\/new-abrasion-resistant-cap_menu.png 756w, https:\/\/itwgse.com.bluebird.pw\/wp-content\/uploads\/2018\/03\/new-abrasion-resistant-cap_menu-300x247.png 300w, https:\/\/itwgse.com.bluebird.pw\/wp-content\/uploads\/2018\/03\/new-abrasion-resistant-cap_menu-728x600.png 728w, https:\/\/itwgse.com.bluebird.pw\/wp-content\/uploads\/2018\/03\/new-abrasion-resistant-cap_menu-637x525.png 637w, https:\/\/itwgse.com.bluebird.pw\/wp-content\/uploads\/2018\/03\/new-abrasion-resistant-cap_menu-600x494.png 600w\" sizes=\"(max-width: 756px) 100vw, 756px\" \/>            <div class=\"mtt-cover-section-text\">\n                                <span class=\"tagline\"><\/span>\n                <h1>Nueva tapa resistente a la abrasi\u00f3n<\/h1>\n                <div class=\"text\">ITW GSE has patented an abrasion resistant replaceable end cap for 400 Hz cables. The new Replaceable Cap is specially designed with a tapered edge to fit securely on any aircraft in the market that utilizes 400 Hz power<\/p>\n<\/div>\n                <input type=\"hidden\" name=\"product\" value=\"19149\">\n\n                    <div class=\"button-wrap\">\n                        <a class=\"button mtt-support-box modal\" data-flow=\"request-quotation\" data-template=\"request-form\"\n                           data-product_id=\"19149\" data-previous_no_pagination=\"true\">Solicitar Producto<\/a>\n\n                                            <\/div>\n\n            <\/div>\n        <\/div>\n    <\/div>\n    <div class=\"mtt-cover-product-background no-background\" >\n                <div class=\"mtt-cover-product-background-image\">\n                        <img decoding=\"async\"  src=\"https:\/\/itwgse.com.bluebird.pw\/wp-content\/themes\/itwgse\/assets\/img\/cover\/itwgse_cut_wide.svg\" class=\"itwgse-cut\">        <\/div>\n\n        <div class=\"mtt-cover-product small\">\n            <img decoding=\"async\" width=\"1200\" height=\"740\" src=\"https:\/\/itwgse.com.bluebird.pw\/wp-content\/uploads\/2018\/03\/new-abrasion-resistant-cap-1200x740.png\" class=\"attachment-1200x740x size-1200x740x\" alt=\"\" srcset=\"https:\/\/itwgse.com.bluebird.pw\/wp-content\/uploads\/2018\/03\/new-abrasion-resistant-cap.png 1200w, https:\/\/itwgse.com.bluebird.pw\/wp-content\/uploads\/2018\/03\/new-abrasion-resistant-cap-300x185.png 300w, https:\/\/itwgse.com.bluebird.pw\/wp-content\/uploads\/2018\/03\/new-abrasion-resistant-cap-1024x631.png 1024w\" sizes=\"(max-width: 1200px) 100vw, 1200px\" \/>        <\/div>\n    <\/div>\n<\/div><\/div><\/div><\/div><\/div><div id=\"pg-19149-1\"  class=\"panel-grid panel-no-style\" ><div id=\"pgc-19149-1-0\"  class=\"panel-grid-cell\" ><div id=\"panel-19149-1-0-0\" class=\"so-panel widget widget_mtt-one-col-text panel-first-child panel-last-child\" data-index=\"1\" ><div\n\t\t\t\n\t\t\tclass=\"so-widget-mtt-one-col-text so-widget-mtt-one-col-text-base\"\n\t\t\t\n\t\t>\n<div class=\"mtt-two-col-wrapper no-bottom-padding\">\n    <div class=\"mtt-two-col-container\">\n        <div class=\"mtt-two-col-content formatted_content\">\n\t\t\t            <div class=\"text-section one-col\">\n                These 400 Hz replaceable caps are made of a highly durable composite selected for its strength, durability and longer life. This newly designed cap is compatible with all aircraft types<\/p>\n            <\/div>\n\n            \n                        <\/div>\n    <\/div>\n<\/div>\n<\/div><\/div><\/div><\/div><div id=\"pg-19149-2\"  class=\"panel-grid panel-no-style\" ><div id=\"pgc-19149-2-0\"  class=\"panel-grid-cell\" ><div id=\"panel-19149-2-0-0\" class=\"so-panel widget widget_mtt-one-col-text panel-first-child panel-last-child\" data-index=\"2\" ><div\n\t\t\t\n\t\t\tclass=\"so-widget-mtt-one-col-text so-widget-mtt-one-col-text-base\"\n\t\t\t\n\t\t>\n<div class=\"mtt-two-col-wrapper no-bottom-padding\">\n    <div class=\"mtt-two-col-container\">\n        <div class=\"mtt-two-col-content formatted_content has-title-one\">\n\t\t\t                <h2>The new Replaceable Abrasion Resistant Cap will:<\/h2>\n                        <div class=\"text-section one-col\">\n                \n2 - 3 minute replacement time<\/li>\nReduce wear and tear to extend service life of cables<\/li>\nExtend the life of your replacement contact sections<\/li>\nIncrease savings on cable repairs and replacement<\/li>\nReduce maintenance down time on all applications, saving time and money<\/li>\n<\/ul>\n            <\/div>\n\n            \n                        <\/div>\n    <\/div>\n<\/div>\n<\/div><\/div><\/div><\/div><div id=\"pg-19149-3\"  class=\"panel-grid panel-no-style\" ><div id=\"pgc-19149-3-0\"  class=\"panel-grid-cell\" ><div id=\"panel-19149-3-0-0\" class=\"so-panel widget widget_mtt-one-col-text panel-first-child panel-last-child\" data-index=\"3\" ><div\n\t\t\t\n\t\t\tclass=\"so-widget-mtt-one-col-text so-widget-mtt-one-col-text-base\"\n\t\t\t\n\t\t>\n<div class=\"mtt-two-col-wrapper\">\n    <div class=\"mtt-two-col-container\">\n        <div class=\"mtt-two-col-content formatted_content has-title-one\">\n\t\t\t                <h2>When is it time to replace the Abrasion Resistant Cap?<\/h2>\n                        <div class=\"text-section one-col\">\n                Regular cable inspection is a critical aspect of any preventative maintenance program. When using end caps the corners will show wear exposing the contact section which indicates it is time for replacement.<\/p>\n            <\/div>\n\n            \n                        <\/div>\n    <\/div>\n<\/div>\n<\/div><\/div><\/div><\/div><div id=\"pg-19149-4\"  class=\"panel-grid panel-no-style\" ><div id=\"pgc-19149-4-0\"  class=\"panel-grid-cell\" ><div id=\"panel-19149-4-0-0\" class=\"so-panel widget widget_mtt-product-files panel-first-child\" data-index=\"4\" ><div\n\t\t\t\n\t\t\tclass=\"so-widget-mtt-product-files so-widget-mtt-product-files-base\"\n\t\t\t\n\t\t>    <div class=\"product-files-wrapper no-top-padding\">\n        <div class=\"page_container\">\n            <h2>Download para Nueva tapa resistente a la abrasi\u00f3n<\/h2>\n            <div class=\"button-wrap\">\n                                                            <a\n                            class=\"button open-modal\"\n                            href=\"#\"\n                            data-id=\"4f532c63-33f5-4da8-94af-9514c2c74bac\"\n                        >\n                            Cat\u00e1logo                        <\/a>\n                                                                        <\/div>\n        <\/div>\n    <\/div>\n    <\/div><\/div><div id=\"panel-19149-4-0-1\" class=\"so-panel widget widget_mtt-one-col-text panel-last-child\" data-index=\"5\" ><div\n\t\t\t\n\t\t\tclass=\"so-widget-mtt-one-col-text so-widget-mtt-one-col-text-base\"\n\t\t\t\n\t\t>\n<div class=\"mtt-two-col-wrapper no-top-padding\">\n    <div class=\"mtt-two-col-container\">\n        <div class=\"mtt-two-col-content formatted_content has-title-one\">\n\t\t\t                <h2>Formerly known as J&B Aviation<\/h2>\n                        <div class=\"text-section one-col\">\n                Until 2018, the New Abrasion Resistant Cao was sold under the J&B Aviation brands.<\/p>\nRead more about our\u00a0brand history<\/a>.<\/p>\n            <\/div>\n\n            \n                        <\/div>\n    <\/div>\n<\/div>\n<\/div><\/div><\/div><\/div><\/div>","protected":false},"excerpt":{"rendered":"<p>La nueva secci\u00f3n de contacto reemplazable de ITW GSE est\u00e1 especialmente dise\u00f1ada con un borde de forma conoidal para adaptarse de forma segura a cualquier avi\u00f3n del mercado actual que utilice una potencia de 400 Hz.<\/p>\n","protected":false},"featured_media":4557,"comment_status":"open","ping_status":"closed","template":"","meta":{"_acf_changed":false,"_relevanssi_hide_post":"","_relevanssi_hide_content":"","_relevanssi_pin_for_all":"","_relevanssi_pin_keywords":"","_relevanssi_unpin_keywords":"","_relevanssi_related_keywords":"","_relevanssi_related_include_ids":"","_relevanssi_related_exclude_ids":"","_relevanssi_related_no_append":"","_relevanssi_related_not_related":"","_relevanssi_related_posts":"","_relevanssi_noindex_reason":""},"product_brand":[],"product_cat":[4466,3591,4470],"product_tag":[],"class_list":{"0":"post-19149","1":"product","2":"type-product","3":"status-publish","4":"has-post-thumbnail","6":"product_cat-brochure-catalog-es","7":"product_cat-cables-es","8":"product_cat-cables-and-hoses-es","10":"first","11":"instock","12":"shipping-taxable","13":"purchasable","14":"product-type-simple"},"acf":[],"yoast_head":"<!-- This site is optimized with the Yoast SEO plugin v27.0 - https:\/\/yoast.com\/product\/yoast-seo-wordpress\/ -->\n<title>Nueva tapa resistente a la abrasi\u00f3n - ITW GSE<\/title>\n<meta name=\"robots\" content=\"noindex, follow, max-snippet:-1, max-image-preview:large, max-video-preview:-1\" \/>\n<meta property=\"og:locale\" content=\"es_ES\" \/>\n<meta property=\"og:type\" content=\"article\" \/>\n<meta property=\"og:title\" content=\"Nueva tapa resistente a la abrasi\u00f3n - ITW GSE\" \/>\n<meta property=\"og:description\" content=\"La nueva secci\u00f3n de contacto reemplazable de ITW GSE est\u00e1 especialmente dise\u00f1ada con un borde de forma conoidal para adaptarse de forma segura a cualquier avi\u00f3n del mercado actual que utilice una potencia de 400 Hz.\" \/>\n<meta property=\"og:url\" content=\"https:\/\/itwgse.com.bluebird.pw\/es\/productos\/cables-es\/nueva-tapa-resistente-a-la-abrasion\/\" \/>\n<meta property=\"og:site_name\" content=\"ITW GSE\" \/>\n<meta property=\"article:publisher\" content=\"https:\/\/www.facebook.com\/ITWGSE\/\" \/>\n<meta property=\"article:modified_time\" content=\"2022-01-19T08:46:47+00:00\" \/>\n<meta property=\"og:image\" content=\"https:\/\/itwgse.com.bluebird.pw\/wp-content\/uploads\/2018\/03\/new-abrasion-resistant-cap_menu.png\" \/>\n\t<meta property=\"og:image:width\" content=\"756\" \/>\n\t<meta property=\"og:image:height\" content=\"623\" \/>\n\t<meta property=\"og:image:type\" content=\"image\/png\" \/>\n<meta name=\"twitter:card\" content=\"summary_large_image\" \/>\n<script type=\"application\/ld+json\" class=\"yoast-schema-graph\">{\"@context\":\"https:\/\/schema.org\",\"@graph\":[{\"@type\":\"WebPage\",\"@id\":\"https:\/\/itwgse.com.bluebird.pw\/es\/productos\/cables-es\/nueva-tapa-resistente-a-la-abrasion\/\",\"url\":\"https:\/\/itwgse.com.bluebird.pw\/es\/productos\/cables-es\/nueva-tapa-resistente-a-la-abrasion\/\",\"name\":\"Nueva tapa resistente a la abrasi\u00f3n - ITW GSE\",\"isPartOf\":{\"@id\":\"https:\/\/itwgse.com.bluebird.pw\/#website\"},\"primaryImageOfPage\":{\"@id\":\"https:\/\/itwgse.com.bluebird.pw\/es\/productos\/cables-es\/nueva-tapa-resistente-a-la-abrasion\/#primaryimage\"},\"image\":{\"@id\":\"https:\/\/itwgse.com.bluebird.pw\/es\/productos\/cables-es\/nueva-tapa-resistente-a-la-abrasion\/#primaryimage\"},\"thumbnailUrl\":\"https:\/\/itwgse.com.bluebird.pw\/wp-content\/uploads\/2018\/03\/new-abrasion-resistant-cap_menu.png\",\"datePublished\":\"2022-01-19T08:46:34+00:00\",\"dateModified\":\"2022-01-19T08:46:47+00:00\",\"breadcrumb\":{\"@id\":\"https:\/\/itwgse.com.bluebird.pw\/es\/productos\/cables-es\/nueva-tapa-resistente-a-la-abrasion\/#breadcrumb\"},\"inLanguage\":\"es\",\"potentialAction\":[{\"@type\":\"ReadAction\",\"target\":[\"https:\/\/itwgse.com.bluebird.pw\/es\/productos\/cables-es\/nueva-tapa-resistente-a-la-abrasion\/\"]}]},{\"@type\":\"ImageObject\",\"inLanguage\":\"es\",\"@id\":\"https:\/\/itwgse.com.bluebird.pw\/es\/productos\/cables-es\/nueva-tapa-resistente-a-la-abrasion\/#primaryimage\",\"url\":\"https:\/\/itwgse.com.bluebird.pw\/wp-content\/uploads\/2018\/03\/new-abrasion-resistant-cap_menu.png\",\"contentUrl\":\"https:\/\/itwgse.com.bluebird.pw\/wp-content\/uploads\/2018\/03\/new-abrasion-resistant-cap_menu.png\",\"width\":756,\"height\":623,\"caption\":\"Abrasion Resistant Cap\"},{\"@type\":\"BreadcrumbList\",\"@id\":\"https:\/\/itwgse.com.bluebird.pw\/es\/productos\/cables-es\/nueva-tapa-resistente-a-la-abrasion\/#breadcrumb\",\"itemListElement\":[{\"@type\":\"ListItem\",\"position\":1,\"name\":\"Home\",\"item\":\"https:\/\/itwgse.com.bluebird.pw\/es\/\"},{\"@type\":\"ListItem\",\"position\":2,\"name\":\"Nueva tapa resistente a la abrasi\u00f3n\"}]},{\"@type\":\"WebSite\",\"@id\":\"https:\/\/itwgse.com.bluebird.pw\/#website\",\"url\":\"https:\/\/itwgse.com.bluebird.pw\/\",\"name\":\"ITW GSE\",\"description\":\"It&#039;s all about connections\",\"publisher\":{\"@id\":\"https:\/\/itwgse.com.bluebird.pw\/#organization\"},\"potentialAction\":[{\"@type\":\"SearchAction\",\"target\":{\"@type\":\"EntryPoint\",\"urlTemplate\":\"https:\/\/itwgse.com.bluebird.pw\/?s={search_term_string}\"},\"query-input\":{\"@type\":\"PropertyValueSpecification\",\"valueRequired\":true,\"valueName\":\"search_term_string\"}}],\"inLanguage\":\"es\"},{\"@type\":\"Organization\",\"@id\":\"https:\/\/itwgse.com.bluebird.pw\/#organization\",\"name\":\"ITW GSE\",\"url\":\"https:\/\/itwgse.com.bluebird.pw\/\",\"logo\":{\"@type\":\"ImageObject\",\"inLanguage\":\"es\",\"@id\":\"https:\/\/itwgse.com.bluebird.pw\/#\/schema\/logo\/image\/\",\"url\":\"https:\/\/itwgse.com.bluebird.pw\/wp-content\/uploads\/2018\/11\/logo.png\",\"contentUrl\":\"https:\/\/itwgse.com.bluebird.pw\/wp-content\/uploads\/2018\/11\/logo.png\",\"width\":302,\"height\":237,\"caption\":\"ITW GSE\"},\"image\":{\"@id\":\"https:\/\/itwgse.com.bluebird.pw\/#\/schema\/logo\/image\/\"},\"sameAs\":[\"https:\/\/www.facebook.com\/ITWGSE\/\",\"https:\/\/www.linkedin.com\/company\/itw-gse\/\",\"https:\/\/www.youtube.com\/channel\/UCTUIMvyaOPfYIqzP8enZ8yw\"]}]}<\/script>\n<!-- \/ Yoast SEO plugin. -->","yoast_head_json":{"title":"Nueva tapa resistente a la abrasi\u00f3n - ITW GSE","robots":{"index":"noindex","follow":"follow","max-snippet":"max-snippet:-1","max-image-preview":"max-image-preview:large","max-video-preview":"max-video-preview:-1"},"og_locale":"es_ES","og_type":"article","og_title":"Nueva tapa resistente a la abrasi\u00f3n - ITW GSE","og_description":"La nueva secci\u00f3n de contacto reemplazable de ITW GSE est\u00e1 especialmente dise\u00f1ada con un borde de forma conoidal para adaptarse de forma segura a cualquier avi\u00f3n del mercado actual que utilice una potencia de 400 Hz.","og_url":"https:\/\/itwgse.com.bluebird.pw\/es\/productos\/cables-es\/nueva-tapa-resistente-a-la-abrasion\/","og_site_name":"ITW GSE","article_publisher":"https:\/\/www.facebook.com\/ITWGSE\/","article_modified_time":"2022-01-19T08:46:47+00:00","og_image":[{"width":756,"height":623,"url":"https:\/\/itwgse.com.bluebird.pw\/wp-content\/uploads\/2018\/03\/new-abrasion-resistant-cap_menu.png","type":"image\/png"}],"twitter_card":"summary_large_image","schema":{"@context":"https:\/\/schema.org","@graph":[{"@type":"WebPage","@id":"https:\/\/itwgse.com.bluebird.pw\/es\/productos\/cables-es\/nueva-tapa-resistente-a-la-abrasion\/","url":"https:\/\/itwgse.com.bluebird.pw\/es\/productos\/cables-es\/nueva-tapa-resistente-a-la-abrasion\/","name":"Nueva tapa resistente a la abrasi\u00f3n - ITW GSE","isPartOf":{"@id":"https:\/\/itwgse.com.bluebird.pw\/#website"},"primaryImageOfPage":{"@id":"https:\/\/itwgse.com.bluebird.pw\/es\/productos\/cables-es\/nueva-tapa-resistente-a-la-abrasion\/#primaryimage"},"image":{"@id":"https:\/\/itwgse.com.bluebird.pw\/es\/productos\/cables-es\/nueva-tapa-resistente-a-la-abrasion\/#primaryimage"},"thumbnailUrl":"https:\/\/itwgse.com.bluebird.pw\/wp-content\/uploads\/2018\/03\/new-abrasion-resistant-cap_menu.png","datePublished":"2022-01-19T08:46:34+00:00","dateModified":"2022-01-19T08:46:47+00:00","breadcrumb":{"@id":"https:\/\/itwgse.com.bluebird.pw\/es\/productos\/cables-es\/nueva-tapa-resistente-a-la-abrasion\/#breadcrumb"},"inLanguage":"es","potentialAction":[{"@type":"ReadAction","target":["https:\/\/itwgse.com.bluebird.pw\/es\/productos\/cables-es\/nueva-tapa-resistente-a-la-abrasion\/"]}]},{"@type":"ImageObject","inLanguage":"es","@id":"https:\/\/itwgse.com.bluebird.pw\/es\/productos\/cables-es\/nueva-tapa-resistente-a-la-abrasion\/#primaryimage","url":"https:\/\/itwgse.com.bluebird.pw\/wp-content\/uploads\/2018\/03\/new-abrasion-resistant-cap_menu.png","contentUrl":"https:\/\/itwgse.com.bluebird.pw\/wp-content\/uploads\/2018\/03\/new-abrasion-resistant-cap_menu.png","width":756,"height":623,"caption":"Abrasion Resistant Cap"},{"@type":"BreadcrumbList","@id":"https:\/\/itwgse.com.bluebird.pw\/es\/productos\/cables-es\/nueva-tapa-resistente-a-la-abrasion\/#breadcrumb","itemListElement":[{"@type":"ListItem","position":1,"name":"Home","item":"https:\/\/itwgse.com.bluebird.pw\/es\/"},{"@type":"ListItem","position":2,"name":"Nueva tapa resistente a la abrasi\u00f3n"}]},{"@type":"WebSite","@id":"https:\/\/itwgse.com.bluebird.pw\/#website","url":"https:\/\/itwgse.com.bluebird.pw\/","name":"ITW GSE","description":"It&#039;s all about connections","publisher":{"@id":"https:\/\/itwgse.com.bluebird.pw\/#organization"},"potentialAction":[{"@type":"SearchAction","target":{"@type":"EntryPoint","urlTemplate":"https:\/\/itwgse.com.bluebird.pw\/?s={search_term_string}"},"query-input":{"@type":"PropertyValueSpecification","valueRequired":true,"valueName":"search_term_string"}}],"inLanguage":"es"},{"@type":"Organization","@id":"https:\/\/itwgse.com.bluebird.pw\/#organization","name":"ITW GSE","url":"https:\/\/itwgse.com.bluebird.pw\/","logo":{"@type":"ImageObject","inLanguage":"es","@id":"https:\/\/itwgse.com.bluebird.pw\/#\/schema\/logo\/image\/","url":"https:\/\/itwgse.com.bluebird.pw\/wp-content\/uploads\/2018\/11\/logo.png","contentUrl":"https:\/\/itwgse.com.bluebird.pw\/wp-content\/uploads\/2018\/11\/logo.png","width":302,"height":237,"caption":"ITW GSE"},"image":{"@id":"https:\/\/itwgse.com.bluebird.pw\/#\/schema\/logo\/image\/"},"sameAs":["https:\/\/www.facebook.com\/ITWGSE\/","https:\/\/www.linkedin.com\/company\/itw-gse\/","https:\/\/www.youtube.com\/channel\/UCTUIMvyaOPfYIqzP8enZ8yw"]}]}},"_links":{"self":[{"href":"https:\/\/itwgse.com.bluebird.pw\/es\/wp-json\/wp\/v2\/product\/19149","targetHints":{"allow":["GET"]}}],"collection":[{"href":"https:\/\/itwgse.com.bluebird.pw\/es\/wp-json\/wp\/v2\/product"}],"about":[{"href":"https:\/\/itwgse.com.bluebird.pw\/es\/wp-json\/wp\/v2\/types\/product"}],"replies":[{"embeddable":true,"href":"https:\/\/itwgse.com.bluebird.pw\/es\/wp-json\/wp\/v2\/comments?post=19149"}],"wp:featuredmedia":[{"embeddable":true,"href":"https:\/\/itwgse.com.bluebird.pw\/es\/wp-json\/wp\/v2\/media\/4557"}],"wp:attachment":[{"href":"https:\/\/itwgse.com.bluebird.pw\/es\/wp-json\/wp\/v2\/media?parent=19149"}],"wp:term":[{"taxonomy":"product_brand","embeddable":true,"href":"https:\/\/itwgse.com.bluebird.pw\/es\/wp-json\/wp\/v2\/product_brand?post=19149"},{"taxonomy":"product_cat","embeddable":true,"href":"https:\/\/itwgse.com.bluebird.pw\/es\/wp-json\/wp\/v2\/product_cat?post=19149"},{"taxonomy":"product_tag","embeddable":true,"href":"https:\/\/itwgse.com.bluebird.pw\/es\/wp-json\/wp\/v2\/product_tag?post=19149"}],"curies":[{"name":"wp","href":"https:\/\/api.w.org\/{rel}","templated":true}]}}