{"id":19157,"date":"2018-03-19T13:07:37","date_gmt":"2022-01-19T09:12:03","guid":{"rendered":"https:\/\/itwgse.com.bluebird.pw\/?post_type=product&#038;p=19157"},"modified":"2022-01-19T10:12:19","modified_gmt":"2022-01-19T09:12:19","slug":"adaptador-de-avion-giratorio-360-grados","status":"publish","type":"product","link":"https:\/\/itwgse.com.bluebird.pw\/es\/productos\/mangueras\/adaptador-de-avion-giratorio-360-grados\/","title":{"rendered":"Adaptador de avi\u00f3n giratorio (360 Grados)"},"content":{"rendered":"<div id=\"pl-19157\"  class=\"panel-layout\" ><div id=\"pg-19157-0\"  class=\"panel-grid panel-no-style\" ><div id=\"pgc-19157-0-0\"  class=\"panel-grid-cell\" ><div id=\"panel-19157-0-0-0\" class=\"so-panel widget widget_mtt-cover-section panel-first-child\" data-index=\"0\" ><div\n\t\t\t\n\t\t\tclass=\"so-widget-mtt-cover-section so-widget-mtt-cover-section-base\"\n\t\t\t\n\t\t>\n<div class=\"mtt-cover-section-wrap product\">\n    <div class=\"mtt-cover-product-container\">\n        <div class=\"mtt-cover-section-text-wrap\">\n            <img decoding=\"async\" width=\"1107\" height=\"507\" src=\"https:\/\/itwgse.com.bluebird.pw\/wp-content\/uploads\/2018\/03\/Swivel_Aircraft_Adapter_menu.png\" class=\"cover-product\" alt=\"Swivel Aircraft Adapter Aircraft hoses\" srcset=\"https:\/\/itwgse.com.bluebird.pw\/wp-content\/uploads\/2018\/03\/Swivel_Aircraft_Adapter_menu.png 1107w, https:\/\/itwgse.com.bluebird.pw\/wp-content\/uploads\/2018\/03\/Swivel_Aircraft_Adapter_menu-300x137.png 300w, https:\/\/itwgse.com.bluebird.pw\/wp-content\/uploads\/2018\/03\/Swivel_Aircraft_Adapter_menu-1024x469.png 1024w, https:\/\/itwgse.com.bluebird.pw\/wp-content\/uploads\/2018\/03\/Swivel_Aircraft_Adapter_menu-900x412.png 900w, https:\/\/itwgse.com.bluebird.pw\/wp-content\/uploads\/2018\/03\/Swivel_Aircraft_Adapter_menu-750x343.png 750w, https:\/\/itwgse.com.bluebird.pw\/wp-content\/uploads\/2018\/03\/Swivel_Aircraft_Adapter_menu-768x352.png 768w, https:\/\/itwgse.com.bluebird.pw\/wp-content\/uploads\/2018\/03\/Swivel_Aircraft_Adapter_menu-600x275.png 600w\" sizes=\"(max-width: 1107px) 100vw, 1107px\" \/>            <div class=\"mtt-cover-section-text\">\n                                <span class=\"tagline\"><\/span>\n                <h1>Adaptador de avi\u00f3n giratorio (360 Grados)<\/h1>\n                <div class=\"text\">Patent Number US 8016325<\/p>\n<\/div>\n                <input type=\"hidden\" name=\"product\" value=\"19157\">\n\n                    <div class=\"button-wrap\">\n                        <a class=\"button mtt-support-box modal\" data-flow=\"request-quotation\" data-template=\"request-form\"\n                           data-product_id=\"19157\" data-previous_no_pagination=\"true\">Solicitar Producto<\/a>\n\n                                            <\/div>\n\n            <\/div>\n        <\/div>\n    <\/div>\n    <div class=\"mtt-cover-product-background no-background\" >\n                <div class=\"mtt-cover-product-background-image\">\n                        <img decoding=\"async\"  src=\"https:\/\/itwgse.com.bluebird.pw\/wp-content\/themes\/itwgse\/assets\/img\/cover\/itwgse_cut_wide.svg\" class=\"itwgse-cut\">        <\/div>\n\n        <div class=\"mtt-cover-product small\">\n            <img decoding=\"async\" width=\"1200\" height=\"740\" src=\"https:\/\/itwgse.com.bluebird.pw\/wp-content\/uploads\/2018\/03\/Swivel-Aircraft-Adapter-1200x740.png\" class=\"attachment-1200x740x size-1200x740x\" alt=\"Aircraft hoses\" srcset=\"https:\/\/itwgse.com.bluebird.pw\/wp-content\/uploads\/2018\/03\/Swivel-Aircraft-Adapter.png 1200w, https:\/\/itwgse.com.bluebird.pw\/wp-content\/uploads\/2018\/03\/Swivel-Aircraft-Adapter-300x185.png 300w, https:\/\/itwgse.com.bluebird.pw\/wp-content\/uploads\/2018\/03\/Swivel-Aircraft-Adapter-1024x631.png 1024w\" sizes=\"(max-width: 1200px) 100vw, 1200px\" \/>        <\/div>\n    <\/div>\n<\/div><\/div><\/div><div id=\"panel-19157-0-0-1\" class=\"so-panel widget widget_mtt-two-col-text\" data-index=\"1\" ><div\n\t\t\t\n\t\t\tclass=\"so-widget-mtt-two-col-text so-widget-mtt-two-col-text-base\"\n\t\t\t\n\t\t>\n<div class=\"mtt-two-col-wrapper\">\n    <div class=\"mtt-two-col-container\">\n        <div class=\"mtt-two-col-content\">\n                        <div class=\"text-section\">\n                <div class=\"col formatted_content\"><p>ITW GSE\u2019s Swivel Aircraft Connector can be used for heating or air conditioning. It is UV resistant and is designed to withstand chemicals, fuels and solvents found in the harsh ground support environment. It is light weight which makes it a necessary component for all PCA units.<\/p>\n<p>The JB360 Swivel Aircraft Adapter is named after the 360 degree rotation that it provides.<\/p>\n<p>\u00a0<\/p>\n<p>\u00a0<\/p>\n<p>Image already added\n<\/p><\/div>\n<\/div>\n<\/div>\n<\/div>\n<\/div>\n                <div class=\"col formatted_content\"><p>Features<\/h3>\n<p> \tAll necessary clamps and hoses are included to operate with the PCA Connector<\/li>\n<p> \tPatented design compensates for the twists, kinks and alignment issues that PCA hoses encounter with normal use<\/li>\n<p> \tPCA Swivel Adapter allows for maximum airflow to the aircraft<\/li>\n<p> \tRelieves ramp personnel from the task of stopping to straighten the hose and fix kinks.<\/li>\n<p> \tAvailable in the following hose lengths 13\u201d, 48\" and 96\u201d<\/li>\n<\/ul>\n<p>\u00a0<\/p>\n<p>Image already added\n<\/p><\/div>\n<\/div>\n<\/div>\n<\/div>\n                                    <\/div>\n            <\/div>\n                    <\/div>\n    <\/div>\n<\/div><\/div><\/div><div id=\"panel-19157-0-0-2\" class=\"so-panel widget widget_mtt-product-files\" data-index=\"2\" ><div\n\t\t\t\n\t\t\tclass=\"so-widget-mtt-product-files so-widget-mtt-product-files-base\"\n\t\t\t\n\t\t>    <div class=\"product-files-wrapper\">\n        <div class=\"page_container\">\n            <h2>Download para Adaptador de avi\u00f3n giratorio (360 Grados)<\/h2>\n            <div class=\"button-wrap\">\n                                                            <a\n                            class=\"button open-modal\"\n                            href=\"#\"\n                            data-id=\"d76d70f5-d61c-4b3d-999f-f1f091f98ef0\"\n                        >\n                            Cat\u00e1logo                        <\/a>\n                                                                        <\/div>\n        <\/div>\n    <\/div>\n    <\/div><\/div><div id=\"panel-19157-0-0-3\" class=\"so-panel widget widget_mtt-one-col-text panel-last-child\" data-index=\"3\" ><div\n\t\t\t\n\t\t\tclass=\"so-widget-mtt-one-col-text so-widget-mtt-one-col-text-base\"\n\t\t\t\n\t\t>\n<div class=\"mtt-two-col-wrapper no-top-padding\">\n    <div class=\"mtt-two-col-container\">\n        <div class=\"mtt-two-col-content formatted_content has-title-one\">\n\t\t\t                <h2>Formerly known as J&B Aviation<\/h2>\n                        <div class=\"text-section one-col\">\n                Until 2018, the Swivel Aircraft Adapter was sold under the J&B Aviation brand.<\/p>\nRead more about our\u00a0brand history<\/a>.<\/p>\n            <\/div>\n\n            \n                        <\/div>\n    <\/div>\n<\/div>\n<\/div><\/div><\/div><\/div><\/div>","protected":false},"excerpt":{"rendered":"<p>El dise\u00f1o patentado del adaptador giratorio para aeronaves de ITW GSE compensa los giros, torceduras y problemas de alineaci\u00f3n con las mangueras PCA.<\/p>\n","protected":false},"featured_media":4546,"comment_status":"open","ping_status":"closed","template":"","meta":{"_acf_changed":false,"_relevanssi_hide_post":"","_relevanssi_hide_content":"","_relevanssi_pin_for_all":"","_relevanssi_pin_keywords":"","_relevanssi_unpin_keywords":"","_relevanssi_related_keywords":"","_relevanssi_related_include_ids":"","_relevanssi_related_exclude_ids":"","_relevanssi_related_no_append":"","_relevanssi_related_not_related":"","_relevanssi_related_posts":"","_relevanssi_noindex_reason":""},"product_brand":[],"product_cat":[4466,4470,3590,4467],"product_tag":[],"class_list":{"0":"post-19157","1":"product","2":"type-product","3":"status-publish","4":"has-post-thumbnail","6":"product_cat-brochure-catalog-es","7":"product_cat-cables-and-hoses-es","8":"product_cat-mangueras","9":"product_cat-military-products-es","11":"first","12":"instock","13":"shipping-taxable","14":"purchasable","15":"product-type-simple"},"acf":[],"yoast_head":"<!-- This site is optimized with the Yoast SEO plugin v27.0 - https:\/\/yoast.com\/product\/yoast-seo-wordpress\/ -->\n<title>Adaptador de avi\u00f3n giratorio (360 Grados) - ITW GSE<\/title>\n<meta name=\"robots\" content=\"noindex, follow, max-snippet:-1, max-image-preview:large, max-video-preview:-1\" \/>\n<meta property=\"og:locale\" content=\"es_ES\" \/>\n<meta property=\"og:type\" content=\"article\" \/>\n<meta property=\"og:title\" content=\"Adaptador de avi\u00f3n giratorio (360 Grados) - ITW GSE\" \/>\n<meta property=\"og:description\" content=\"El dise\u00f1o patentado del adaptador giratorio para aeronaves de ITW GSE compensa los giros, torceduras y problemas de alineaci\u00f3n con las mangueras PCA.\" \/>\n<meta property=\"og:url\" content=\"https:\/\/itwgse.com.bluebird.pw\/es\/productos\/mangueras\/adaptador-de-avion-giratorio-360-grados\/\" \/>\n<meta property=\"og:site_name\" content=\"ITW GSE\" \/>\n<meta property=\"article:publisher\" content=\"https:\/\/www.facebook.com\/ITWGSE\/\" \/>\n<meta property=\"article:modified_time\" content=\"2022-01-19T09:12:19+00:00\" \/>\n<meta property=\"og:image\" content=\"https:\/\/itwgse.com.bluebird.pw\/wp-content\/uploads\/2018\/03\/Swivel_Aircraft_Adapter_menu.png\" \/>\n\t<meta property=\"og:image:width\" content=\"1107\" \/>\n\t<meta property=\"og:image:height\" content=\"507\" \/>\n\t<meta property=\"og:image:type\" content=\"image\/png\" \/>\n<meta name=\"twitter:card\" content=\"summary_large_image\" \/>\n<script type=\"application\/ld+json\" class=\"yoast-schema-graph\">{\"@context\":\"https:\/\/schema.org\",\"@graph\":[{\"@type\":\"WebPage\",\"@id\":\"https:\/\/itwgse.com.bluebird.pw\/es\/productos\/mangueras\/adaptador-de-avion-giratorio-360-grados\/\",\"url\":\"https:\/\/itwgse.com.bluebird.pw\/es\/productos\/mangueras\/adaptador-de-avion-giratorio-360-grados\/\",\"name\":\"Adaptador de avi\u00f3n giratorio (360 Grados) - ITW GSE\",\"isPartOf\":{\"@id\":\"https:\/\/itwgse.com.bluebird.pw\/#website\"},\"primaryImageOfPage\":{\"@id\":\"https:\/\/itwgse.com.bluebird.pw\/es\/productos\/mangueras\/adaptador-de-avion-giratorio-360-grados\/#primaryimage\"},\"image\":{\"@id\":\"https:\/\/itwgse.com.bluebird.pw\/es\/productos\/mangueras\/adaptador-de-avion-giratorio-360-grados\/#primaryimage\"},\"thumbnailUrl\":\"https:\/\/itwgse.com.bluebird.pw\/wp-content\/uploads\/2018\/03\/Swivel_Aircraft_Adapter_menu.png\",\"datePublished\":\"2022-01-19T09:12:03+00:00\",\"dateModified\":\"2022-01-19T09:12:19+00:00\",\"breadcrumb\":{\"@id\":\"https:\/\/itwgse.com.bluebird.pw\/es\/productos\/mangueras\/adaptador-de-avion-giratorio-360-grados\/#breadcrumb\"},\"inLanguage\":\"es\",\"potentialAction\":[{\"@type\":\"ReadAction\",\"target\":[\"https:\/\/itwgse.com.bluebird.pw\/es\/productos\/mangueras\/adaptador-de-avion-giratorio-360-grados\/\"]}]},{\"@type\":\"ImageObject\",\"inLanguage\":\"es\",\"@id\":\"https:\/\/itwgse.com.bluebird.pw\/es\/productos\/mangueras\/adaptador-de-avion-giratorio-360-grados\/#primaryimage\",\"url\":\"https:\/\/itwgse.com.bluebird.pw\/wp-content\/uploads\/2018\/03\/Swivel_Aircraft_Adapter_menu.png\",\"contentUrl\":\"https:\/\/itwgse.com.bluebird.pw\/wp-content\/uploads\/2018\/03\/Swivel_Aircraft_Adapter_menu.png\",\"width\":1107,\"height\":507,\"caption\":\"Swivel Aircraft Adapter Aircraft hoses\"},{\"@type\":\"BreadcrumbList\",\"@id\":\"https:\/\/itwgse.com.bluebird.pw\/es\/productos\/mangueras\/adaptador-de-avion-giratorio-360-grados\/#breadcrumb\",\"itemListElement\":[{\"@type\":\"ListItem\",\"position\":1,\"name\":\"Home\",\"item\":\"https:\/\/itwgse.com.bluebird.pw\/es\/\"},{\"@type\":\"ListItem\",\"position\":2,\"name\":\"Adaptador de avi\u00f3n giratorio (360 Grados)\"}]},{\"@type\":\"WebSite\",\"@id\":\"https:\/\/itwgse.com.bluebird.pw\/#website\",\"url\":\"https:\/\/itwgse.com.bluebird.pw\/\",\"name\":\"ITW GSE\",\"description\":\"It&#039;s all about connections\",\"publisher\":{\"@id\":\"https:\/\/itwgse.com.bluebird.pw\/#organization\"},\"potentialAction\":[{\"@type\":\"SearchAction\",\"target\":{\"@type\":\"EntryPoint\",\"urlTemplate\":\"https:\/\/itwgse.com.bluebird.pw\/?s={search_term_string}\"},\"query-input\":{\"@type\":\"PropertyValueSpecification\",\"valueRequired\":true,\"valueName\":\"search_term_string\"}}],\"inLanguage\":\"es\"},{\"@type\":\"Organization\",\"@id\":\"https:\/\/itwgse.com.bluebird.pw\/#organization\",\"name\":\"ITW GSE\",\"url\":\"https:\/\/itwgse.com.bluebird.pw\/\",\"logo\":{\"@type\":\"ImageObject\",\"inLanguage\":\"es\",\"@id\":\"https:\/\/itwgse.com.bluebird.pw\/#\/schema\/logo\/image\/\",\"url\":\"https:\/\/itwgse.com.bluebird.pw\/wp-content\/uploads\/2018\/11\/logo.png\",\"contentUrl\":\"https:\/\/itwgse.com.bluebird.pw\/wp-content\/uploads\/2018\/11\/logo.png\",\"width\":302,\"height\":237,\"caption\":\"ITW GSE\"},\"image\":{\"@id\":\"https:\/\/itwgse.com.bluebird.pw\/#\/schema\/logo\/image\/\"},\"sameAs\":[\"https:\/\/www.facebook.com\/ITWGSE\/\",\"https:\/\/www.linkedin.com\/company\/itw-gse\/\",\"https:\/\/www.youtube.com\/channel\/UCTUIMvyaOPfYIqzP8enZ8yw\"]}]}<\/script>\n<!-- \/ Yoast SEO plugin. -->","yoast_head_json":{"title":"Adaptador de avi\u00f3n giratorio (360 Grados) - ITW GSE","robots":{"index":"noindex","follow":"follow","max-snippet":"max-snippet:-1","max-image-preview":"max-image-preview:large","max-video-preview":"max-video-preview:-1"},"og_locale":"es_ES","og_type":"article","og_title":"Adaptador de avi\u00f3n giratorio (360 Grados) - ITW GSE","og_description":"El dise\u00f1o patentado del adaptador giratorio para aeronaves de ITW GSE compensa los giros, torceduras y problemas de alineaci\u00f3n con las mangueras PCA.","og_url":"https:\/\/itwgse.com.bluebird.pw\/es\/productos\/mangueras\/adaptador-de-avion-giratorio-360-grados\/","og_site_name":"ITW GSE","article_publisher":"https:\/\/www.facebook.com\/ITWGSE\/","article_modified_time":"2022-01-19T09:12:19+00:00","og_image":[{"width":1107,"height":507,"url":"https:\/\/itwgse.com.bluebird.pw\/wp-content\/uploads\/2018\/03\/Swivel_Aircraft_Adapter_menu.png","type":"image\/png"}],"twitter_card":"summary_large_image","schema":{"@context":"https:\/\/schema.org","@graph":[{"@type":"WebPage","@id":"https:\/\/itwgse.com.bluebird.pw\/es\/productos\/mangueras\/adaptador-de-avion-giratorio-360-grados\/","url":"https:\/\/itwgse.com.bluebird.pw\/es\/productos\/mangueras\/adaptador-de-avion-giratorio-360-grados\/","name":"Adaptador de avi\u00f3n giratorio (360 Grados) - ITW GSE","isPartOf":{"@id":"https:\/\/itwgse.com.bluebird.pw\/#website"},"primaryImageOfPage":{"@id":"https:\/\/itwgse.com.bluebird.pw\/es\/productos\/mangueras\/adaptador-de-avion-giratorio-360-grados\/#primaryimage"},"image":{"@id":"https:\/\/itwgse.com.bluebird.pw\/es\/productos\/mangueras\/adaptador-de-avion-giratorio-360-grados\/#primaryimage"},"thumbnailUrl":"https:\/\/itwgse.com.bluebird.pw\/wp-content\/uploads\/2018\/03\/Swivel_Aircraft_Adapter_menu.png","datePublished":"2022-01-19T09:12:03+00:00","dateModified":"2022-01-19T09:12:19+00:00","breadcrumb":{"@id":"https:\/\/itwgse.com.bluebird.pw\/es\/productos\/mangueras\/adaptador-de-avion-giratorio-360-grados\/#breadcrumb"},"inLanguage":"es","potentialAction":[{"@type":"ReadAction","target":["https:\/\/itwgse.com.bluebird.pw\/es\/productos\/mangueras\/adaptador-de-avion-giratorio-360-grados\/"]}]},{"@type":"ImageObject","inLanguage":"es","@id":"https:\/\/itwgse.com.bluebird.pw\/es\/productos\/mangueras\/adaptador-de-avion-giratorio-360-grados\/#primaryimage","url":"https:\/\/itwgse.com.bluebird.pw\/wp-content\/uploads\/2018\/03\/Swivel_Aircraft_Adapter_menu.png","contentUrl":"https:\/\/itwgse.com.bluebird.pw\/wp-content\/uploads\/2018\/03\/Swivel_Aircraft_Adapter_menu.png","width":1107,"height":507,"caption":"Swivel Aircraft Adapter Aircraft hoses"},{"@type":"BreadcrumbList","@id":"https:\/\/itwgse.com.bluebird.pw\/es\/productos\/mangueras\/adaptador-de-avion-giratorio-360-grados\/#breadcrumb","itemListElement":[{"@type":"ListItem","position":1,"name":"Home","item":"https:\/\/itwgse.com.bluebird.pw\/es\/"},{"@type":"ListItem","position":2,"name":"Adaptador de avi\u00f3n giratorio (360 Grados)"}]},{"@type":"WebSite","@id":"https:\/\/itwgse.com.bluebird.pw\/#website","url":"https:\/\/itwgse.com.bluebird.pw\/","name":"ITW GSE","description":"It&#039;s all about connections","publisher":{"@id":"https:\/\/itwgse.com.bluebird.pw\/#organization"},"potentialAction":[{"@type":"SearchAction","target":{"@type":"EntryPoint","urlTemplate":"https:\/\/itwgse.com.bluebird.pw\/?s={search_term_string}"},"query-input":{"@type":"PropertyValueSpecification","valueRequired":true,"valueName":"search_term_string"}}],"inLanguage":"es"},{"@type":"Organization","@id":"https:\/\/itwgse.com.bluebird.pw\/#organization","name":"ITW GSE","url":"https:\/\/itwgse.com.bluebird.pw\/","logo":{"@type":"ImageObject","inLanguage":"es","@id":"https:\/\/itwgse.com.bluebird.pw\/#\/schema\/logo\/image\/","url":"https:\/\/itwgse.com.bluebird.pw\/wp-content\/uploads\/2018\/11\/logo.png","contentUrl":"https:\/\/itwgse.com.bluebird.pw\/wp-content\/uploads\/2018\/11\/logo.png","width":302,"height":237,"caption":"ITW GSE"},"image":{"@id":"https:\/\/itwgse.com.bluebird.pw\/#\/schema\/logo\/image\/"},"sameAs":["https:\/\/www.facebook.com\/ITWGSE\/","https:\/\/www.linkedin.com\/company\/itw-gse\/","https:\/\/www.youtube.com\/channel\/UCTUIMvyaOPfYIqzP8enZ8yw"]}]}},"_links":{"self":[{"href":"https:\/\/itwgse.com.bluebird.pw\/es\/wp-json\/wp\/v2\/product\/19157","targetHints":{"allow":["GET"]}}],"collection":[{"href":"https:\/\/itwgse.com.bluebird.pw\/es\/wp-json\/wp\/v2\/product"}],"about":[{"href":"https:\/\/itwgse.com.bluebird.pw\/es\/wp-json\/wp\/v2\/types\/product"}],"replies":[{"embeddable":true,"href":"https:\/\/itwgse.com.bluebird.pw\/es\/wp-json\/wp\/v2\/comments?post=19157"}],"wp:featuredmedia":[{"embeddable":true,"href":"https:\/\/itwgse.com.bluebird.pw\/es\/wp-json\/wp\/v2\/media\/4546"}],"wp:attachment":[{"href":"https:\/\/itwgse.com.bluebird.pw\/es\/wp-json\/wp\/v2\/media?parent=19157"}],"wp:term":[{"taxonomy":"product_brand","embeddable":true,"href":"https:\/\/itwgse.com.bluebird.pw\/es\/wp-json\/wp\/v2\/product_brand?post=19157"},{"taxonomy":"product_cat","embeddable":true,"href":"https:\/\/itwgse.com.bluebird.pw\/es\/wp-json\/wp\/v2\/product_cat?post=19157"},{"taxonomy":"product_tag","embeddable":true,"href":"https:\/\/itwgse.com.bluebird.pw\/es\/wp-json\/wp\/v2\/product_tag?post=19157"}],"curies":[{"name":"wp","href":"https:\/\/api.w.org\/{rel}","templated":true}]}}