{"id":8544,"date":"2018-03-14T13:41:25","date_gmt":"2020-02-24T12:11:31","guid":{"rendered":"https:\/\/itwgse.com.bluebird.pw\/?post_type=product&#038;p=8544"},"modified":"2020-12-10T15:11:52","modified_gmt":"2020-12-10T14:11:52","slug":"gpu-de-estado-solido","status":"publish","type":"product","link":"https:\/\/itwgse.com.bluebird.pw\/es\/productos\/potencia\/gpu-de-estado-solido\/","title":{"rendered":"ITW\u00a0GSE 1400 28\u00a0V\u00a0CC"},"content":{"rendered":"<div id=\"pl-8544\"  class=\"panel-layout\" ><div id=\"pg-8544-0\"  class=\"panel-grid panel-no-style\" ><div id=\"pgc-8544-0-0\"  class=\"panel-grid-cell\" ><div id=\"panel-8544-0-0-0\" class=\"so-panel widget widget_mtt-cover-section panel-first-child panel-last-child\" data-index=\"0\" ><div\n\t\t\t\n\t\t\tclass=\"so-widget-mtt-cover-section so-widget-mtt-cover-section-base\"\n\t\t\t\n\t\t>\n<div class=\"mtt-cover-section-wrap product\">\n    <div class=\"mtt-cover-product-container\">\n        <div class=\"mtt-cover-section-text-wrap\">\n            <img decoding=\"async\" width=\"400\" height=\"380\" src=\"https:\/\/itwgse.com.bluebird.pw\/wp-content\/uploads\/2018\/03\/itw-gse-1400-prodcut@2x.png\" class=\"cover-product\" alt=\"itw gse 1400 gpu Ground Power Units\" srcset=\"https:\/\/itwgse.com.bluebird.pw\/wp-content\/uploads\/2018\/03\/itw-gse-1400-prodcut@2x.png 400w, https:\/\/itwgse.com.bluebird.pw\/wp-content\/uploads\/2018\/03\/itw-gse-1400-prodcut@2x-300x285.png 300w, https:\/\/itwgse.com.bluebird.pw\/wp-content\/uploads\/2018\/03\/itw-gse-1400-prodcut@2x-263x250.png 263w\" sizes=\"(max-width: 400px) 100vw, 400px\" \/>            <div class=\"mtt-cover-section-text\">\n                                <span class=\"tagline\"><\/span>\n                <h1>ITW\u00a0GSE 1400 28\u00a0V\u00a0CC<\/h1>\n                <div class=\"text\"><p>\u00bfEst\u00e1 buscando un convertidor de frecuencia peque\u00f1o y potente de 28 V CC? \u00bfDe f\u00e1cil maniobrabilidad y que no requiera demasiado espacio ni en su versi\u00f3n m\u00f3vil ni en la fija? En ese caso, el convertidor de estado s\u00f3lido ITW GSE 1400 es la respuesta.<\/p>\n<p>Gracias a su tecnolog\u00eda de estado s\u00f3lido, sin piezas rotatorias, el desgaste es m\u00ednimo. El resultado es una unidad muy fiable y de la que se puede depender, fabricada para durar mucho tiempo. En caso de servicio o reparaci\u00f3n, la unidad presenta un facil acceso a todas las componentes.<\/p>\n<p>A\u00f1o tras a\u00f1o este convertidor de 28 V CC ha demostrado ser muy robusto: funciona a la perfecci\u00f3n incluso en las condiciones clim\u00e1ticas m\u00e1s adversas.<\/p>\n<\/div>\n                <input type=\"hidden\" name=\"product\" value=\"8544\">\n\n                    <div class=\"button-wrap\">\n                        <a class=\"button mtt-support-box modal\" data-flow=\"request-quotation\" data-template=\"request-form\"\n                           data-product_id=\"8544\" data-previous_no_pagination=\"true\">Solicitar Producto<\/a>\n\n                                            <\/div>\n\n            <\/div>\n        <\/div>\n    <\/div>\n    <div class=\"mtt-cover-product-background\" style=\"background-image: url(https:\/\/itwgse.com.bluebird.pw\/wp-content\/uploads\/2018\/03\/1400_back.jpg)\">\n                <div class=\"mtt-cover-product-background-image\">\n                            <img decoding=\"async\" src=\"https:\/\/itwgse.com.bluebird.pw\/wp-content\/uploads\/2018\/03\/1400_back.jpg\" alt=\"airplane ready to take off\" class=\"product-background\">\n                        <img decoding=\"async\"  src=\"https:\/\/itwgse.com.bluebird.pw\/wp-content\/themes\/itwgse\/assets\/img\/cover\/itwgse_cut_wide.svg\" class=\"itwgse-cut\">        <\/div>\n\n        <div class=\"mtt-cover-product\">\n            <img decoding=\"async\" width=\"1200\" height=\"740\" src=\"https:\/\/itwgse.com.bluebird.pw\/wp-content\/uploads\/2018\/03\/1400_front-1200x740.png\" class=\"attachment-1200x740x size-1200x740x\" alt=\"itw gse 1400 product Ground Power Units 28V\" srcset=\"https:\/\/itwgse.com.bluebird.pw\/wp-content\/uploads\/2018\/03\/1400_front.png 1200w, https:\/\/itwgse.com.bluebird.pw\/wp-content\/uploads\/2018\/03\/1400_front-300x185.png 300w, https:\/\/itwgse.com.bluebird.pw\/wp-content\/uploads\/2018\/03\/1400_front-1024x631.png 1024w, https:\/\/itwgse.com.bluebird.pw\/wp-content\/uploads\/2018\/03\/1400_front-150x93.png 150w, https:\/\/itwgse.com.bluebird.pw\/wp-content\/uploads\/2018\/03\/1400_front-360x222.png 360w\" sizes=\"(max-width: 1200px) 100vw, 1200px\" \/>        <\/div>\n    <\/div>\n<\/div><\/div><\/div><\/div><\/div><div id=\"pg-8544-1\"  class=\"panel-grid panel-no-style\" ><div id=\"pgc-8544-1-0\"  class=\"panel-grid-cell\" ><div id=\"panel-8544-1-0-0\" class=\"so-panel widget widget_mtt-two-col-text panel-first-child panel-last-child\" data-index=\"1\" ><div\n\t\t\t\n\t\t\tclass=\"so-widget-mtt-two-col-text so-widget-mtt-two-col-text-base\"\n\t\t\t\n\t\t>\n<div class=\"mtt-two-col-wrapper\">\n    <div class=\"mtt-two-col-container\">\n        <div class=\"mtt-two-col-content inline-titles\">\n                        <div class=\"text-section\">\n                <div class=\"col formatted_content\"><h2>ITW GSE Operator Interface<\/h2>\n<p>The icon based operator interface is common for all ITW GSE products. It is easy and intuitive and guarantees you correct operation.<\/p>\n<p>The daily operator only has to press the combined start\/stop button \u2013 nothing more. But he can monitor various parameters such as voltage and current at the display screen. For set-up and maintenance purposes, there is a deeper level dedicated for the technician.<\/p>\n<\/div>\n                <div class=\"col formatted_content\"><h2>Durable Design<\/h2>\n<p>The solid-state technology means that wear and tear is limited to a minimum since there are no rotating parts.<\/p>\n<p>The result is a very reliable and dependable unit that is built to last for a long time. In case of service or repair, the canopy can be completely removed within minutes, thus leaving full access to all parts.<\/p>\n<p><img decoding=\"async\" src=\"https:\/\/itwgse.com.bluebird.pw\/wp-content\/uploads\/2018\/03\/AXA-1400-Unit-in-Troms%C3%B8-Norway-Manipuleret-af-Mouret-300x225.jpg\" alt=\"ITW GSE 28 VDC, Solid-state, Ground Power Unit, Harsh Weather Conditions, Snow and ice\" \/><\/p>\n                                    <\/div>\n            <\/div>\n                    <\/div>\n    <\/div>\n<\/div><\/div><\/div><\/div><\/div><div id=\"pg-8544-2\"  class=\"panel-grid panel-no-style\" ><div id=\"pgc-8544-2-0\"  class=\"panel-grid-cell\" ><div id=\"panel-8544-2-0-0\" class=\"so-panel widget widget_mtt-text-image panel-first-child panel-last-child\" data-index=\"2\" ><div\n\t\t\t\n\t\t\tclass=\"so-widget-mtt-text-image so-widget-mtt-text-image-base\"\n\t\t\t\n\t\t>\n<div class=\"mtt-text-image-wrap flip bg-image\">\n            <!-- Background -->\n        <div class=\"mtt-text-image-background full\">\n                            <div class=\"object-fit\">\n                    <img decoding=\"async\" width=\"700\" height=\"667\" src=\"https:\/\/itwgse.com.bluebird.pw\/wp-content\/uploads\/2018\/03\/usb-update-e1571653538608.jpg\" class=\"attachment-full size-full\" alt=\"usb update\" \/>                <\/div>\n                        <div class=\"mtt-text-image-background--curve\">\n                <img decoding=\"async\"  src=\"https:\/\/itwgse.com.bluebird.pw\/wp-content\/themes\/itwgse\/assets\/img\/cover\/itwgse_cut.svg\">            <\/div>\n        <\/div>\n        <!-- Content -->\n    <div class=\"mtt-text-image-container\">\n        <div class=\"mtt-text-image-col\">\n            <div class=\"mtt-text-image-content formatted_content\">\n                                <h2>Downloads and Updates<\/h2>\n                <p>The software-based control system means that the ITW GSE 1400 GPU can easily be updated in the future simply by transferring new software from a USB stick\/flash drive. Power log and Black Box files for analysis can be downloaded the same way.<\/p>\n\n                            <\/div>\n        <\/div>\n            <\/div>\n<\/div>\n\n<script>\nfunction sendEvent(action, element) {\n    var videoTitle = jQuery(element).data('title');  \n\n    if (dataLayer && videoTitle) {\n        dataLayer.push({\n            'event': 'video',\n            'eventCategory': 'Video',\n            'eventAction': action,\n            'eventLabel': videoTitle\n        });\n    }\n    else if (ga && videoTitle) {\n        ga('send', 'event', 'Video', action, videoTitle);\n    }  \n}\n<\/script>\n<\/div><\/div><\/div><\/div><div id=\"pg-8544-3\"  class=\"panel-grid panel-no-style\" ><div id=\"pgc-8544-3-0\"  class=\"panel-grid-cell\" ><div id=\"panel-8544-3-0-0\" class=\"so-panel widget widget_mtt-product-files panel-first-child panel-last-child\" data-index=\"3\" ><div\n\t\t\t\n\t\t\tclass=\"so-widget-mtt-product-files so-widget-mtt-product-files-base\"\n\t\t\t\n\t\t>    <div class=\"product-files-wrapper no-top-padding\">\n        <div class=\"page_container\">\n            <h2>Download para ITW\u00a0GSE 1400 28\u00a0V\u00a0CC<\/h2>\n            <div class=\"button-wrap\">\n                                                            <a\n                            class=\"button open-modal\"\n                            href=\"#\"\n                            data-id=\"49e552d3-3e0e-4d57-a16a-75f7ff478ecd\"\n                        >\n                            Cat\u00e1logo                        <\/a>\n                                                                                                        <a\n                            class=\"button mtt-support-box modal\"\n                            href=\"#\"\n                            data-flow=\"product-support\"\n                            data-template=\"product-files\"\n                            data-product_id=\"8544\"\n                            data-file_category=\"drawing\"\n                            data-previous_no_pagination=\"true\"\n                        >\n                            Drawings                        <\/a>\n                                                                                <a\n                            class=\"button mtt-support-box modal\"\n                            href=\"#\"\n                            data-flow=\"product-support\"\n                            data-template=\"product-files\"\n                            data-product_id=\"8544\"\n                            data-file_category=\"spareparts\"\n                            data-previous_no_pagination=\"true\"\n                        >\n                            Listas de componentes de recambio                        <\/a>\n                                                                                <a\n                            class=\"button mtt-support-box modal\"\n                            href=\"#\"\n                            data-flow=\"product-support\"\n                            data-template=\"product-files\"\n                            data-product_id=\"8544\"\n                            data-file_category=\"fault_finding_form\"\n                            data-previous_no_pagination=\"true\"\n                        >\n                            Formularios de b\u00fasqueda de fallos                        <\/a>\n                                                <\/div>\n        <\/div>\n    <\/div>\n    <\/div><\/div><\/div><\/div><div id=\"pg-8544-4\"  class=\"panel-grid panel-no-style\" ><div id=\"pgc-8544-4-0\"  class=\"panel-grid-cell\" ><div id=\"panel-8544-4-0-0\" class=\"so-panel widget widget_mtt-one-col-text panel-first-child panel-last-child\" data-index=\"4\" ><div\n\t\t\t\n\t\t\tclass=\"so-widget-mtt-one-col-text so-widget-mtt-one-col-text-base\"\n\t\t\t\n\t\t>\n<div class=\"mtt-two-col-wrapper no-top-padding centered narrow\">\n    <div class=\"mtt-two-col-container\">\n        <div class=\"mtt-two-col-content formatted_content\">\n\t\t\t                <h2>Available in the following ratings:<\/h2>\n                        <div class=\"text-section one-col\">\n                400 A \u2013 600 A with peak loads of 1600 and 2400 A. The units are available in mobile as well as in fixed versions.            <\/div>\n\n            \n                    <div class=\"button-wrap\">\n                \n                                                                <a\n                            href=\"\"\n                            class=\"button link button mtt-support-box modal button-margin\"\n                            data-flow=\"request-quotation\" data-template=\"request-form\" data-product_id=\"697\" data-previous_no_pagination=\"true\"                        >\n                            Request product                        <\/a>\n                                                <\/div>\n                        <\/div>\n    <\/div>\n<\/div>\n<\/div><\/div><\/div><\/div><div id=\"pg-8544-5\"  class=\"panel-grid panel-no-style\" ><div id=\"pgc-8544-5-0\"  class=\"panel-grid-cell\" ><div id=\"panel-8544-5-0-0\" class=\"so-panel widget widget_mtt-gallery panel-first-child panel-last-child\" data-index=\"5\" ><div\n\t\t\t\n\t\t\tclass=\"so-widget-mtt-gallery so-widget-mtt-gallery-base\"\n\t\t\t\n\t\t><div class=\"mtt-gallery-modal-wrap\">\n    <div class=\"mtt-gallery-modal\">\n        <div id=\"close-gallery-modal\"><\/div>\n        <div class=\"content\">\n            <img decoding=\"async\" src=\"\" alt=\"\" id=\"gallery-modal-img\">\n            <div class=\"mtt-gallery-modal-description\">\n                <div class=\"title\" id=\"gallery-modal-title\"><\/div>\n            <\/div>\n        <\/div>\n    <\/div>\n<\/div>\n<div class=\"mtt-gallery-wrap\">\n\t<div class=\"mtt-middle-wrap\">\n\t\t\t<div class=\"mtt-gallery-text-wrapper\">\n\t\t\t\t<div class=\"mtt-gallery-text\">\n\t\t\t\t\t<h2>Ir a la galer\u00eda de fotograf\u00edas <\/h2>\n\n\t\t\t\t\t<p><\/p>\n\n                                            <a href=\"https:\/\/itwgse.com.bluebird.pw\/gallery\/gpu-de-estado-solido\/\" class=\"button\">\n                            Galer\u00eda                        <\/a>\n                    \t\t\t\t<\/div>\n\t\t\t<\/div>\n\t\t<div class=\"mtt-gallery-container\" data-modlg=\"5\" data-modmed=\"4\" data-rowslg=\"1\" data-rowsmd=\"1\">\n\t\t\t<img decoding=\"async\"  src=\"https:\/\/itwgse.com.bluebird.pw\/wp-content\/themes\/itwgse\/assets\/img\/cover\/itwgse_cut.svg\">\t\t<\/div>\n\t<\/div>\n<\/div><\/div><\/div><\/div><\/div><\/div>","protected":false},"excerpt":{"rendered":"<p>El ITW GSE 1400 es un convertidor de 28 V CC de estado s\u00f3lido, peque\u00f1o, ligero y de f\u00e1cil maniobrabilidad, que no ocupa mucho espacio ni en su versi\u00f3n fija ni en su versi\u00f3n m\u00f3vil. !Adem\u00e1s, es robusta y fuerte!<\/p>\n","protected":false},"featured_media":8547,"comment_status":"open","ping_status":"closed","template":"","meta":{"_acf_changed":false,"_relevanssi_hide_post":"","_relevanssi_hide_content":"","_relevanssi_pin_for_all":"","_relevanssi_pin_keywords":"","_relevanssi_unpin_keywords":"","_relevanssi_related_keywords":"","_relevanssi_related_include_ids":"","_relevanssi_related_exclude_ids":"","_relevanssi_related_no_append":"","_relevanssi_related_not_related":"","_relevanssi_related_posts":"","_relevanssi_noindex_reason":""},"product_brand":[],"product_cat":[4466,4463,4467,3589],"product_tag":[4487],"class_list":{"0":"post-8544","1":"product","2":"type-product","3":"status-publish","4":"has-post-thumbnail","6":"product_cat-brochure-catalog-es","7":"product_cat-green-products-es","8":"product_cat-military-products-es","9":"product_cat-potencia","10":"product_tag-itw-gse-gpu-es","12":"first","13":"instock","14":"shipping-taxable","15":"purchasable","16":"product-type-simple"},"acf":[],"yoast_head":"<!-- This site is optimized with the Yoast SEO plugin v27.0 - https:\/\/yoast.com\/product\/yoast-seo-wordpress\/ -->\n<title>GPU de estado s\u00f3lido - GPU ITW GSE 1400 28 V DC | ITW GSE<\/title>\n<meta name=\"description\" content=\"La GPU de estado s\u00f3lido ITW GSE 1400 es una unidad de potencia de tierra de estado s\u00f3lido f\u00e1cil de maniobrar y no ocupa mucho espacio.\" \/>\n<meta name=\"robots\" content=\"noindex, follow, max-snippet:-1, max-image-preview:large, max-video-preview:-1\" \/>\n<meta property=\"og:locale\" content=\"es_ES\" \/>\n<meta property=\"og:type\" content=\"article\" \/>\n<meta property=\"og:title\" content=\"GPU de estado s\u00f3lido - GPU ITW GSE 1400 28 V DC | ITW GSE\" \/>\n<meta property=\"og:description\" content=\"La GPU de estado s\u00f3lido ITW GSE 1400 es una unidad de potencia de tierra de estado s\u00f3lido f\u00e1cil de maniobrar y no ocupa mucho espacio.\" \/>\n<meta property=\"og:url\" content=\"https:\/\/itwgse.com.bluebird.pw\/es\/productos\/potencia\/gpu-de-estado-solido\/\" \/>\n<meta property=\"og:site_name\" content=\"ITW GSE\" \/>\n<meta property=\"article:publisher\" content=\"https:\/\/www.facebook.com\/ITWGSE\/\" \/>\n<meta property=\"article:modified_time\" content=\"2020-12-10T14:11:52+00:00\" \/>\n<meta property=\"og:image\" content=\"https:\/\/itwgse.com.bluebird.pw\/wp-content\/uploads\/2018\/03\/itw-gse-1400-prodcut@2x.png\" \/>\n\t<meta property=\"og:image:width\" content=\"400\" \/>\n\t<meta property=\"og:image:height\" content=\"380\" \/>\n\t<meta property=\"og:image:type\" content=\"image\/png\" \/>\n<meta name=\"twitter:card\" content=\"summary_large_image\" \/>\n<script type=\"application\/ld+json\" class=\"yoast-schema-graph\">{\"@context\":\"https:\/\/schema.org\",\"@graph\":[{\"@type\":\"WebPage\",\"@id\":\"https:\/\/itwgse.com.bluebird.pw\/es\/productos\/potencia\/gpu-de-estado-solido\/\",\"url\":\"https:\/\/itwgse.com.bluebird.pw\/es\/productos\/potencia\/gpu-de-estado-solido\/\",\"name\":\"GPU de estado s\u00f3lido - GPU ITW GSE 1400 28 V DC | ITW GSE\",\"isPartOf\":{\"@id\":\"https:\/\/itwgse.com.bluebird.pw\/#website\"},\"primaryImageOfPage\":{\"@id\":\"https:\/\/itwgse.com.bluebird.pw\/es\/productos\/potencia\/gpu-de-estado-solido\/#primaryimage\"},\"image\":{\"@id\":\"https:\/\/itwgse.com.bluebird.pw\/es\/productos\/potencia\/gpu-de-estado-solido\/#primaryimage\"},\"thumbnailUrl\":\"https:\/\/itwgse.com.bluebird.pw\/wp-content\/uploads\/2018\/03\/itw-gse-1400-prodcut@2x.png\",\"datePublished\":\"2020-02-24T12:11:31+00:00\",\"dateModified\":\"2020-12-10T14:11:52+00:00\",\"description\":\"La GPU de estado s\u00f3lido ITW GSE 1400 es una unidad de potencia de tierra de estado s\u00f3lido f\u00e1cil de maniobrar y no ocupa mucho espacio.\",\"breadcrumb\":{\"@id\":\"https:\/\/itwgse.com.bluebird.pw\/es\/productos\/potencia\/gpu-de-estado-solido\/#breadcrumb\"},\"inLanguage\":\"es\",\"potentialAction\":[{\"@type\":\"ReadAction\",\"target\":[\"https:\/\/itwgse.com.bluebird.pw\/es\/productos\/potencia\/gpu-de-estado-solido\/\"]}]},{\"@type\":\"ImageObject\",\"inLanguage\":\"es\",\"@id\":\"https:\/\/itwgse.com.bluebird.pw\/es\/productos\/potencia\/gpu-de-estado-solido\/#primaryimage\",\"url\":\"https:\/\/itwgse.com.bluebird.pw\/wp-content\/uploads\/2018\/03\/itw-gse-1400-prodcut@2x.png\",\"contentUrl\":\"https:\/\/itwgse.com.bluebird.pw\/wp-content\/uploads\/2018\/03\/itw-gse-1400-prodcut@2x.png\",\"width\":400,\"height\":380,\"caption\":\"itw gse 1400 gpu Ground Power Units\"},{\"@type\":\"BreadcrumbList\",\"@id\":\"https:\/\/itwgse.com.bluebird.pw\/es\/productos\/potencia\/gpu-de-estado-solido\/#breadcrumb\",\"itemListElement\":[{\"@type\":\"ListItem\",\"position\":1,\"name\":\"Home\",\"item\":\"https:\/\/itwgse.com.bluebird.pw\/es\/\"},{\"@type\":\"ListItem\",\"position\":2,\"name\":\"ITW\u00a0GSE 1400 28\u00a0V\u00a0CC\"}]},{\"@type\":\"WebSite\",\"@id\":\"https:\/\/itwgse.com.bluebird.pw\/#website\",\"url\":\"https:\/\/itwgse.com.bluebird.pw\/\",\"name\":\"ITW GSE\",\"description\":\"It&#039;s all about connections\",\"publisher\":{\"@id\":\"https:\/\/itwgse.com.bluebird.pw\/#organization\"},\"potentialAction\":[{\"@type\":\"SearchAction\",\"target\":{\"@type\":\"EntryPoint\",\"urlTemplate\":\"https:\/\/itwgse.com.bluebird.pw\/?s={search_term_string}\"},\"query-input\":{\"@type\":\"PropertyValueSpecification\",\"valueRequired\":true,\"valueName\":\"search_term_string\"}}],\"inLanguage\":\"es\"},{\"@type\":\"Organization\",\"@id\":\"https:\/\/itwgse.com.bluebird.pw\/#organization\",\"name\":\"ITW GSE\",\"url\":\"https:\/\/itwgse.com.bluebird.pw\/\",\"logo\":{\"@type\":\"ImageObject\",\"inLanguage\":\"es\",\"@id\":\"https:\/\/itwgse.com.bluebird.pw\/#\/schema\/logo\/image\/\",\"url\":\"https:\/\/itwgse.com.bluebird.pw\/wp-content\/uploads\/2018\/11\/logo.png\",\"contentUrl\":\"https:\/\/itwgse.com.bluebird.pw\/wp-content\/uploads\/2018\/11\/logo.png\",\"width\":302,\"height\":237,\"caption\":\"ITW GSE\"},\"image\":{\"@id\":\"https:\/\/itwgse.com.bluebird.pw\/#\/schema\/logo\/image\/\"},\"sameAs\":[\"https:\/\/www.facebook.com\/ITWGSE\/\",\"https:\/\/www.linkedin.com\/company\/itw-gse\/\",\"https:\/\/www.youtube.com\/channel\/UCTUIMvyaOPfYIqzP8enZ8yw\"]}]}<\/script>\n<!-- \/ Yoast SEO plugin. -->","yoast_head_json":{"title":"GPU de estado s\u00f3lido - GPU ITW GSE 1400 28 V DC | ITW GSE","description":"La GPU de estado s\u00f3lido ITW GSE 1400 es una unidad de potencia de tierra de estado s\u00f3lido f\u00e1cil de maniobrar y no ocupa mucho espacio.","robots":{"index":"noindex","follow":"follow","max-snippet":"max-snippet:-1","max-image-preview":"max-image-preview:large","max-video-preview":"max-video-preview:-1"},"og_locale":"es_ES","og_type":"article","og_title":"GPU de estado s\u00f3lido - GPU ITW GSE 1400 28 V DC | ITW GSE","og_description":"La GPU de estado s\u00f3lido ITW GSE 1400 es una unidad de potencia de tierra de estado s\u00f3lido f\u00e1cil de maniobrar y no ocupa mucho espacio.","og_url":"https:\/\/itwgse.com.bluebird.pw\/es\/productos\/potencia\/gpu-de-estado-solido\/","og_site_name":"ITW GSE","article_publisher":"https:\/\/www.facebook.com\/ITWGSE\/","article_modified_time":"2020-12-10T14:11:52+00:00","og_image":[{"width":400,"height":380,"url":"https:\/\/itwgse.com.bluebird.pw\/wp-content\/uploads\/2018\/03\/itw-gse-1400-prodcut@2x.png","type":"image\/png"}],"twitter_card":"summary_large_image","schema":{"@context":"https:\/\/schema.org","@graph":[{"@type":"WebPage","@id":"https:\/\/itwgse.com.bluebird.pw\/es\/productos\/potencia\/gpu-de-estado-solido\/","url":"https:\/\/itwgse.com.bluebird.pw\/es\/productos\/potencia\/gpu-de-estado-solido\/","name":"GPU de estado s\u00f3lido - GPU ITW GSE 1400 28 V DC | ITW GSE","isPartOf":{"@id":"https:\/\/itwgse.com.bluebird.pw\/#website"},"primaryImageOfPage":{"@id":"https:\/\/itwgse.com.bluebird.pw\/es\/productos\/potencia\/gpu-de-estado-solido\/#primaryimage"},"image":{"@id":"https:\/\/itwgse.com.bluebird.pw\/es\/productos\/potencia\/gpu-de-estado-solido\/#primaryimage"},"thumbnailUrl":"https:\/\/itwgse.com.bluebird.pw\/wp-content\/uploads\/2018\/03\/itw-gse-1400-prodcut@2x.png","datePublished":"2020-02-24T12:11:31+00:00","dateModified":"2020-12-10T14:11:52+00:00","description":"La GPU de estado s\u00f3lido ITW GSE 1400 es una unidad de potencia de tierra de estado s\u00f3lido f\u00e1cil de maniobrar y no ocupa mucho espacio.","breadcrumb":{"@id":"https:\/\/itwgse.com.bluebird.pw\/es\/productos\/potencia\/gpu-de-estado-solido\/#breadcrumb"},"inLanguage":"es","potentialAction":[{"@type":"ReadAction","target":["https:\/\/itwgse.com.bluebird.pw\/es\/productos\/potencia\/gpu-de-estado-solido\/"]}]},{"@type":"ImageObject","inLanguage":"es","@id":"https:\/\/itwgse.com.bluebird.pw\/es\/productos\/potencia\/gpu-de-estado-solido\/#primaryimage","url":"https:\/\/itwgse.com.bluebird.pw\/wp-content\/uploads\/2018\/03\/itw-gse-1400-prodcut@2x.png","contentUrl":"https:\/\/itwgse.com.bluebird.pw\/wp-content\/uploads\/2018\/03\/itw-gse-1400-prodcut@2x.png","width":400,"height":380,"caption":"itw gse 1400 gpu Ground Power Units"},{"@type":"BreadcrumbList","@id":"https:\/\/itwgse.com.bluebird.pw\/es\/productos\/potencia\/gpu-de-estado-solido\/#breadcrumb","itemListElement":[{"@type":"ListItem","position":1,"name":"Home","item":"https:\/\/itwgse.com.bluebird.pw\/es\/"},{"@type":"ListItem","position":2,"name":"ITW\u00a0GSE 1400 28\u00a0V\u00a0CC"}]},{"@type":"WebSite","@id":"https:\/\/itwgse.com.bluebird.pw\/#website","url":"https:\/\/itwgse.com.bluebird.pw\/","name":"ITW GSE","description":"It&#039;s all about connections","publisher":{"@id":"https:\/\/itwgse.com.bluebird.pw\/#organization"},"potentialAction":[{"@type":"SearchAction","target":{"@type":"EntryPoint","urlTemplate":"https:\/\/itwgse.com.bluebird.pw\/?s={search_term_string}"},"query-input":{"@type":"PropertyValueSpecification","valueRequired":true,"valueName":"search_term_string"}}],"inLanguage":"es"},{"@type":"Organization","@id":"https:\/\/itwgse.com.bluebird.pw\/#organization","name":"ITW GSE","url":"https:\/\/itwgse.com.bluebird.pw\/","logo":{"@type":"ImageObject","inLanguage":"es","@id":"https:\/\/itwgse.com.bluebird.pw\/#\/schema\/logo\/image\/","url":"https:\/\/itwgse.com.bluebird.pw\/wp-content\/uploads\/2018\/11\/logo.png","contentUrl":"https:\/\/itwgse.com.bluebird.pw\/wp-content\/uploads\/2018\/11\/logo.png","width":302,"height":237,"caption":"ITW GSE"},"image":{"@id":"https:\/\/itwgse.com.bluebird.pw\/#\/schema\/logo\/image\/"},"sameAs":["https:\/\/www.facebook.com\/ITWGSE\/","https:\/\/www.linkedin.com\/company\/itw-gse\/","https:\/\/www.youtube.com\/channel\/UCTUIMvyaOPfYIqzP8enZ8yw"]}]}},"_links":{"self":[{"href":"https:\/\/itwgse.com.bluebird.pw\/es\/wp-json\/wp\/v2\/product\/8544","targetHints":{"allow":["GET"]}}],"collection":[{"href":"https:\/\/itwgse.com.bluebird.pw\/es\/wp-json\/wp\/v2\/product"}],"about":[{"href":"https:\/\/itwgse.com.bluebird.pw\/es\/wp-json\/wp\/v2\/types\/product"}],"replies":[{"embeddable":true,"href":"https:\/\/itwgse.com.bluebird.pw\/es\/wp-json\/wp\/v2\/comments?post=8544"}],"wp:featuredmedia":[{"embeddable":true,"href":"https:\/\/itwgse.com.bluebird.pw\/es\/wp-json\/wp\/v2\/media\/8547"}],"wp:attachment":[{"href":"https:\/\/itwgse.com.bluebird.pw\/es\/wp-json\/wp\/v2\/media?parent=8544"}],"wp:term":[{"taxonomy":"product_brand","embeddable":true,"href":"https:\/\/itwgse.com.bluebird.pw\/es\/wp-json\/wp\/v2\/product_brand?post=8544"},{"taxonomy":"product_cat","embeddable":true,"href":"https:\/\/itwgse.com.bluebird.pw\/es\/wp-json\/wp\/v2\/product_cat?post=8544"},{"taxonomy":"product_tag","embeddable":true,"href":"https:\/\/itwgse.com.bluebird.pw\/es\/wp-json\/wp\/v2\/product_tag?post=8544"}],"curies":[{"name":"wp","href":"https:\/\/api.w.org\/{rel}","templated":true}]}}