{"id":8610,"date":"2018-03-22T09:35:16","date_gmt":"2020-02-25T07:31:19","guid":{"rendered":"https:\/\/itwgse.com.bluebird.pw\/?post_type=product&#038;p=8610"},"modified":"2023-04-21T09:18:50","modified_gmt":"2023-04-21T07:18:50","slug":"recogedor-de-cable-itw-gse-2400","status":"publish","type":"product","link":"https:\/\/itwgse.com.bluebird.pw\/es\/productos\/potencia\/recogedor-de-cable-itw-gse-2400\/","title":{"rendered":"Recogedor de cable ITW\u00a0GSE\u00a02400"},"content":{"rendered":"<div id=\"pl-8610\"  class=\"panel-layout\" ><div id=\"pg-8610-0\"  class=\"panel-grid panel-no-style\" ><div id=\"pgc-8610-0-0\"  class=\"panel-grid-cell\" ><div id=\"panel-8610-0-0-0\" class=\"so-panel widget widget_mtt-cover-section panel-first-child panel-last-child\" data-index=\"0\" ><div\n\t\t\t\n\t\t\tclass=\"so-widget-mtt-cover-section so-widget-mtt-cover-section-base\"\n\t\t\t\n\t\t>\n<div class=\"mtt-cover-section-wrap product\">\n    <div class=\"mtt-cover-product-container\">\n        <div class=\"mtt-cover-section-text-wrap\">\n            <img decoding=\"async\" width=\"1853\" height=\"2007\" src=\"https:\/\/itwgse.com.bluebird.pw\/wp-content\/uploads\/2018\/03\/2400-ACR.png\" class=\"cover-product\" alt=\"2400 ACR cable retriever\" srcset=\"https:\/\/itwgse.com.bluebird.pw\/wp-content\/uploads\/2018\/03\/2400-ACR.png 1853w, https:\/\/itwgse.com.bluebird.pw\/wp-content\/uploads\/2018\/03\/2400-ACR-277x300.png 277w, https:\/\/itwgse.com.bluebird.pw\/wp-content\/uploads\/2018\/03\/2400-ACR-945x1024.png 945w, https:\/\/itwgse.com.bluebird.pw\/wp-content\/uploads\/2018\/03\/2400-ACR-231x250.png 231w, https:\/\/itwgse.com.bluebird.pw\/wp-content\/uploads\/2018\/03\/2400-ACR-485x525.png 485w, https:\/\/itwgse.com.bluebird.pw\/wp-content\/uploads\/2018\/03\/2400-ACR-768x832.png 768w, https:\/\/itwgse.com.bluebird.pw\/wp-content\/uploads\/2018\/03\/2400-ACR-600x650.png 600w\" sizes=\"(max-width: 1853px) 100vw, 1853px\" \/>            <div class=\"mtt-cover-section-text\">\n                                  <div class=\"badge\">\n                      <img decoding=\"async\" src=\"https:\/\/itwgse.com.bluebird.pw\/wp-content\/uploads\/2022\/10\/EcoGate-product-symbol.png\" alt=\"ecogate enables sticker\"\/>\n                  <\/div>\n                                <span class=\"tagline\"><\/span>\n                <h1>Recogedor de cable ITW\u00a0GSE\u00a02400<\/h1>\n                <div class=\"text\"><p>Si desea que las plataformas, el hangar o la l\u00ednea de vuelo tengan siempre un aspecto agradable y ordenado, tambi\u00e9n protegendo el costoso cable de 400 Hz hacia el avi\u00f3n, el recogedor de cable ITW GSE 2400 es la \u00f3ptima soluci\u00f3n . El recogedor se suministra de forma est\u00e1ndar con 24 m (79 pies) de cable sim\u00e9trico en una sola pieza. El conector que es suministra est\u00e1 provisto de LEDs y pulsantes para poder manejar y operar el recogedor y el convertidor de 400 Hz conectado.<\/p>\n<\/div>\n                <input type=\"hidden\" name=\"product\" value=\"8610\">\n\n                    <div class=\"button-wrap\">\n                        <a class=\"button mtt-support-box modal\" data-flow=\"request-quotation\" data-template=\"request-form\"\n                           data-product_id=\"8610\" data-previous_no_pagination=\"true\">Solicitar Producto<\/a>\n\n                                            <\/div>\n\n            <\/div>\n        <\/div>\n    <\/div>\n    <div class=\"mtt-cover-product-background\" style=\"background-image: url(https:\/\/itwgse.com.bluebird.pw\/wp-content\/uploads\/2023\/02\/2400_cableretriever_2023ecogatepage.jpg)\">\n                    <div class=\"mtt-cover-product-badge\">\n                <img decoding=\"async\" src=\"https:\/\/itwgse.com.bluebird.pw\/wp-content\/uploads\/2022\/10\/EcoGate-product-symbol.png\" alt=\"ecogate enables sticker\"\/>\n            <\/div>\n                <div class=\"mtt-cover-product-background-image\">\n                            <img decoding=\"async\" src=\"https:\/\/itwgse.com.bluebird.pw\/wp-content\/uploads\/2023\/02\/2400_cableretriever_2023ecogatepage.jpg\" alt=\"2400 cable retriever to eco gate\" class=\"product-background\">\n                        <img decoding=\"async\"  src=\"https:\/\/itwgse.com.bluebird.pw\/wp-content\/themes\/itwgse\/assets\/img\/cover\/itwgse_cut_wide.svg\" class=\"itwgse-cut\">        <\/div>\n\n        <div class=\"mtt-cover-product\">\n                    <\/div>\n    <\/div>\n<\/div><\/div><\/div><\/div><\/div><div id=\"pg-8610-1\"  class=\"panel-grid panel-no-style\" ><div id=\"pgc-8610-1-0\"  class=\"panel-grid-cell\" ><div id=\"panel-8610-1-0-0\" class=\"so-panel widget widget_mtt-one-col-text panel-first-child\" data-index=\"1\" ><div\n\t\t\t\n\t\t\tclass=\"so-widget-mtt-one-col-text so-widget-mtt-one-col-text-base\"\n\t\t\t\n\t\t>\n<div class=\"mtt-two-col-wrapper no-bottom-padding\">\n    <div class=\"mtt-two-col-container\">\n        <div class=\"mtt-two-col-content formatted_content\">\n\t\t\t            <div class=\"text-section one-col\">\n                <p>Si el recogedor de cable est\u00e1 conectado a una unidad ITW GSE de 400 Hz y 90 kVA, no solo obtendr\u00e1 un sistema de alimentaci\u00f3n en tierra s\u00f3lido y fiable.<\/p>\n<p>Tambi\u00e9n obtendr\u00e1 el beneficio de la pantalla (display) de operador de ITW GSE, intuitiva y f\u00e1cil de usar. El personal aeroportuario que ya est\u00e9 familiarizado con cualquier producto ITW GSE puede cambiar f\u00e1cilmente a otro, ya que los iconos y la pantalla son los mismos.<\/p>\n            <\/div>\n\n            \n                        <\/div>\n    <\/div>\n<\/div>\n<\/div><\/div><div id=\"panel-8610-1-0-1\" class=\"so-panel widget widget_mtt-two-col-text\" data-index=\"2\" ><div\n\t\t\t\n\t\t\tclass=\"so-widget-mtt-two-col-text so-widget-mtt-two-col-text-base\"\n\t\t\t\n\t\t>\n<div class=\"mtt-two-col-wrapper no-bottom-padding\">\n    <div class=\"mtt-two-col-container\">\n        <div class=\"mtt-two-col-content\">\n                        <div class=\"text-section\">\n                <div class=\"col formatted_content\"><p>The aircraft plug is provided with leds and push buttons for operation of the retriever and the connected 400 Hz power unit.<\/p>\n<p>The cable retriever can be connected to any 400 Hz source .<\/p>\n<\/div>\n                <div class=\"col formatted_content\"><p>The operator only has to press the combined start\/stop button. Also, he can monitor various parameters such as voltage and current at the display screen.<\/p>\n<p>The cable retriever works perfectly well with all sizes of bridges and all types of aircraft.<\/p>\n<p>Mounting options for free standing, boarding bridges and rafter mount in hangars.<\/p>\n<p>\u00a0<\/p>\n                                    <\/div>\n            <\/div>\n                    <\/div>\n    <\/div>\n<\/div><\/div><\/div><div id=\"panel-8610-1-0-2\" class=\"so-panel widget widget_mtt-text-image panel-last-child\" data-index=\"3\" ><div\n\t\t\t\n\t\t\tclass=\"so-widget-mtt-text-image so-widget-mtt-text-image-base\"\n\t\t\t\n\t\t>\n<div class=\"mtt-text-image-wrap no-top-padding no-bottom-padding\">\n        <!-- Content -->\n    <div class=\"mtt-text-image-container\">\n        <div class=\"mtt-text-image-col\">\n            <div class=\"mtt-text-image-content formatted_content\">\n                                <h2>El recuperador de cable ITW GSE 2400 forma parte de EcoGate<\/h2>\n                <p>El recuperador de cable autom\u00e1tico (ACR)\u00a02400 forma parte de EcoGate, el sistema de alta eficiencia de unidades de soporte en tierra de ITW GSE que trabajan juntas de forma inteligente. Al vincular sus unidades ITW GSE, puede desbloquear nuevas eficiencias y eliminar las barreras relacionadas con la energ\u00eda para un progreso asequible en la puerta.<\/p>\n<p>EcoGate prioriza las necesidades de energ\u00eda de su GPU y ACR por encima de todas las dem\u00e1s unidades. Si una GPU o un ACR experimentan un aumento repentino en la demanda de energ\u00eda, EcoGate puede \u201ctomar prestada\u201d energ\u00eda temporalmente de su unidad PCA ITW GSE\u00a03500, suministrando la energ\u00eda de la GPU necesaria sin superar la capacidad total de la puerta.<\/p>\n\n                                    <div class=\"button-wrap\">\n                                                    <a href=\"https:\/\/itwgse.com.bluebird.pw\/es\/ecogate\/\" class=\"button\">\n                                EcoGate                            <\/a>\n                                            <\/div>\n                            <\/div>\n        <\/div>\n                    <div class=\"mtt-text-image-col img center\">\n                <div class=\"mtt-text-image-content\">\n                    <img decoding=\"async\" width=\"2040\" height=\"1903\" src=\"https:\/\/itwgse.com.bluebird.pw\/wp-content\/uploads\/2022\/09\/Group-55-lup-TH-m-logo2.png\" class=\"attachment-full size-full\" alt=\"eco gate lup with logo\" srcset=\"https:\/\/itwgse.com.bluebird.pw\/wp-content\/uploads\/2022\/09\/Group-55-lup-TH-m-logo2.png 2040w, https:\/\/itwgse.com.bluebird.pw\/wp-content\/uploads\/2022\/09\/Group-55-lup-TH-m-logo2-300x280.png 300w, https:\/\/itwgse.com.bluebird.pw\/wp-content\/uploads\/2022\/09\/Group-55-lup-TH-m-logo2-1024x955.png 1024w\" sizes=\"(max-width: 2040px) 100vw, 2040px\" \/>                \n                    \n                    \n                <\/div>\n            <\/div>\n            <\/div>\n<\/div>\n\n<script>\nfunction sendEvent(action, element) {\n    var videoTitle = jQuery(element).data('title');  \n\n    if (dataLayer && videoTitle) {\n        dataLayer.push({\n            'event': 'video',\n            'eventCategory': 'Video',\n            'eventAction': action,\n            'eventLabel': videoTitle\n        });\n    }\n    else if (ga && videoTitle) {\n        ga('send', 'event', 'Video', action, videoTitle);\n    }  \n}\n<\/script>\n<\/div><\/div><\/div><\/div><div id=\"pg-8610-2\"  class=\"panel-grid panel-no-style\" ><div id=\"pgc-8610-2-0\"  class=\"panel-grid-cell\" ><div id=\"panel-8610-2-0-0\" class=\"so-panel widget widget_mtt-product-files panel-first-child panel-last-child\" data-index=\"4\" ><div\n\t\t\t\n\t\t\tclass=\"so-widget-mtt-product-files so-widget-mtt-product-files-base\"\n\t\t\t\n\t\t>    <div class=\"product-files-wrapper\">\n        <div class=\"page_container\">\n            <h2>Download para Recogedor de cable ITW\u00a0GSE\u00a02400<\/h2>\n            <div class=\"button-wrap\">\n                                                            <a\n                            class=\"button open-modal\"\n                            href=\"#\"\n                            data-id=\"fd036606-42aa-4dde-8de2-1fc12f17a7da\"\n                        >\n                            Cat\u00e1logo                        <\/a>\n                                                                                                        <a\n                            class=\"button mtt-support-box modal\"\n                            href=\"#\"\n                            data-flow=\"product-support\"\n                            data-template=\"product-files\"\n                            data-product_id=\"8610\"\n                            data-file_category=\"spareparts\"\n                            data-previous_no_pagination=\"true\"\n                        >\n                            Listas de componentes de recambio                        <\/a>\n                                                <\/div>\n        <\/div>\n    <\/div>\n    <\/div><\/div><\/div><\/div><div id=\"pg-8610-3\"  class=\"panel-grid panel-no-style\" ><div id=\"pgc-8610-3-0\"  class=\"panel-grid-cell\" ><div id=\"panel-8610-3-0-0\" class=\"so-panel widget widget_mtt-gallery panel-first-child panel-last-child\" data-index=\"5\" ><div\n\t\t\t\n\t\t\tclass=\"so-widget-mtt-gallery so-widget-mtt-gallery-base\"\n\t\t\t\n\t\t><div class=\"mtt-gallery-modal-wrap\">\n    <div class=\"mtt-gallery-modal\">\n        <div id=\"close-gallery-modal\"><\/div>\n        <div class=\"content\">\n            <img decoding=\"async\" src=\"\" alt=\"\" id=\"gallery-modal-img\">\n            <div class=\"mtt-gallery-modal-description\">\n                <div class=\"title\" id=\"gallery-modal-title\"><\/div>\n            <\/div>\n        <\/div>\n    <\/div>\n<\/div>\n<div class=\"mtt-gallery-wrap\">\n\t<div class=\"mtt-middle-wrap\">\n\t\t\t<div class=\"mtt-gallery-text-wrapper\">\n\t\t\t\t<div class=\"mtt-gallery-text\">\n\t\t\t\t\t<h2>Ir a la galer\u00eda de fotograf\u00edas<\/h2>\n\n\t\t\t\t\t<p><\/p>\n\n                                            <a href=\"https:\/\/itwgse.com.bluebird.pw\/gallery\/recogedor-de-cable-itw-gse-2400\/\" class=\"button\">\n                            Galer\u00eda                        <\/a>\n                    \t\t\t\t<\/div>\n\t\t\t<\/div>\n\t\t<div class=\"mtt-gallery-container\" data-modlg=\"3\" data-modmed=\"3\" data-rowslg=\"2\" data-rowsmd=\"2\">\n\t\t\t<img decoding=\"async\"  src=\"https:\/\/itwgse.com.bluebird.pw\/wp-content\/themes\/itwgse\/assets\/img\/cover\/itwgse_cut.svg\">\t\t\t\t\t\t\t<aside class=\"gallery-item\" title=\"EWR &#8211; United &#8211; ITWGSE &#8211; Cable Retriever\" data-title=\"EWR &#8211; United &#8211; ITWGSE &#8211; Cable Retriever\" data-src=\"https:\/\/itwgse.com.bluebird.pw\/wp-content\/uploads\/2018\/03\/EWR-United-ITWGSE-Cable-Retriever-450x600.png\">\n\t\t\t\t\t\t\t\t<figure class=\"figure\" style=\"background-image:url(https:\/\/itwgse.com.bluebird.pw\/wp-content\/uploads\/2018\/03\/EWR-United-ITWGSE-Cable-Retriever-480x500.png);\"><\/figure>\n\t\t\t\t\t\t\t<\/aside>\n\t\t\t\t\t\t\t\t\t\t\t\t\t\t<aside class=\"gallery-item\" title=\"ITW GSE 2400 Cable Retriever\" data-title=\"ITW GSE 2400 Cable Retriever\" data-src=\"https:\/\/itwgse.com.bluebird.pw\/wp-content\/uploads\/2018\/06\/IMG-20190118-WA0002_Vantaa_Helsinki-800x600.jpg\">\n\t\t\t\t\t\t\t\t<figure class=\"figure\" style=\"background-image:url(https:\/\/itwgse.com.bluebird.pw\/wp-content\/uploads\/2018\/06\/IMG-20190118-WA0002_Vantaa_Helsinki-500x500.jpg);\"><\/figure>\n\t\t\t\t\t\t\t<\/aside>\n\t\t\t\t\t\t\t\t\t\t\t\t\t\t<aside class=\"gallery-item\" title=\"One of the First PCAs sold in the US at Lee County Airport\" data-title=\"One of the First PCAs sold in the US at Lee County Airport\" data-src=\"https:\/\/itwgse.com.bluebird.pw\/wp-content\/uploads\/2018\/03\/One-of-the-First-PCAs-sold-in-the-US-at-Lee-County-Airport-800x600.jpg\">\n\t\t\t\t\t\t\t\t<figure class=\"figure\" style=\"background-image:url(https:\/\/itwgse.com.bluebird.pw\/wp-content\/uploads\/2018\/03\/One-of-the-First-PCAs-sold-in-the-US-at-Lee-County-Airport-500x500.jpg);\"><\/figure>\n\t\t\t\t\t\t\t<\/aside>\n\t\t\t\t\t\t\t\t\t<\/div>\n\t<\/div>\n<\/div><\/div><\/div><\/div><\/div><\/div>","protected":false},"excerpt":{"rendered":"<p>Para todo tipo de convertidores: hasta 28\u00a0m (92\u00a0pies) de cable<\/p>\n","protected":false},"featured_media":22603,"comment_status":"open","ping_status":"closed","template":"","meta":{"_acf_changed":false,"_relevanssi_hide_post":"","_relevanssi_hide_content":"","_relevanssi_pin_for_all":"","_relevanssi_pin_keywords":"","_relevanssi_unpin_keywords":"","_relevanssi_related_keywords":"","_relevanssi_related_include_ids":"","_relevanssi_related_exclude_ids":"","_relevanssi_related_no_append":"","_relevanssi_related_not_related":"","_relevanssi_related_posts":"","_relevanssi_noindex_reason":""},"product_brand":[],"product_cat":[4466,3591,4520,4467,3589],"product_tag":[],"class_list":{"0":"post-8610","1":"product","2":"type-product","3":"status-publish","4":"has-post-thumbnail","6":"product_cat-brochure-catalog-es","7":"product_cat-cables-es","8":"product_cat-ecogate-es-3","9":"product_cat-military-products-es","10":"product_cat-potencia","12":"first","13":"instock","14":"shipping-taxable","15":"purchasable","16":"product-type-simple"},"acf":[],"yoast_head":"<!-- This site is optimized with the Yoast SEO plugin v27.0 - https:\/\/yoast.com\/product\/yoast-seo-wordpress\/ -->\n<title>Recogedor de cable 2400 - Enrollador de cables de avi\u00f3n | ITW GSE<\/title>\n<meta name=\"description\" content=\"Recogedor de cable ITW GSE 2400 se puede conectar a cualquier fuente de 400Hz. El Recogedor de cable ITW GSE 2400 es la soluci\u00f3n \u00f3ptima.\" \/>\n<meta name=\"robots\" content=\"noindex, follow, max-snippet:-1, max-image-preview:large, max-video-preview:-1\" \/>\n<meta property=\"og:locale\" content=\"es_ES\" \/>\n<meta property=\"og:type\" content=\"article\" \/>\n<meta property=\"og:title\" content=\"Recogedor de cable 2400 - Enrollador de cables de avi\u00f3n | ITW GSE\" \/>\n<meta property=\"og:description\" content=\"Recogedor de cable ITW GSE 2400 se puede conectar a cualquier fuente de 400Hz. El Recogedor de cable ITW GSE 2400 es la soluci\u00f3n \u00f3ptima.\" \/>\n<meta property=\"og:url\" content=\"https:\/\/itwgse.com.bluebird.pw\/es\/productos\/potencia\/recogedor-de-cable-itw-gse-2400\/\" \/>\n<meta property=\"og:site_name\" content=\"ITW GSE\" \/>\n<meta property=\"article:publisher\" content=\"https:\/\/www.facebook.com\/ITWGSE\/\" \/>\n<meta property=\"article:modified_time\" content=\"2023-04-21T07:18:50+00:00\" \/>\n<meta property=\"og:image\" content=\"https:\/\/itwgse.com.bluebird.pw\/wp-content\/uploads\/2018\/03\/2400-ACR.png\" \/>\n\t<meta property=\"og:image:width\" content=\"1853\" \/>\n\t<meta property=\"og:image:height\" content=\"2007\" \/>\n\t<meta property=\"og:image:type\" content=\"image\/png\" \/>\n<meta name=\"twitter:card\" content=\"summary_large_image\" \/>\n<script type=\"application\/ld+json\" class=\"yoast-schema-graph\">{\"@context\":\"https:\/\/schema.org\",\"@graph\":[{\"@type\":\"WebPage\",\"@id\":\"https:\/\/itwgse.com.bluebird.pw\/es\/productos\/potencia\/recogedor-de-cable-itw-gse-2400\/\",\"url\":\"https:\/\/itwgse.com.bluebird.pw\/es\/productos\/potencia\/recogedor-de-cable-itw-gse-2400\/\",\"name\":\"Recogedor de cable 2400 - Enrollador de cables de avi\u00f3n | ITW GSE\",\"isPartOf\":{\"@id\":\"https:\/\/itwgse.com.bluebird.pw\/#website\"},\"primaryImageOfPage\":{\"@id\":\"https:\/\/itwgse.com.bluebird.pw\/es\/productos\/potencia\/recogedor-de-cable-itw-gse-2400\/#primaryimage\"},\"image\":{\"@id\":\"https:\/\/itwgse.com.bluebird.pw\/es\/productos\/potencia\/recogedor-de-cable-itw-gse-2400\/#primaryimage\"},\"thumbnailUrl\":\"https:\/\/itwgse.com.bluebird.pw\/wp-content\/uploads\/2018\/03\/2400-ACR.png\",\"datePublished\":\"2020-02-25T07:31:19+00:00\",\"dateModified\":\"2023-04-21T07:18:50+00:00\",\"description\":\"Recogedor de cable ITW GSE 2400 se puede conectar a cualquier fuente de 400Hz. El Recogedor de cable ITW GSE 2400 es la soluci\u00f3n \u00f3ptima.\",\"breadcrumb\":{\"@id\":\"https:\/\/itwgse.com.bluebird.pw\/es\/productos\/potencia\/recogedor-de-cable-itw-gse-2400\/#breadcrumb\"},\"inLanguage\":\"es\",\"potentialAction\":[{\"@type\":\"ReadAction\",\"target\":[\"https:\/\/itwgse.com.bluebird.pw\/es\/productos\/potencia\/recogedor-de-cable-itw-gse-2400\/\"]}]},{\"@type\":\"ImageObject\",\"inLanguage\":\"es\",\"@id\":\"https:\/\/itwgse.com.bluebird.pw\/es\/productos\/potencia\/recogedor-de-cable-itw-gse-2400\/#primaryimage\",\"url\":\"https:\/\/itwgse.com.bluebird.pw\/wp-content\/uploads\/2018\/03\/2400-ACR.png\",\"contentUrl\":\"https:\/\/itwgse.com.bluebird.pw\/wp-content\/uploads\/2018\/03\/2400-ACR.png\",\"width\":1853,\"height\":2007,\"caption\":\"2400 ACR cable retriever\"},{\"@type\":\"BreadcrumbList\",\"@id\":\"https:\/\/itwgse.com.bluebird.pw\/es\/productos\/potencia\/recogedor-de-cable-itw-gse-2400\/#breadcrumb\",\"itemListElement\":[{\"@type\":\"ListItem\",\"position\":1,\"name\":\"Home\",\"item\":\"https:\/\/itwgse.com.bluebird.pw\/es\/\"},{\"@type\":\"ListItem\",\"position\":2,\"name\":\"Recogedor de cable ITW\u00a0GSE\u00a02400\"}]},{\"@type\":\"WebSite\",\"@id\":\"https:\/\/itwgse.com.bluebird.pw\/#website\",\"url\":\"https:\/\/itwgse.com.bluebird.pw\/\",\"name\":\"ITW GSE\",\"description\":\"It&#039;s all about connections\",\"publisher\":{\"@id\":\"https:\/\/itwgse.com.bluebird.pw\/#organization\"},\"potentialAction\":[{\"@type\":\"SearchAction\",\"target\":{\"@type\":\"EntryPoint\",\"urlTemplate\":\"https:\/\/itwgse.com.bluebird.pw\/?s={search_term_string}\"},\"query-input\":{\"@type\":\"PropertyValueSpecification\",\"valueRequired\":true,\"valueName\":\"search_term_string\"}}],\"inLanguage\":\"es\"},{\"@type\":\"Organization\",\"@id\":\"https:\/\/itwgse.com.bluebird.pw\/#organization\",\"name\":\"ITW GSE\",\"url\":\"https:\/\/itwgse.com.bluebird.pw\/\",\"logo\":{\"@type\":\"ImageObject\",\"inLanguage\":\"es\",\"@id\":\"https:\/\/itwgse.com.bluebird.pw\/#\/schema\/logo\/image\/\",\"url\":\"https:\/\/itwgse.com.bluebird.pw\/wp-content\/uploads\/2018\/11\/logo.png\",\"contentUrl\":\"https:\/\/itwgse.com.bluebird.pw\/wp-content\/uploads\/2018\/11\/logo.png\",\"width\":302,\"height\":237,\"caption\":\"ITW GSE\"},\"image\":{\"@id\":\"https:\/\/itwgse.com.bluebird.pw\/#\/schema\/logo\/image\/\"},\"sameAs\":[\"https:\/\/www.facebook.com\/ITWGSE\/\",\"https:\/\/www.linkedin.com\/company\/itw-gse\/\",\"https:\/\/www.youtube.com\/channel\/UCTUIMvyaOPfYIqzP8enZ8yw\"]}]}<\/script>\n<!-- \/ Yoast SEO plugin. -->","yoast_head_json":{"title":"Recogedor de cable 2400 - Enrollador de cables de avi\u00f3n | ITW GSE","description":"Recogedor de cable ITW GSE 2400 se puede conectar a cualquier fuente de 400Hz. El Recogedor de cable ITW GSE 2400 es la soluci\u00f3n \u00f3ptima.","robots":{"index":"noindex","follow":"follow","max-snippet":"max-snippet:-1","max-image-preview":"max-image-preview:large","max-video-preview":"max-video-preview:-1"},"og_locale":"es_ES","og_type":"article","og_title":"Recogedor de cable 2400 - Enrollador de cables de avi\u00f3n | ITW GSE","og_description":"Recogedor de cable ITW GSE 2400 se puede conectar a cualquier fuente de 400Hz. El Recogedor de cable ITW GSE 2400 es la soluci\u00f3n \u00f3ptima.","og_url":"https:\/\/itwgse.com.bluebird.pw\/es\/productos\/potencia\/recogedor-de-cable-itw-gse-2400\/","og_site_name":"ITW GSE","article_publisher":"https:\/\/www.facebook.com\/ITWGSE\/","article_modified_time":"2023-04-21T07:18:50+00:00","og_image":[{"width":1853,"height":2007,"url":"https:\/\/itwgse.com.bluebird.pw\/wp-content\/uploads\/2018\/03\/2400-ACR.png","type":"image\/png"}],"twitter_card":"summary_large_image","schema":{"@context":"https:\/\/schema.org","@graph":[{"@type":"WebPage","@id":"https:\/\/itwgse.com.bluebird.pw\/es\/productos\/potencia\/recogedor-de-cable-itw-gse-2400\/","url":"https:\/\/itwgse.com.bluebird.pw\/es\/productos\/potencia\/recogedor-de-cable-itw-gse-2400\/","name":"Recogedor de cable 2400 - Enrollador de cables de avi\u00f3n | ITW GSE","isPartOf":{"@id":"https:\/\/itwgse.com.bluebird.pw\/#website"},"primaryImageOfPage":{"@id":"https:\/\/itwgse.com.bluebird.pw\/es\/productos\/potencia\/recogedor-de-cable-itw-gse-2400\/#primaryimage"},"image":{"@id":"https:\/\/itwgse.com.bluebird.pw\/es\/productos\/potencia\/recogedor-de-cable-itw-gse-2400\/#primaryimage"},"thumbnailUrl":"https:\/\/itwgse.com.bluebird.pw\/wp-content\/uploads\/2018\/03\/2400-ACR.png","datePublished":"2020-02-25T07:31:19+00:00","dateModified":"2023-04-21T07:18:50+00:00","description":"Recogedor de cable ITW GSE 2400 se puede conectar a cualquier fuente de 400Hz. El Recogedor de cable ITW GSE 2400 es la soluci\u00f3n \u00f3ptima.","breadcrumb":{"@id":"https:\/\/itwgse.com.bluebird.pw\/es\/productos\/potencia\/recogedor-de-cable-itw-gse-2400\/#breadcrumb"},"inLanguage":"es","potentialAction":[{"@type":"ReadAction","target":["https:\/\/itwgse.com.bluebird.pw\/es\/productos\/potencia\/recogedor-de-cable-itw-gse-2400\/"]}]},{"@type":"ImageObject","inLanguage":"es","@id":"https:\/\/itwgse.com.bluebird.pw\/es\/productos\/potencia\/recogedor-de-cable-itw-gse-2400\/#primaryimage","url":"https:\/\/itwgse.com.bluebird.pw\/wp-content\/uploads\/2018\/03\/2400-ACR.png","contentUrl":"https:\/\/itwgse.com.bluebird.pw\/wp-content\/uploads\/2018\/03\/2400-ACR.png","width":1853,"height":2007,"caption":"2400 ACR cable retriever"},{"@type":"BreadcrumbList","@id":"https:\/\/itwgse.com.bluebird.pw\/es\/productos\/potencia\/recogedor-de-cable-itw-gse-2400\/#breadcrumb","itemListElement":[{"@type":"ListItem","position":1,"name":"Home","item":"https:\/\/itwgse.com.bluebird.pw\/es\/"},{"@type":"ListItem","position":2,"name":"Recogedor de cable ITW\u00a0GSE\u00a02400"}]},{"@type":"WebSite","@id":"https:\/\/itwgse.com.bluebird.pw\/#website","url":"https:\/\/itwgse.com.bluebird.pw\/","name":"ITW GSE","description":"It&#039;s all about connections","publisher":{"@id":"https:\/\/itwgse.com.bluebird.pw\/#organization"},"potentialAction":[{"@type":"SearchAction","target":{"@type":"EntryPoint","urlTemplate":"https:\/\/itwgse.com.bluebird.pw\/?s={search_term_string}"},"query-input":{"@type":"PropertyValueSpecification","valueRequired":true,"valueName":"search_term_string"}}],"inLanguage":"es"},{"@type":"Organization","@id":"https:\/\/itwgse.com.bluebird.pw\/#organization","name":"ITW GSE","url":"https:\/\/itwgse.com.bluebird.pw\/","logo":{"@type":"ImageObject","inLanguage":"es","@id":"https:\/\/itwgse.com.bluebird.pw\/#\/schema\/logo\/image\/","url":"https:\/\/itwgse.com.bluebird.pw\/wp-content\/uploads\/2018\/11\/logo.png","contentUrl":"https:\/\/itwgse.com.bluebird.pw\/wp-content\/uploads\/2018\/11\/logo.png","width":302,"height":237,"caption":"ITW GSE"},"image":{"@id":"https:\/\/itwgse.com.bluebird.pw\/#\/schema\/logo\/image\/"},"sameAs":["https:\/\/www.facebook.com\/ITWGSE\/","https:\/\/www.linkedin.com\/company\/itw-gse\/","https:\/\/www.youtube.com\/channel\/UCTUIMvyaOPfYIqzP8enZ8yw"]}]}},"_links":{"self":[{"href":"https:\/\/itwgse.com.bluebird.pw\/es\/wp-json\/wp\/v2\/product\/8610","targetHints":{"allow":["GET"]}}],"collection":[{"href":"https:\/\/itwgse.com.bluebird.pw\/es\/wp-json\/wp\/v2\/product"}],"about":[{"href":"https:\/\/itwgse.com.bluebird.pw\/es\/wp-json\/wp\/v2\/types\/product"}],"replies":[{"embeddable":true,"href":"https:\/\/itwgse.com.bluebird.pw\/es\/wp-json\/wp\/v2\/comments?post=8610"}],"wp:featuredmedia":[{"embeddable":true,"href":"https:\/\/itwgse.com.bluebird.pw\/es\/wp-json\/wp\/v2\/media\/22603"}],"wp:attachment":[{"href":"https:\/\/itwgse.com.bluebird.pw\/es\/wp-json\/wp\/v2\/media?parent=8610"}],"wp:term":[{"taxonomy":"product_brand","embeddable":true,"href":"https:\/\/itwgse.com.bluebird.pw\/es\/wp-json\/wp\/v2\/product_brand?post=8610"},{"taxonomy":"product_cat","embeddable":true,"href":"https:\/\/itwgse.com.bluebird.pw\/es\/wp-json\/wp\/v2\/product_cat?post=8610"},{"taxonomy":"product_tag","embeddable":true,"href":"https:\/\/itwgse.com.bluebird.pw\/es\/wp-json\/wp\/v2\/product_tag?post=8610"}],"curies":[{"name":"wp","href":"https:\/\/api.w.org\/{rel}","templated":true}]}}