{"id":8614,"date":"2018-03-20T16:09:31","date_gmt":"2020-02-25T08:07:11","guid":{"rendered":"https:\/\/itwgse.com.bluebird.pw\/?post_type=product&#038;p=8614"},"modified":"2020-04-15T13:54:25","modified_gmt":"2020-04-15T11:54:25","slug":"gpu-itw-gse-2400-270-v-cc-400-hz","status":"publish","type":"product","link":"https:\/\/itwgse.com.bluebird.pw\/es\/productos\/potencia\/gpu-itw-gse-2400-270-v-cc-400-hz\/","title":{"rendered":"GPU\u00a0ITW GSE\u00a02400 \u2013 270\u00a0V\u00a0CC, 400\u00a0Hz"},"content":{"rendered":"<div id=\"pl-8614\"  class=\"panel-layout\" ><div id=\"pg-8614-0\"  class=\"panel-grid panel-no-style\" ><div id=\"pgc-8614-0-0\"  class=\"panel-grid-cell\" ><div id=\"panel-8614-0-0-0\" class=\"so-panel widget widget_mtt-cover-section panel-first-child panel-last-child\" data-index=\"0\" ><div\n\t\t\t\n\t\t\tclass=\"so-widget-mtt-cover-section so-widget-mtt-cover-section-base\"\n\t\t\t\n\t\t>\n<div class=\"mtt-cover-section-wrap product\">\n    <div class=\"mtt-cover-product-container\">\n        <div class=\"mtt-cover-section-text-wrap\">\n            <img decoding=\"async\" width=\"2000\" height=\"2473\" src=\"https:\/\/itwgse.com.bluebird.pw\/wp-content\/uploads\/2018\/03\/ITW-GSE-2400-270-VDC_v2.png\" class=\"cover-product\" alt=\"GPU ITW GSE 2400\" srcset=\"https:\/\/itwgse.com.bluebird.pw\/wp-content\/uploads\/2018\/03\/ITW-GSE-2400-270-VDC_v2.png 2000w, https:\/\/itwgse.com.bluebird.pw\/wp-content\/uploads\/2018\/03\/ITW-GSE-2400-270-VDC_v2-243x300.png 243w, https:\/\/itwgse.com.bluebird.pw\/wp-content\/uploads\/2018\/03\/ITW-GSE-2400-270-VDC_v2-828x1024.png 828w, https:\/\/itwgse.com.bluebird.pw\/wp-content\/uploads\/2018\/03\/ITW-GSE-2400-270-VDC_v2-202x250.png 202w, https:\/\/itwgse.com.bluebird.pw\/wp-content\/uploads\/2018\/03\/ITW-GSE-2400-270-VDC_v2-598x740.png 598w, https:\/\/itwgse.com.bluebird.pw\/wp-content\/uploads\/2018\/03\/ITW-GSE-2400-270-VDC_v2-425x525.png 425w, https:\/\/itwgse.com.bluebird.pw\/wp-content\/uploads\/2018\/03\/ITW-GSE-2400-270-VDC_v2-485x600.png 485w, https:\/\/itwgse.com.bluebird.pw\/wp-content\/uploads\/2018\/03\/ITW-GSE-2400-270-VDC_v2-600x742.png 600w\" sizes=\"(max-width: 2000px) 100vw, 2000px\" \/>            <div class=\"mtt-cover-section-text\">\n                                <span class=\"tagline\"><\/span>\n                <h1>GPU\u00a0ITW GSE\u00a02400 \u2013 270\u00a0V\u00a0CC, 400\u00a0Hz<\/h1>\n                <div class=\"text\"><p>El convertidor ITW GSE 2400 de 270 V CC, 400 Hz cumple y supera los estrictos requisitos de los sistemas de aeronaves m\u00e1s avanzados del mundo, incluidos los requisitos del F-35 y F-22.<\/p>\n<p>Este convertidor de 400 Hz ofrece una calidad de tensi\u00f3n \u00f3ptima en el conector de la aeronave, gracias al sistema patentado Plug &amp; Play de ITW GSE.<\/p>\n<p>Para obtener m\u00e1s informaci\u00f3n sobre el sistema\u00a0<a href=\"http:\/\/plug-play\">Plug &amp; Play<\/a>.<\/p>\n<p><a href=\"https:\/\/itwgse.com.bluebird.pw\/products\/cables\/270-vdc-low-inductance-ground-power-cable\/\">Cables<\/a>:\u00a0consulte nuestros cables de baja inducci\u00f3n<\/p>\n<\/div>\n                <input type=\"hidden\" name=\"product\" value=\"8614\">\n\n                    <div class=\"button-wrap\">\n                        <a class=\"button mtt-support-box modal\" data-flow=\"request-quotation\" data-template=\"request-form\"\n                           data-product_id=\"8614\" data-previous_no_pagination=\"true\">Solicitar Producto<\/a>\n\n                                            <\/div>\n\n            <\/div>\n        <\/div>\n    <\/div>\n    <div class=\"mtt-cover-product-background\" style=\"background-image: url(https:\/\/itwgse.com.bluebird.pw\/wp-content\/uploads\/2018\/03\/miltary_header.jpg)\">\n                <div class=\"mtt-cover-product-background-image\">\n                            <img decoding=\"async\" src=\"https:\/\/itwgse.com.bluebird.pw\/wp-content\/uploads\/2018\/03\/miltary_header.jpg\" alt=\"fighter jet about to take off\" class=\"product-background\">\n                        <img decoding=\"async\"  src=\"https:\/\/itwgse.com.bluebird.pw\/wp-content\/themes\/itwgse\/assets\/img\/cover\/itwgse_cut_wide.svg\" class=\"itwgse-cut\">        <\/div>\n\n        <div class=\"mtt-cover-product small\">\n            <img decoding=\"async\" width=\"598\" height=\"740\" src=\"https:\/\/itwgse.com.bluebird.pw\/wp-content\/uploads\/2018\/03\/ITW-GSE-2400-270-VDC_v2-598x740.png\" class=\"attachment-1200x740x size-1200x740x\" alt=\"ITW GSE 2400 270 VDC, 400 HZ GPU\" srcset=\"https:\/\/itwgse.com.bluebird.pw\/wp-content\/uploads\/2018\/03\/ITW-GSE-2400-270-VDC_v2-598x740.png 598w, https:\/\/itwgse.com.bluebird.pw\/wp-content\/uploads\/2018\/03\/ITW-GSE-2400-270-VDC_v2-243x300.png 243w, https:\/\/itwgse.com.bluebird.pw\/wp-content\/uploads\/2018\/03\/ITW-GSE-2400-270-VDC_v2-828x1024.png 828w, https:\/\/itwgse.com.bluebird.pw\/wp-content\/uploads\/2018\/03\/ITW-GSE-2400-270-VDC_v2-202x250.png 202w, https:\/\/itwgse.com.bluebird.pw\/wp-content\/uploads\/2018\/03\/ITW-GSE-2400-270-VDC_v2-425x525.png 425w, https:\/\/itwgse.com.bluebird.pw\/wp-content\/uploads\/2018\/03\/ITW-GSE-2400-270-VDC_v2-485x600.png 485w, https:\/\/itwgse.com.bluebird.pw\/wp-content\/uploads\/2018\/03\/ITW-GSE-2400-270-VDC_v2-300x371.png 300w, https:\/\/itwgse.com.bluebird.pw\/wp-content\/uploads\/2018\/03\/ITW-GSE-2400-270-VDC_v2-121x150.png 121w, https:\/\/itwgse.com.bluebird.pw\/wp-content\/uploads\/2018\/03\/ITW-GSE-2400-270-VDC_v2-291x360.png 291w, https:\/\/itwgse.com.bluebird.pw\/wp-content\/uploads\/2018\/03\/ITW-GSE-2400-270-VDC_v2-768x950.png 768w, https:\/\/itwgse.com.bluebird.pw\/wp-content\/uploads\/2018\/03\/ITW-GSE-2400-270-VDC_v2-600x742.png 600w, https:\/\/itwgse.com.bluebird.pw\/wp-content\/uploads\/2018\/03\/ITW-GSE-2400-270-VDC_v2.png 2000w\" sizes=\"(max-width: 598px) 100vw, 598px\" \/>        <\/div>\n    <\/div>\n<\/div><\/div><\/div><\/div><\/div><div id=\"pg-8614-1\"  class=\"panel-grid panel-no-style\" ><div id=\"pgc-8614-1-0\"  class=\"panel-grid-cell\" ><div id=\"panel-8614-1-0-0\" class=\"so-panel widget widget_mtt-two-col-text panel-first-child panel-last-child\" data-index=\"1\" ><div\n\t\t\t\n\t\t\tclass=\"so-widget-mtt-two-col-text so-widget-mtt-two-col-text-base\"\n\t\t\t\n\t\t>\n<div class=\"mtt-two-col-wrapper\">\n    <div class=\"mtt-two-col-container\">\n        <div class=\"mtt-two-col-content has-title\">\n                            <h2>\u00bfPor qu\u00e9 elegir este convertidor de frecuencia?<\/h2>\n                        <div class=\"text-section\">\n                <div class=\"col formatted_content\"><p>El nuevo convertidor GPU ITW GSE 2400 combina nuestra red de asistencia mundial con nuestros muchos a\u00f1os de experiencia en el suministro de tecnolog\u00eda de vanguardia de 400 Hz y 270 V CC a la industria aeron\u00e1utica militar. El convertidor tiene un dise\u00f1o modular. Es muy compacto y ocupa poco espacio. \u00a1En realidad, es el m\u00e1s peque\u00f1o de la industria! Puede montarlo f\u00e1cilmente a lo largo de la pared sin obstaculizar los carriles de seguridad. Sin lugar a dudas, una opci\u00f3n segura para su aplicaci\u00f3n militar.<\/p>\n<\/div>\n                <div class=\"col formatted_content\"><p><strong>MODELOS DISPONIBLES<\/strong><\/p>\n<p>La unidad de 270 V CC est\u00e1 disponible en las siguientes versiones<\/p>\n<ul>\n<li>unidad fija con salida simple o doble<\/li>\n<li>unidad m\u00f3vil con salida simple o doble<\/li>\n<\/ul>\n<p>Consulte el cat\u00e1logo para ver los esquemas y especificaciones correspondientes.<\/p>\n                                    <\/div>\n            <\/div>\n                    <\/div>\n    <\/div>\n<\/div><\/div><\/div><\/div><\/div><div id=\"pg-8614-2\"  class=\"panel-grid panel-no-style\" ><div id=\"pgc-8614-2-0\"  class=\"panel-grid-cell\" ><div id=\"panel-8614-2-0-0\" class=\"so-panel widget widget_mtt-product-files panel-first-child panel-last-child\" data-index=\"2\" ><div\n\t\t\t\n\t\t\tclass=\"so-widget-mtt-product-files so-widget-mtt-product-files-base\"\n\t\t\t\n\t\t>    <div class=\"product-files-wrapper no-top-padding\">\n        <div class=\"page_container\">\n            <h2>Download para GPU\u00a0ITW GSE\u00a02400 \u2013 270\u00a0V\u00a0CC, 400\u00a0Hz<\/h2>\n            <div class=\"button-wrap\">\n                                                            <a\n                            class=\"button open-modal\"\n                            href=\"#\"\n                            data-id=\"61c9ef6c-5b63-4174-a78b-1302680a42ff\"\n                        >\n                            Cat\u00e1logo                        <\/a>\n                                                                        <\/div>\n        <\/div>\n    <\/div>\n    <\/div><\/div><\/div><\/div><\/div>","protected":false},"excerpt":{"rendered":"<p>El convertidor ITW GSE 2400 de 270 V CC, 400 Hz cumple y supera los estrictos requisitos de los sistemas de aeronaves m\u00e1s avanzados del mundo, incluidos los requisitos del F-35 y F-22.<\/p>\n","protected":false},"featured_media":10324,"comment_status":"open","ping_status":"closed","template":"","meta":{"_acf_changed":false,"_relevanssi_hide_post":"","_relevanssi_hide_content":"","_relevanssi_pin_for_all":"","_relevanssi_pin_keywords":"","_relevanssi_unpin_keywords":"","_relevanssi_related_keywords":"","_relevanssi_related_include_ids":"","_relevanssi_related_exclude_ids":"","_relevanssi_related_no_append":"","_relevanssi_related_not_related":"","_relevanssi_related_posts":"","_relevanssi_noindex_reason":""},"product_brand":[],"product_cat":[4466,4467,3589],"product_tag":[],"class_list":{"0":"post-8614","1":"product","2":"type-product","3":"status-publish","4":"has-post-thumbnail","6":"product_cat-brochure-catalog-es","7":"product_cat-military-products-es","8":"product_cat-potencia","10":"first","11":"instock","12":"shipping-taxable","13":"purchasable","14":"product-type-simple"},"acf":[],"yoast_head":"<!-- This site is optimized with the Yoast SEO plugin v27.0 - https:\/\/yoast.com\/product\/yoast-seo-wordpress\/ -->\n<title>GPU ITW GSE 2400 - La GPU de 270 V CC y 400 Hz | ITW GSE<\/title>\n<meta name=\"description\" content=\"La GPU ITW GSE 2400 270 V CC, 400 Hz cumple y supera los estrictos requisitos de los sistemas de aeronaves m\u00e1s avanzados del mundo, incluidos F-35 y F-22.\" \/>\n<meta name=\"robots\" content=\"noindex, follow, max-snippet:-1, max-image-preview:large, max-video-preview:-1\" \/>\n<meta property=\"og:locale\" content=\"es_ES\" \/>\n<meta property=\"og:type\" content=\"article\" \/>\n<meta property=\"og:title\" content=\"GPU ITW GSE 2400 - La GPU de 270 V CC y 400 Hz | ITW GSE\" \/>\n<meta property=\"og:description\" content=\"La GPU ITW GSE 2400 270 V CC, 400 Hz cumple y supera los estrictos requisitos de los sistemas de aeronaves m\u00e1s avanzados del mundo, incluidos F-35 y F-22.\" \/>\n<meta property=\"og:url\" content=\"https:\/\/itwgse.com.bluebird.pw\/es\/productos\/potencia\/gpu-itw-gse-2400-270-v-cc-400-hz\/\" \/>\n<meta property=\"og:site_name\" content=\"ITW GSE\" \/>\n<meta property=\"article:publisher\" content=\"https:\/\/www.facebook.com\/ITWGSE\/\" \/>\n<meta property=\"article:modified_time\" content=\"2020-04-15T11:54:25+00:00\" \/>\n<meta property=\"og:image\" content=\"https:\/\/itwgse.com.bluebird.pw\/wp-content\/uploads\/2018\/03\/ITW-GSE-2400-270-VDC_v2.png\" \/>\n\t<meta property=\"og:image:width\" content=\"2000\" \/>\n\t<meta property=\"og:image:height\" content=\"2473\" \/>\n\t<meta property=\"og:image:type\" content=\"image\/png\" \/>\n<meta name=\"twitter:card\" content=\"summary_large_image\" \/>\n<script type=\"application\/ld+json\" class=\"yoast-schema-graph\">{\"@context\":\"https:\/\/schema.org\",\"@graph\":[{\"@type\":\"WebPage\",\"@id\":\"https:\/\/itwgse.com.bluebird.pw\/es\/productos\/potencia\/gpu-itw-gse-2400-270-v-cc-400-hz\/\",\"url\":\"https:\/\/itwgse.com.bluebird.pw\/es\/productos\/potencia\/gpu-itw-gse-2400-270-v-cc-400-hz\/\",\"name\":\"GPU ITW GSE 2400 - La GPU de 270 V CC y 400 Hz | ITW GSE\",\"isPartOf\":{\"@id\":\"https:\/\/itwgse.com.bluebird.pw\/#website\"},\"primaryImageOfPage\":{\"@id\":\"https:\/\/itwgse.com.bluebird.pw\/es\/productos\/potencia\/gpu-itw-gse-2400-270-v-cc-400-hz\/#primaryimage\"},\"image\":{\"@id\":\"https:\/\/itwgse.com.bluebird.pw\/es\/productos\/potencia\/gpu-itw-gse-2400-270-v-cc-400-hz\/#primaryimage\"},\"thumbnailUrl\":\"https:\/\/itwgse.com.bluebird.pw\/wp-content\/uploads\/2018\/03\/ITW-GSE-2400-270-VDC_v2.png\",\"datePublished\":\"2020-02-25T08:07:11+00:00\",\"dateModified\":\"2020-04-15T11:54:25+00:00\",\"description\":\"La GPU ITW GSE 2400 270 V CC, 400 Hz cumple y supera los estrictos requisitos de los sistemas de aeronaves m\u00e1s avanzados del mundo, incluidos F-35 y F-22.\",\"breadcrumb\":{\"@id\":\"https:\/\/itwgse.com.bluebird.pw\/es\/productos\/potencia\/gpu-itw-gse-2400-270-v-cc-400-hz\/#breadcrumb\"},\"inLanguage\":\"es\",\"potentialAction\":[{\"@type\":\"ReadAction\",\"target\":[\"https:\/\/itwgse.com.bluebird.pw\/es\/productos\/potencia\/gpu-itw-gse-2400-270-v-cc-400-hz\/\"]}]},{\"@type\":\"ImageObject\",\"inLanguage\":\"es\",\"@id\":\"https:\/\/itwgse.com.bluebird.pw\/es\/productos\/potencia\/gpu-itw-gse-2400-270-v-cc-400-hz\/#primaryimage\",\"url\":\"https:\/\/itwgse.com.bluebird.pw\/wp-content\/uploads\/2018\/03\/ITW-GSE-2400-270-VDC_v2.png\",\"contentUrl\":\"https:\/\/itwgse.com.bluebird.pw\/wp-content\/uploads\/2018\/03\/ITW-GSE-2400-270-VDC_v2.png\",\"width\":2000,\"height\":2473,\"caption\":\"ITW GSE 400 Hz Ground Power unit for military applications\"},{\"@type\":\"BreadcrumbList\",\"@id\":\"https:\/\/itwgse.com.bluebird.pw\/es\/productos\/potencia\/gpu-itw-gse-2400-270-v-cc-400-hz\/#breadcrumb\",\"itemListElement\":[{\"@type\":\"ListItem\",\"position\":1,\"name\":\"Home\",\"item\":\"https:\/\/itwgse.com.bluebird.pw\/es\/\"},{\"@type\":\"ListItem\",\"position\":2,\"name\":\"GPU\u00a0ITW GSE\u00a02400 \u2013 270\u00a0V\u00a0CC, 400\u00a0Hz\"}]},{\"@type\":\"WebSite\",\"@id\":\"https:\/\/itwgse.com.bluebird.pw\/#website\",\"url\":\"https:\/\/itwgse.com.bluebird.pw\/\",\"name\":\"ITW GSE\",\"description\":\"It&#039;s all about connections\",\"publisher\":{\"@id\":\"https:\/\/itwgse.com.bluebird.pw\/#organization\"},\"potentialAction\":[{\"@type\":\"SearchAction\",\"target\":{\"@type\":\"EntryPoint\",\"urlTemplate\":\"https:\/\/itwgse.com.bluebird.pw\/?s={search_term_string}\"},\"query-input\":{\"@type\":\"PropertyValueSpecification\",\"valueRequired\":true,\"valueName\":\"search_term_string\"}}],\"inLanguage\":\"es\"},{\"@type\":\"Organization\",\"@id\":\"https:\/\/itwgse.com.bluebird.pw\/#organization\",\"name\":\"ITW GSE\",\"url\":\"https:\/\/itwgse.com.bluebird.pw\/\",\"logo\":{\"@type\":\"ImageObject\",\"inLanguage\":\"es\",\"@id\":\"https:\/\/itwgse.com.bluebird.pw\/#\/schema\/logo\/image\/\",\"url\":\"https:\/\/itwgse.com.bluebird.pw\/wp-content\/uploads\/2018\/11\/logo.png\",\"contentUrl\":\"https:\/\/itwgse.com.bluebird.pw\/wp-content\/uploads\/2018\/11\/logo.png\",\"width\":302,\"height\":237,\"caption\":\"ITW GSE\"},\"image\":{\"@id\":\"https:\/\/itwgse.com.bluebird.pw\/#\/schema\/logo\/image\/\"},\"sameAs\":[\"https:\/\/www.facebook.com\/ITWGSE\/\",\"https:\/\/www.linkedin.com\/company\/itw-gse\/\",\"https:\/\/www.youtube.com\/channel\/UCTUIMvyaOPfYIqzP8enZ8yw\"]}]}<\/script>\n<!-- \/ Yoast SEO plugin. -->","yoast_head_json":{"title":"GPU ITW GSE 2400 - La GPU de 270 V CC y 400 Hz | ITW GSE","description":"La GPU ITW GSE 2400 270 V CC, 400 Hz cumple y supera los estrictos requisitos de los sistemas de aeronaves m\u00e1s avanzados del mundo, incluidos F-35 y F-22.","robots":{"index":"noindex","follow":"follow","max-snippet":"max-snippet:-1","max-image-preview":"max-image-preview:large","max-video-preview":"max-video-preview:-1"},"og_locale":"es_ES","og_type":"article","og_title":"GPU ITW GSE 2400 - La GPU de 270 V CC y 400 Hz | ITW GSE","og_description":"La GPU ITW GSE 2400 270 V CC, 400 Hz cumple y supera los estrictos requisitos de los sistemas de aeronaves m\u00e1s avanzados del mundo, incluidos F-35 y F-22.","og_url":"https:\/\/itwgse.com.bluebird.pw\/es\/productos\/potencia\/gpu-itw-gse-2400-270-v-cc-400-hz\/","og_site_name":"ITW GSE","article_publisher":"https:\/\/www.facebook.com\/ITWGSE\/","article_modified_time":"2020-04-15T11:54:25+00:00","og_image":[{"width":2000,"height":2473,"url":"https:\/\/itwgse.com.bluebird.pw\/wp-content\/uploads\/2018\/03\/ITW-GSE-2400-270-VDC_v2.png","type":"image\/png"}],"twitter_card":"summary_large_image","schema":{"@context":"https:\/\/schema.org","@graph":[{"@type":"WebPage","@id":"https:\/\/itwgse.com.bluebird.pw\/es\/productos\/potencia\/gpu-itw-gse-2400-270-v-cc-400-hz\/","url":"https:\/\/itwgse.com.bluebird.pw\/es\/productos\/potencia\/gpu-itw-gse-2400-270-v-cc-400-hz\/","name":"GPU ITW GSE 2400 - La GPU de 270 V CC y 400 Hz | ITW GSE","isPartOf":{"@id":"https:\/\/itwgse.com.bluebird.pw\/#website"},"primaryImageOfPage":{"@id":"https:\/\/itwgse.com.bluebird.pw\/es\/productos\/potencia\/gpu-itw-gse-2400-270-v-cc-400-hz\/#primaryimage"},"image":{"@id":"https:\/\/itwgse.com.bluebird.pw\/es\/productos\/potencia\/gpu-itw-gse-2400-270-v-cc-400-hz\/#primaryimage"},"thumbnailUrl":"https:\/\/itwgse.com.bluebird.pw\/wp-content\/uploads\/2018\/03\/ITW-GSE-2400-270-VDC_v2.png","datePublished":"2020-02-25T08:07:11+00:00","dateModified":"2020-04-15T11:54:25+00:00","description":"La GPU ITW GSE 2400 270 V CC, 400 Hz cumple y supera los estrictos requisitos de los sistemas de aeronaves m\u00e1s avanzados del mundo, incluidos F-35 y F-22.","breadcrumb":{"@id":"https:\/\/itwgse.com.bluebird.pw\/es\/productos\/potencia\/gpu-itw-gse-2400-270-v-cc-400-hz\/#breadcrumb"},"inLanguage":"es","potentialAction":[{"@type":"ReadAction","target":["https:\/\/itwgse.com.bluebird.pw\/es\/productos\/potencia\/gpu-itw-gse-2400-270-v-cc-400-hz\/"]}]},{"@type":"ImageObject","inLanguage":"es","@id":"https:\/\/itwgse.com.bluebird.pw\/es\/productos\/potencia\/gpu-itw-gse-2400-270-v-cc-400-hz\/#primaryimage","url":"https:\/\/itwgse.com.bluebird.pw\/wp-content\/uploads\/2018\/03\/ITW-GSE-2400-270-VDC_v2.png","contentUrl":"https:\/\/itwgse.com.bluebird.pw\/wp-content\/uploads\/2018\/03\/ITW-GSE-2400-270-VDC_v2.png","width":2000,"height":2473,"caption":"ITW GSE 400 Hz Ground Power unit for military applications"},{"@type":"BreadcrumbList","@id":"https:\/\/itwgse.com.bluebird.pw\/es\/productos\/potencia\/gpu-itw-gse-2400-270-v-cc-400-hz\/#breadcrumb","itemListElement":[{"@type":"ListItem","position":1,"name":"Home","item":"https:\/\/itwgse.com.bluebird.pw\/es\/"},{"@type":"ListItem","position":2,"name":"GPU\u00a0ITW GSE\u00a02400 \u2013 270\u00a0V\u00a0CC, 400\u00a0Hz"}]},{"@type":"WebSite","@id":"https:\/\/itwgse.com.bluebird.pw\/#website","url":"https:\/\/itwgse.com.bluebird.pw\/","name":"ITW GSE","description":"It&#039;s all about connections","publisher":{"@id":"https:\/\/itwgse.com.bluebird.pw\/#organization"},"potentialAction":[{"@type":"SearchAction","target":{"@type":"EntryPoint","urlTemplate":"https:\/\/itwgse.com.bluebird.pw\/?s={search_term_string}"},"query-input":{"@type":"PropertyValueSpecification","valueRequired":true,"valueName":"search_term_string"}}],"inLanguage":"es"},{"@type":"Organization","@id":"https:\/\/itwgse.com.bluebird.pw\/#organization","name":"ITW GSE","url":"https:\/\/itwgse.com.bluebird.pw\/","logo":{"@type":"ImageObject","inLanguage":"es","@id":"https:\/\/itwgse.com.bluebird.pw\/#\/schema\/logo\/image\/","url":"https:\/\/itwgse.com.bluebird.pw\/wp-content\/uploads\/2018\/11\/logo.png","contentUrl":"https:\/\/itwgse.com.bluebird.pw\/wp-content\/uploads\/2018\/11\/logo.png","width":302,"height":237,"caption":"ITW GSE"},"image":{"@id":"https:\/\/itwgse.com.bluebird.pw\/#\/schema\/logo\/image\/"},"sameAs":["https:\/\/www.facebook.com\/ITWGSE\/","https:\/\/www.linkedin.com\/company\/itw-gse\/","https:\/\/www.youtube.com\/channel\/UCTUIMvyaOPfYIqzP8enZ8yw"]}]}},"_links":{"self":[{"href":"https:\/\/itwgse.com.bluebird.pw\/es\/wp-json\/wp\/v2\/product\/8614","targetHints":{"allow":["GET"]}}],"collection":[{"href":"https:\/\/itwgse.com.bluebird.pw\/es\/wp-json\/wp\/v2\/product"}],"about":[{"href":"https:\/\/itwgse.com.bluebird.pw\/es\/wp-json\/wp\/v2\/types\/product"}],"replies":[{"embeddable":true,"href":"https:\/\/itwgse.com.bluebird.pw\/es\/wp-json\/wp\/v2\/comments?post=8614"}],"wp:featuredmedia":[{"embeddable":true,"href":"https:\/\/itwgse.com.bluebird.pw\/es\/wp-json\/wp\/v2\/media\/10324"}],"wp:attachment":[{"href":"https:\/\/itwgse.com.bluebird.pw\/es\/wp-json\/wp\/v2\/media?parent=8614"}],"wp:term":[{"taxonomy":"product_brand","embeddable":true,"href":"https:\/\/itwgse.com.bluebird.pw\/es\/wp-json\/wp\/v2\/product_brand?post=8614"},{"taxonomy":"product_cat","embeddable":true,"href":"https:\/\/itwgse.com.bluebird.pw\/es\/wp-json\/wp\/v2\/product_cat?post=8614"},{"taxonomy":"product_tag","embeddable":true,"href":"https:\/\/itwgse.com.bluebird.pw\/es\/wp-json\/wp\/v2\/product_tag?post=8614"}],"curies":[{"name":"wp","href":"https:\/\/api.w.org\/{rel}","templated":true}]}}